{"id":17297,"date":"2025-07-14T16:57:56","date_gmt":"2025-07-14T11:57:56","guid":{"rendered":"https:\/\/turkmenexporter.com\/product\/banera-exenta-bora\/"},"modified":"2025-07-16T13:29:53","modified_gmt":"2025-07-16T08:29:53","slug":"banera-exenta-bora","status":"publish","type":"product","link":"https:\/\/turkmenexporter.com\/es\/producto\/banera-exenta-bora\/","title":{"rendered":"Ba\u00f1era exenta Bora"},"content":{"rendered":"<p>Elegante y duradera, la ba\u00f1era exenta Pietra Bianca \u00abBora\u00bb est\u00e1 fabricada con material Durastone de alta calidad. Con sus suaves curvas y su dise\u00f1o moderno, es la pieza central perfecta para ba\u00f1os de lujo. <\/p>\n","protected":false},"excerpt":{"rendered":"<p>Ba\u00f1era depiedra blanca<\/p>\n<p>Material: Durastone<\/p>\n","protected":false},"featured_media":16980,"comment_status":"open","ping_status":"closed","template":"","meta":{"_acf_changed":false},"brand":[1300],"product_cat":[1302],"product_tag":[],"class_list":{"0":"post-17297","1":"product","2":"type-product","3":"status-publish","4":"has-post-thumbnail","6":"brand-pietra-bianca-es","7":"product_cat-accesorios-debano","9":"first","10":"instock","11":"shipping-taxable","12":"purchasable","13":"product-type-variable","14":"has-default-attributes"},"acf":[],"_links":{"self":[{"href":"https:\/\/turkmenexporter.com\/es\/wp-json\/wp\/v2\/product\/17297","targetHints":{"allow":["GET"]}}],"collection":[{"href":"https:\/\/turkmenexporter.com\/es\/wp-json\/wp\/v2\/product"}],"about":[{"href":"https:\/\/turkmenexporter.com\/es\/wp-json\/wp\/v2\/types\/product"}],"replies":[{"embeddable":true,"href":"https:\/\/turkmenexporter.com\/es\/wp-json\/wp\/v2\/comments?post=17297"}],"version-history":[{"count":1,"href":"https:\/\/turkmenexporter.com\/es\/wp-json\/wp\/v2\/product\/17297\/revisions"}],"predecessor-version":[{"id":17823,"href":"https:\/\/turkmenexporter.com\/es\/wp-json\/wp\/v2\/product\/17297\/revisions\/17823"}],"wp:featuredmedia":[{"embeddable":true,"href":"https:\/\/turkmenexporter.com\/es\/wp-json\/wp\/v2\/media\/16980"}],"wp:attachment":[{"href":"https:\/\/turkmenexporter.com\/es\/wp-json\/wp\/v2\/media?parent=17297"}],"wp:term":[{"taxonomy":"brand","embeddable":true,"href":"https:\/\/turkmenexporter.com\/es\/wp-json\/wp\/v2\/brand?post=17297"},{"taxonomy":"product_cat","embeddable":true,"href":"https:\/\/turkmenexporter.com\/es\/wp-json\/wp\/v2\/product_cat?post=17297"},{"taxonomy":"product_tag","embeddable":true,"href":"https:\/\/turkmenexporter.com\/es\/wp-json\/wp\/v2\/product_tag?post=17297"}],"curies":[{"name":"wp","href":"https:\/\/api.w.org\/{rel}","templated":true}]}}