{"id":17304,"date":"2025-07-14T16:57:56","date_gmt":"2025-07-14T11:57:56","guid":{"rendered":"https:\/\/turkmenexporter.com\/product\/banera-exenta-maria\/"},"modified":"2025-07-16T13:30:15","modified_gmt":"2025-07-16T08:30:15","slug":"banera-exenta-maria","status":"publish","type":"product","link":"https:\/\/turkmenexporter.com\/es\/producto\/banera-exenta-maria\/","title":{"rendered":"Ba\u00f1era independiente Maria"},"content":{"rendered":"<p>Elegante y duradera, la ba\u00f1era independiente Pietra Bianca \u00abMaria\u00bb est\u00e1 fabricada con material Durastone de alta calidad. Con sus suaves curvas y su moderno dise\u00f1o, es la pieza central perfecta para ba\u00f1os de lujo. <\/p>\n","protected":false},"excerpt":{"rendered":"<p>Ba\u00f1era de piedra blanca<\/p>\n<p>Material: Durastone<\/p>\n","protected":false},"featured_media":17022,"comment_status":"open","ping_status":"closed","template":"","meta":{"_acf_changed":false},"brand":[1300],"product_cat":[1302],"product_tag":[],"class_list":{"0":"post-17304","1":"product","2":"type-product","3":"status-publish","4":"has-post-thumbnail","6":"brand-pietra-bianca-es","7":"product_cat-accesorios-debano","9":"first","10":"instock","11":"shipping-taxable","12":"purchasable","13":"product-type-variable"},"acf":[],"_links":{"self":[{"href":"https:\/\/turkmenexporter.com\/es\/wp-json\/wp\/v2\/product\/17304","targetHints":{"allow":["GET"]}}],"collection":[{"href":"https:\/\/turkmenexporter.com\/es\/wp-json\/wp\/v2\/product"}],"about":[{"href":"https:\/\/turkmenexporter.com\/es\/wp-json\/wp\/v2\/types\/product"}],"replies":[{"embeddable":true,"href":"https:\/\/turkmenexporter.com\/es\/wp-json\/wp\/v2\/comments?post=17304"}],"version-history":[{"count":1,"href":"https:\/\/turkmenexporter.com\/es\/wp-json\/wp\/v2\/product\/17304\/revisions"}],"predecessor-version":[{"id":17825,"href":"https:\/\/turkmenexporter.com\/es\/wp-json\/wp\/v2\/product\/17304\/revisions\/17825"}],"wp:featuredmedia":[{"embeddable":true,"href":"https:\/\/turkmenexporter.com\/es\/wp-json\/wp\/v2\/media\/17022"}],"wp:attachment":[{"href":"https:\/\/turkmenexporter.com\/es\/wp-json\/wp\/v2\/media?parent=17304"}],"wp:term":[{"taxonomy":"brand","embeddable":true,"href":"https:\/\/turkmenexporter.com\/es\/wp-json\/wp\/v2\/brand?post=17304"},{"taxonomy":"product_cat","embeddable":true,"href":"https:\/\/turkmenexporter.com\/es\/wp-json\/wp\/v2\/product_cat?post=17304"},{"taxonomy":"product_tag","embeddable":true,"href":"https:\/\/turkmenexporter.com\/es\/wp-json\/wp\/v2\/product_tag?post=17304"}],"curies":[{"name":"wp","href":"https:\/\/api.w.org\/{rel}","templated":true}]}}