{"id":17460,"date":"2025-07-15T14:39:49","date_gmt":"2025-07-15T09:39:49","guid":{"rendered":"https:\/\/turkmenexporter.com\/product\/lavabo-independiente-unico\/"},"modified":"2025-07-16T13:24:44","modified_gmt":"2025-07-16T08:24:44","slug":"lavabo-independiente-unico","status":"publish","type":"product","link":"https:\/\/turkmenexporter.com\/es\/producto\/lavabo-independiente-unico\/","title":{"rendered":"Lavabo independiente Unique"},"content":{"rendered":"<p>Moderno y compacto, el lavabo independiente Pietra Bianca \u00abUnique\u00bb est\u00e1 fabricado en Durastone duradero con un suave acabado mate. Con l\u00edneas limpias y una atrevida forma geom\u00e9trica, encaja perfectamente en interiores minimalistas y de lujo. Dimensiones: 530x380x900 mm. Peso: 53 kg.   <\/p>\n","protected":false},"excerpt":{"rendered":"<p>Lavabode piedra blanca<\/p>\n<p>Material: Durastone<\/p>\n<p>Peso: 53 kg<\/p>\n<p>Tama\u00f1o: 530x380x900<\/p>\n","protected":false},"featured_media":17395,"comment_status":"open","ping_status":"closed","template":"","meta":{"_acf_changed":false},"brand":[1300],"product_cat":[1302],"product_tag":[],"class_list":{"0":"post-17460","1":"product","2":"type-product","3":"status-publish","4":"has-post-thumbnail","6":"brand-pietra-bianca-es","7":"product_cat-accesorios-debano","9":"first","10":"instock","11":"shipping-taxable","12":"purchasable","13":"product-type-simple"},"acf":[],"_links":{"self":[{"href":"https:\/\/turkmenexporter.com\/es\/wp-json\/wp\/v2\/product\/17460","targetHints":{"allow":["GET"]}}],"collection":[{"href":"https:\/\/turkmenexporter.com\/es\/wp-json\/wp\/v2\/product"}],"about":[{"href":"https:\/\/turkmenexporter.com\/es\/wp-json\/wp\/v2\/types\/product"}],"replies":[{"embeddable":true,"href":"https:\/\/turkmenexporter.com\/es\/wp-json\/wp\/v2\/comments?post=17460"}],"version-history":[{"count":1,"href":"https:\/\/turkmenexporter.com\/es\/wp-json\/wp\/v2\/product\/17460\/revisions"}],"predecessor-version":[{"id":17806,"href":"https:\/\/turkmenexporter.com\/es\/wp-json\/wp\/v2\/product\/17460\/revisions\/17806"}],"wp:featuredmedia":[{"embeddable":true,"href":"https:\/\/turkmenexporter.com\/es\/wp-json\/wp\/v2\/media\/17395"}],"wp:attachment":[{"href":"https:\/\/turkmenexporter.com\/es\/wp-json\/wp\/v2\/media?parent=17460"}],"wp:term":[{"taxonomy":"brand","embeddable":true,"href":"https:\/\/turkmenexporter.com\/es\/wp-json\/wp\/v2\/brand?post=17460"},{"taxonomy":"product_cat","embeddable":true,"href":"https:\/\/turkmenexporter.com\/es\/wp-json\/wp\/v2\/product_cat?post=17460"},{"taxonomy":"product_tag","embeddable":true,"href":"https:\/\/turkmenexporter.com\/es\/wp-json\/wp\/v2\/product_tag?post=17460"}],"curies":[{"name":"wp","href":"https:\/\/api.w.org\/{rel}","templated":true}]}}