{"id":17462,"date":"2025-07-15T14:39:48","date_gmt":"2025-07-15T09:39:48","guid":{"rendered":"https:\/\/turkmenexporter.com\/product\/cube-lavabo-independiente\/"},"modified":"2025-07-16T13:31:18","modified_gmt":"2025-07-16T08:31:18","slug":"cube-lavabo-independiente","status":"publish","type":"product","link":"https:\/\/turkmenexporter.com\/es\/producto\/cube-lavabo-independiente\/","title":{"rendered":"Lavabo independiente Cube"},"content":{"rendered":"<p>Moderno y compacto, el lavabo independiente \u00abCube\u00bb de Pietra Bianca est\u00e1 fabricado en Durastone duradero con un suave acabado mate. Con l\u00edneas limpias y una atrevida forma geom\u00e9trica, encaja perfectamente en interiores minimalistas y de lujo. Dimensiones: 600\u00d7420\u00d7900 mm. Peso: 60 kg.   <\/p>\n","protected":false},"excerpt":{"rendered":"<p>Lavabo de piedra blanca<\/p>\n<p>Material: Durastone<\/p>\n<p>Peso: 60 kg<\/p>\n<p>Tama\u00f1o: 600x420x900 <\/p>\n","protected":false},"featured_media":17353,"comment_status":"open","ping_status":"closed","template":"","meta":{"_acf_changed":false},"brand":[1300],"product_cat":[1302],"product_tag":[],"class_list":{"0":"post-17462","1":"product","2":"type-product","3":"status-publish","4":"has-post-thumbnail","6":"brand-pietra-bianca-es","7":"product_cat-accesorios-debano","9":"first","10":"instock","11":"shipping-taxable","12":"purchasable","13":"product-type-simple"},"acf":[],"_links":{"self":[{"href":"https:\/\/turkmenexporter.com\/es\/wp-json\/wp\/v2\/product\/17462","targetHints":{"allow":["GET"]}}],"collection":[{"href":"https:\/\/turkmenexporter.com\/es\/wp-json\/wp\/v2\/product"}],"about":[{"href":"https:\/\/turkmenexporter.com\/es\/wp-json\/wp\/v2\/types\/product"}],"replies":[{"embeddable":true,"href":"https:\/\/turkmenexporter.com\/es\/wp-json\/wp\/v2\/comments?post=17462"}],"version-history":[{"count":2,"href":"https:\/\/turkmenexporter.com\/es\/wp-json\/wp\/v2\/product\/17462\/revisions"}],"predecessor-version":[{"id":17551,"href":"https:\/\/turkmenexporter.com\/es\/wp-json\/wp\/v2\/product\/17462\/revisions\/17551"}],"wp:featuredmedia":[{"embeddable":true,"href":"https:\/\/turkmenexporter.com\/es\/wp-json\/wp\/v2\/media\/17353"}],"wp:attachment":[{"href":"https:\/\/turkmenexporter.com\/es\/wp-json\/wp\/v2\/media?parent=17462"}],"wp:term":[{"taxonomy":"brand","embeddable":true,"href":"https:\/\/turkmenexporter.com\/es\/wp-json\/wp\/v2\/brand?post=17462"},{"taxonomy":"product_cat","embeddable":true,"href":"https:\/\/turkmenexporter.com\/es\/wp-json\/wp\/v2\/product_cat?post=17462"},{"taxonomy":"product_tag","embeddable":true,"href":"https:\/\/turkmenexporter.com\/es\/wp-json\/wp\/v2\/product_tag?post=17462"}],"curies":[{"name":"wp","href":"https:\/\/api.w.org\/{rel}","templated":true}]}}