{"id":17463,"date":"2025-07-15T14:39:48","date_gmt":"2025-07-15T09:39:48","guid":{"rendered":"https:\/\/turkmenexporter.com\/product\/lavabo-independiente-islandia\/"},"modified":"2025-07-16T13:25:12","modified_gmt":"2025-07-16T08:25:12","slug":"lavabo-independiente-islandia","status":"publish","type":"product","link":"https:\/\/turkmenexporter.com\/es\/producto\/lavabo-independiente-islandia\/","title":{"rendered":"Lavabo independiente Iceland"},"content":{"rendered":"<p>Moderno y compacto, el lavabo independiente \u00abIceland\u00bb de Pietra Bianca est\u00e1 fabricado en Durastone duradero con un suave acabado mate. Con l\u00edneas limpias y una atrevida forma geom\u00e9trica, encaja perfectamente en interiores minimalistas y de lujo. Dimensiones: 630x420x900 mm. Peso: 63 kg.   <\/p>\n","protected":false},"excerpt":{"rendered":"<p>Pietra Bianca Lavabo<\/p>\n<p>Material: Durastone<\/p>\n<p>Peso: 63 kg<\/p>\n<p>Dimensiones: 630x420x900<\/p>\n","protected":false},"featured_media":17365,"comment_status":"open","ping_status":"closed","template":"","meta":{"_acf_changed":false},"brand":[1300],"product_cat":[1302],"product_tag":[],"class_list":{"0":"post-17463","1":"product","2":"type-product","3":"status-publish","4":"has-post-thumbnail","6":"brand-pietra-bianca-es","7":"product_cat-accesorios-debano","9":"first","10":"instock","11":"shipping-taxable","12":"purchasable","13":"product-type-simple"},"acf":[],"_links":{"self":[{"href":"https:\/\/turkmenexporter.com\/es\/wp-json\/wp\/v2\/product\/17463","targetHints":{"allow":["GET"]}}],"collection":[{"href":"https:\/\/turkmenexporter.com\/es\/wp-json\/wp\/v2\/product"}],"about":[{"href":"https:\/\/turkmenexporter.com\/es\/wp-json\/wp\/v2\/types\/product"}],"replies":[{"embeddable":true,"href":"https:\/\/turkmenexporter.com\/es\/wp-json\/wp\/v2\/comments?post=17463"}],"version-history":[{"count":1,"href":"https:\/\/turkmenexporter.com\/es\/wp-json\/wp\/v2\/product\/17463\/revisions"}],"predecessor-version":[{"id":17808,"href":"https:\/\/turkmenexporter.com\/es\/wp-json\/wp\/v2\/product\/17463\/revisions\/17808"}],"wp:featuredmedia":[{"embeddable":true,"href":"https:\/\/turkmenexporter.com\/es\/wp-json\/wp\/v2\/media\/17365"}],"wp:attachment":[{"href":"https:\/\/turkmenexporter.com\/es\/wp-json\/wp\/v2\/media?parent=17463"}],"wp:term":[{"taxonomy":"brand","embeddable":true,"href":"https:\/\/turkmenexporter.com\/es\/wp-json\/wp\/v2\/brand?post=17463"},{"taxonomy":"product_cat","embeddable":true,"href":"https:\/\/turkmenexporter.com\/es\/wp-json\/wp\/v2\/product_cat?post=17463"},{"taxonomy":"product_tag","embeddable":true,"href":"https:\/\/turkmenexporter.com\/es\/wp-json\/wp\/v2\/product_tag?post=17463"}],"curies":[{"name":"wp","href":"https:\/\/api.w.org\/{rel}","templated":true}]}}