{"id":18048,"date":"2025-07-16T14:18:07","date_gmt":"2025-07-16T09:18:07","guid":{"rendered":"https:\/\/turkmenexporter.com\/product\/lavabo-sobre-encimera-georgia\/"},"modified":"2025-07-16T14:18:07","modified_gmt":"2025-07-16T09:18:07","slug":"lavabo-sobre-encimera-georgia","status":"publish","type":"product","link":"https:\/\/turkmenexporter.com\/es\/producto\/lavabo-sobre-encimera-georgia\/","title":{"rendered":"Lavabo sobre encimera Georgia"},"content":{"rendered":"<p>Elegante y compacto, el lavabo sobre encimera Georgia de Pietra Bianca est\u00e1 fabricado en Durastone de alta calidad. Con su suave acabado mate y su dise\u00f1o minimalista, es ideal para interiores de ba\u00f1os modernos. <\/p>\n","protected":false},"excerpt":{"rendered":"<p>Pietra Bianca Lavabo sobre encimera<\/p>\n<p>Material: Durastone<\/p>\n","protected":false},"featured_media":17578,"comment_status":"open","ping_status":"closed","template":"","meta":{"_acf_changed":false},"brand":[1300],"product_cat":[1302],"product_tag":[],"class_list":{"0":"post-18048","1":"product","2":"type-product","3":"status-publish","4":"has-post-thumbnail","6":"brand-pietra-bianca-es","7":"product_cat-accesorios-debano","9":"first","10":"instock","11":"shipping-taxable","12":"purchasable","13":"product-type-variable","14":"has-default-attributes"},"acf":[],"_links":{"self":[{"href":"https:\/\/turkmenexporter.com\/es\/wp-json\/wp\/v2\/product\/18048","targetHints":{"allow":["GET"]}}],"collection":[{"href":"https:\/\/turkmenexporter.com\/es\/wp-json\/wp\/v2\/product"}],"about":[{"href":"https:\/\/turkmenexporter.com\/es\/wp-json\/wp\/v2\/types\/product"}],"replies":[{"embeddable":true,"href":"https:\/\/turkmenexporter.com\/es\/wp-json\/wp\/v2\/comments?post=18048"}],"version-history":[{"count":0,"href":"https:\/\/turkmenexporter.com\/es\/wp-json\/wp\/v2\/product\/18048\/revisions"}],"wp:featuredmedia":[{"embeddable":true,"href":"https:\/\/turkmenexporter.com\/es\/wp-json\/wp\/v2\/media\/17578"}],"wp:attachment":[{"href":"https:\/\/turkmenexporter.com\/es\/wp-json\/wp\/v2\/media?parent=18048"}],"wp:term":[{"taxonomy":"brand","embeddable":true,"href":"https:\/\/turkmenexporter.com\/es\/wp-json\/wp\/v2\/brand?post=18048"},{"taxonomy":"product_cat","embeddable":true,"href":"https:\/\/turkmenexporter.com\/es\/wp-json\/wp\/v2\/product_cat?post=18048"},{"taxonomy":"product_tag","embeddable":true,"href":"https:\/\/turkmenexporter.com\/es\/wp-json\/wp\/v2\/product_tag?post=18048"}],"curies":[{"name":"wp","href":"https:\/\/api.w.org\/{rel}","templated":true}]}}