{"id":18643,"date":"2025-07-18T16:43:15","date_gmt":"2025-07-18T11:43:15","guid":{"rendered":"https:\/\/turkmenexporter.com\/product\/mono-termico-sarayan\/"},"modified":"2025-07-18T16:43:15","modified_gmt":"2025-07-18T11:43:15","slug":"mono-termico-sarayan","status":"publish","type":"product","link":"https:\/\/turkmenexporter.com\/es\/producto\/mono-termico-sarayan\/","title":{"rendered":"Mono t\u00e9rmico Sarayan"},"content":{"rendered":"<p>La ropa de trabajo de nailon suele utilizarse en \u00e1mbitos en los que se requiere una gran resistencia a los impactos f\u00edsicos, como la construcci\u00f3n o la fabricaci\u00f3n.<\/p>\n<p>El nailon es conocido por su resistencia y durabilidad. La resistencia del nailon lo convierte en una excelente opci\u00f3n para la protecci\u00f3n contra da\u00f1os mec\u00e1nicos. Tambi\u00e9n puede ser repelente al agua, lo que a\u00f1ade protecci\u00f3n en condiciones h\u00famedas.  <\/p>\n","protected":false},"excerpt":{"rendered":"<p>Mono t\u00e9rmico aislante impermeable y cortaviento de nylon (pantal\u00f3n y chaqueta con capucha).<\/p>\n<p>Cualquier ajuste en el dise\u00f1o y el tama\u00f1o y se puede negociar.<\/p>\n<p>Cantidad m\u00ednima de pedido 10 unidades.<\/p>\n","protected":false},"featured_media":18469,"comment_status":"open","ping_status":"closed","template":"","meta":{"_acf_changed":false},"brand":[1349],"product_cat":[1351],"product_tag":[851],"class_list":{"0":"post-18643","1":"product","2":"type-product","3":"status-publish","4":"has-post-thumbnail","6":"brand-sarayan-es","7":"product_cat-ropa","8":"product_tag-front-product-es","10":"first","11":"instock","12":"shipping-taxable","13":"purchasable","14":"product-type-simple"},"acf":[],"_links":{"self":[{"href":"https:\/\/turkmenexporter.com\/es\/wp-json\/wp\/v2\/product\/18643","targetHints":{"allow":["GET"]}}],"collection":[{"href":"https:\/\/turkmenexporter.com\/es\/wp-json\/wp\/v2\/product"}],"about":[{"href":"https:\/\/turkmenexporter.com\/es\/wp-json\/wp\/v2\/types\/product"}],"replies":[{"embeddable":true,"href":"https:\/\/turkmenexporter.com\/es\/wp-json\/wp\/v2\/comments?post=18643"}],"version-history":[{"count":0,"href":"https:\/\/turkmenexporter.com\/es\/wp-json\/wp\/v2\/product\/18643\/revisions"}],"wp:featuredmedia":[{"embeddable":true,"href":"https:\/\/turkmenexporter.com\/es\/wp-json\/wp\/v2\/media\/18469"}],"wp:attachment":[{"href":"https:\/\/turkmenexporter.com\/es\/wp-json\/wp\/v2\/media?parent=18643"}],"wp:term":[{"taxonomy":"brand","embeddable":true,"href":"https:\/\/turkmenexporter.com\/es\/wp-json\/wp\/v2\/brand?post=18643"},{"taxonomy":"product_cat","embeddable":true,"href":"https:\/\/turkmenexporter.com\/es\/wp-json\/wp\/v2\/product_cat?post=18643"},{"taxonomy":"product_tag","embeddable":true,"href":"https:\/\/turkmenexporter.com\/es\/wp-json\/wp\/v2\/product_tag?post=18643"}],"curies":[{"name":"wp","href":"https:\/\/api.w.org\/{rel}","templated":true}]}}