{"id":18645,"date":"2025-07-18T16:43:14","date_gmt":"2025-07-18T11:43:14","guid":{"rendered":"https:\/\/turkmenexporter.com\/product\/mono-para-instalador-sarayan\/"},"modified":"2025-07-18T16:43:14","modified_gmt":"2025-07-18T11:43:14","slug":"mono-para-instalador-sarayan","status":"publish","type":"product","link":"https:\/\/turkmenexporter.com\/es\/producto\/mono-para-instalador-sarayan\/","title":{"rendered":"Mono para instalador Sarayan"},"content":{"rendered":"<p>Conjunto de ropa de trabajo universal: comodidad, protecci\u00f3n y funcionalidad. La chaqueta y los pantalones son resistentes al desgaste, la suciedad y la humedad, lo que garantiza su durabilidad. <\/p>\n<p>El corte c\u00f3modo no restringe el movimiento, y el cuello alto protege de forma fiable el cuello del viento y el polvo. Los pu\u00f1os engomados evitan que la suciedad y la humedad penetren en el interior. Numerosos bolsillos con cierre en la chaqueta y los pantalones permiten tener a mano herramientas y peque\u00f1os objetos.  <\/p>\n<p>La camiseta de algod\u00f3n 100% transpira y proporciona comodidad incluso cuando hace calor, y la banda reflectante del pecho hace visible al trabajador en condiciones de poca luz. \u00a1Una elecci\u00f3n excelente para la seguridad y la comodidad en el trabajo! <\/p>\n","protected":false},"excerpt":{"rendered":"<p>Chaqueta y pantal\u00f3n de tejido mixto duradero (30-35% algod\u00f3n, 65-70% poli\u00e9ster)<\/p>\n<p>Cualquier ajuste en el dise\u00f1o y el tama\u00f1o y se puede negociar.<\/p>\n<p>Cantidad m\u00ednima de pedido 10 unidades.<\/p>\n","protected":false},"featured_media":18439,"comment_status":"open","ping_status":"closed","template":"","meta":{"_acf_changed":false},"brand":[1349],"product_cat":[1351],"product_tag":[],"class_list":{"0":"post-18645","1":"product","2":"type-product","3":"status-publish","4":"has-post-thumbnail","6":"brand-sarayan-es","7":"product_cat-ropa","9":"first","10":"instock","11":"shipping-taxable","12":"purchasable","13":"product-type-simple"},"acf":[],"_links":{"self":[{"href":"https:\/\/turkmenexporter.com\/es\/wp-json\/wp\/v2\/product\/18645","targetHints":{"allow":["GET"]}}],"collection":[{"href":"https:\/\/turkmenexporter.com\/es\/wp-json\/wp\/v2\/product"}],"about":[{"href":"https:\/\/turkmenexporter.com\/es\/wp-json\/wp\/v2\/types\/product"}],"replies":[{"embeddable":true,"href":"https:\/\/turkmenexporter.com\/es\/wp-json\/wp\/v2\/comments?post=18645"}],"version-history":[{"count":0,"href":"https:\/\/turkmenexporter.com\/es\/wp-json\/wp\/v2\/product\/18645\/revisions"}],"wp:featuredmedia":[{"embeddable":true,"href":"https:\/\/turkmenexporter.com\/es\/wp-json\/wp\/v2\/media\/18439"}],"wp:attachment":[{"href":"https:\/\/turkmenexporter.com\/es\/wp-json\/wp\/v2\/media?parent=18645"}],"wp:term":[{"taxonomy":"brand","embeddable":true,"href":"https:\/\/turkmenexporter.com\/es\/wp-json\/wp\/v2\/brand?post=18645"},{"taxonomy":"product_cat","embeddable":true,"href":"https:\/\/turkmenexporter.com\/es\/wp-json\/wp\/v2\/product_cat?post=18645"},{"taxonomy":"product_tag","embeddable":true,"href":"https:\/\/turkmenexporter.com\/es\/wp-json\/wp\/v2\/product_tag?post=18645"}],"curies":[{"name":"wp","href":"https:\/\/api.w.org\/{rel}","templated":true}]}}