{"id":18648,"date":"2025-07-18T16:43:13","date_gmt":"2025-07-18T11:43:13","guid":{"rendered":"https:\/\/turkmenexporter.com\/product\/mono-de-electricista-sarayan\/"},"modified":"2025-07-18T16:43:13","modified_gmt":"2025-07-18T11:43:13","slug":"mono-de-electricista-sarayan","status":"publish","type":"product","link":"https:\/\/turkmenexporter.com\/es\/producto\/mono-de-electricista-sarayan\/","title":{"rendered":"Mono de electricista Sarayan"},"content":{"rendered":"<p>Bandas reflectantes: Los elementos reflectantes incorporados mejoran la visibilidad del trabajador en condiciones de poca luz o de noche, aumentando significativamente la seguridad en el lugar de trabajo. La camiseta est\u00e1 fabricada en algod\u00f3n 100% supremo. <\/p>\n<p>La gabardina resistente al desgaste protege contra la suciedad y soporta un uso intensivo, manteniendo un aspecto impecable. El corte anat\u00f3mico no restringe el movimiento, y los pr\u00e1cticos bolsillos permiten tener a mano todo lo necesario. Los fiables cierres fastex proporcionan una fijaci\u00f3n r\u00e1pida y facilidad de colocaci\u00f3n. F\u00e1ciles de cuidar, resistentes a los da\u00f1os mec\u00e1nicos, \u00a1la elecci\u00f3n ideal para el trabajo y el uso activo!   <\/p>\n","protected":false},"excerpt":{"rendered":"<p>El mono y la chaqueta se hicieron de gabardina, que es 60% algod\u00f3n y 40% poli\u00e9ster.<\/p>\n<p>Cualquier adjusments en el dise\u00f1o y el tama\u00f1o y se puede negociar.<\/p>\n<p>Cantidad m\u00ednima de pedido 10 unidades.<\/p>\n","protected":false},"featured_media":18403,"comment_status":"open","ping_status":"closed","template":"","meta":{"_acf_changed":false},"brand":[1349],"product_cat":[1351],"product_tag":[],"class_list":{"0":"post-18648","1":"product","2":"type-product","3":"status-publish","4":"has-post-thumbnail","6":"brand-sarayan-es","7":"product_cat-ropa","9":"first","10":"instock","11":"shipping-taxable","12":"purchasable","13":"product-type-simple"},"acf":[],"_links":{"self":[{"href":"https:\/\/turkmenexporter.com\/es\/wp-json\/wp\/v2\/product\/18648","targetHints":{"allow":["GET"]}}],"collection":[{"href":"https:\/\/turkmenexporter.com\/es\/wp-json\/wp\/v2\/product"}],"about":[{"href":"https:\/\/turkmenexporter.com\/es\/wp-json\/wp\/v2\/types\/product"}],"replies":[{"embeddable":true,"href":"https:\/\/turkmenexporter.com\/es\/wp-json\/wp\/v2\/comments?post=18648"}],"version-history":[{"count":0,"href":"https:\/\/turkmenexporter.com\/es\/wp-json\/wp\/v2\/product\/18648\/revisions"}],"wp:featuredmedia":[{"embeddable":true,"href":"https:\/\/turkmenexporter.com\/es\/wp-json\/wp\/v2\/media\/18403"}],"wp:attachment":[{"href":"https:\/\/turkmenexporter.com\/es\/wp-json\/wp\/v2\/media?parent=18648"}],"wp:term":[{"taxonomy":"brand","embeddable":true,"href":"https:\/\/turkmenexporter.com\/es\/wp-json\/wp\/v2\/brand?post=18648"},{"taxonomy":"product_cat","embeddable":true,"href":"https:\/\/turkmenexporter.com\/es\/wp-json\/wp\/v2\/product_cat?post=18648"},{"taxonomy":"product_tag","embeddable":true,"href":"https:\/\/turkmenexporter.com\/es\/wp-json\/wp\/v2\/product_tag?post=18648"}],"curies":[{"name":"wp","href":"https:\/\/api.w.org\/{rel}","templated":true}]}}