{"id":18649,"date":"2025-07-18T16:43:12","date_gmt":"2025-07-18T11:43:12","guid":{"rendered":"https:\/\/turkmenexporter.com\/product\/mono-para-militares-sarayan\/"},"modified":"2025-07-18T16:43:12","modified_gmt":"2025-07-18T11:43:12","slug":"mono-para-militares-sarayan","status":"publish","type":"product","link":"https:\/\/turkmenexporter.com\/es\/producto\/mono-para-militares-sarayan\/","title":{"rendered":"Mono para militares Sarayan"},"content":{"rendered":"<p>Uniforme t\u00e1ctico de estilo militar: \u00a1protecci\u00f3n, comodidad y funcionalidad para el ocio activo!<\/p>\n<p>El rip-stop duradero es resistente a los desgarros y al desgaste, y la impregnaci\u00f3n hidr\u00f3fuga protege contra la lluvia y la humedad.<\/p>\n<p>El cuello anat\u00f3mico no roza y crea comodidad incluso con un uso prolongado.<\/p>\n<p>Muchos bolsillos bien pensados para equipos y accesorios est\u00e1n siempre a mano.<\/p>\n<p>Los cierres dobles proporcionan una fijaci\u00f3n fiable. M\u00e1xima libertad de movimientos y confianza en cualquier situaci\u00f3n. <\/p>\n","protected":false},"excerpt":{"rendered":"<p>Mono de una pieza para militares.<\/p>\n<p>Fabricado en material rip-stop duradero.<\/p>\n<p>Cualquier ajuste en el dise\u00f1o y el tama\u00f1o y puede ser negociado.<\/p>\n<p>Cantidad m\u00ednima de pedido 10 unidades.<\/p>\n","protected":false},"featured_media":18343,"comment_status":"open","ping_status":"closed","template":"","meta":{"_acf_changed":false},"brand":[1349],"product_cat":[1351],"product_tag":[],"class_list":{"0":"post-18649","1":"product","2":"type-product","3":"status-publish","4":"has-post-thumbnail","6":"brand-sarayan-es","7":"product_cat-ropa","9":"first","10":"instock","11":"shipping-taxable","12":"purchasable","13":"product-type-simple"},"acf":[],"_links":{"self":[{"href":"https:\/\/turkmenexporter.com\/es\/wp-json\/wp\/v2\/product\/18649","targetHints":{"allow":["GET"]}}],"collection":[{"href":"https:\/\/turkmenexporter.com\/es\/wp-json\/wp\/v2\/product"}],"about":[{"href":"https:\/\/turkmenexporter.com\/es\/wp-json\/wp\/v2\/types\/product"}],"replies":[{"embeddable":true,"href":"https:\/\/turkmenexporter.com\/es\/wp-json\/wp\/v2\/comments?post=18649"}],"version-history":[{"count":0,"href":"https:\/\/turkmenexporter.com\/es\/wp-json\/wp\/v2\/product\/18649\/revisions"}],"wp:featuredmedia":[{"embeddable":true,"href":"https:\/\/turkmenexporter.com\/es\/wp-json\/wp\/v2\/media\/18343"}],"wp:attachment":[{"href":"https:\/\/turkmenexporter.com\/es\/wp-json\/wp\/v2\/media?parent=18649"}],"wp:term":[{"taxonomy":"brand","embeddable":true,"href":"https:\/\/turkmenexporter.com\/es\/wp-json\/wp\/v2\/brand?post=18649"},{"taxonomy":"product_cat","embeddable":true,"href":"https:\/\/turkmenexporter.com\/es\/wp-json\/wp\/v2\/product_cat?post=18649"},{"taxonomy":"product_tag","embeddable":true,"href":"https:\/\/turkmenexporter.com\/es\/wp-json\/wp\/v2\/product_tag?post=18649"}],"curies":[{"name":"wp","href":"https:\/\/api.w.org\/{rel}","templated":true}]}}