{"id":18651,"date":"2025-07-18T16:43:12","date_gmt":"2025-07-18T11:43:12","guid":{"rendered":"https:\/\/turkmenexporter.com\/product\/mono-de-trabajo-general-para-hombre\/"},"modified":"2025-07-18T16:43:12","modified_gmt":"2025-07-18T11:43:12","slug":"mono-de-trabajo-general-para-hombre","status":"publish","type":"product","link":"https:\/\/turkmenexporter.com\/es\/producto\/mono-de-trabajo-general-para-hombre\/","title":{"rendered":"Mono de trabajo general para hombre"},"content":{"rendered":"<p>Un gran n\u00famero de bolsillos permiten guardar c\u00f3modamente peque\u00f1os objetos y efectos personales, siempre a mano y seguros.<\/p>\n<p>Los elementos reflectantes aumentan la visibilidad en la oscuridad, proporcionando seguridad adicional cuando se trabaja en condiciones de poca luz.<\/p>\n","protected":false},"excerpt":{"rendered":"<p>Pantalones y chaqueta de gabardina gruesa, 100% algod\u00f3n.<\/p>\n<p>Cualquier ajuste en el dise\u00f1o y el tama\u00f1o y se puede negociar.<\/p>\n<p>Cantidad m\u00ednima de pedido 10 unidades.<\/p>\n","protected":false},"featured_media":18379,"comment_status":"open","ping_status":"closed","template":"","meta":{"_acf_changed":false},"brand":[1349],"product_cat":[1351],"product_tag":[],"class_list":{"0":"post-18651","1":"product","2":"type-product","3":"status-publish","4":"has-post-thumbnail","6":"brand-sarayan-es","7":"product_cat-ropa","9":"first","10":"instock","11":"shipping-taxable","12":"purchasable","13":"product-type-simple"},"acf":[],"_links":{"self":[{"href":"https:\/\/turkmenexporter.com\/es\/wp-json\/wp\/v2\/product\/18651","targetHints":{"allow":["GET"]}}],"collection":[{"href":"https:\/\/turkmenexporter.com\/es\/wp-json\/wp\/v2\/product"}],"about":[{"href":"https:\/\/turkmenexporter.com\/es\/wp-json\/wp\/v2\/types\/product"}],"replies":[{"embeddable":true,"href":"https:\/\/turkmenexporter.com\/es\/wp-json\/wp\/v2\/comments?post=18651"}],"version-history":[{"count":0,"href":"https:\/\/turkmenexporter.com\/es\/wp-json\/wp\/v2\/product\/18651\/revisions"}],"wp:featuredmedia":[{"embeddable":true,"href":"https:\/\/turkmenexporter.com\/es\/wp-json\/wp\/v2\/media\/18379"}],"wp:attachment":[{"href":"https:\/\/turkmenexporter.com\/es\/wp-json\/wp\/v2\/media?parent=18651"}],"wp:term":[{"taxonomy":"brand","embeddable":true,"href":"https:\/\/turkmenexporter.com\/es\/wp-json\/wp\/v2\/brand?post=18651"},{"taxonomy":"product_cat","embeddable":true,"href":"https:\/\/turkmenexporter.com\/es\/wp-json\/wp\/v2\/product_cat?post=18651"},{"taxonomy":"product_tag","embeddable":true,"href":"https:\/\/turkmenexporter.com\/es\/wp-json\/wp\/v2\/product_tag?post=18651"}],"curies":[{"name":"wp","href":"https:\/\/api.w.org\/{rel}","templated":true}]}}