{"id":18652,"date":"2025-07-18T16:43:11","date_gmt":"2025-07-18T11:43:11","guid":{"rendered":"https:\/\/turkmenexporter.com\/product\/mono-para-el-chef-sarayan\/"},"modified":"2025-07-18T16:43:11","modified_gmt":"2025-07-18T11:43:11","slug":"mono-para-el-chef-sarayan","status":"publish","type":"product","link":"https:\/\/turkmenexporter.com\/es\/producto\/mono-para-el-chef-sarayan\/","title":{"rendered":"Mono para el chef Sarayan"},"content":{"rendered":"<p>\u00a1Elegancia y practicidad en cada detalle! La gabardina duradera pero transpirable proporciona comodidad durante todo el turno, y un c\u00f3modo cord\u00f3n garantiza una fijaci\u00f3n segura.  <\/p>\n<p>El delantal con tirantes es el equilibrio perfecto entre estilo y comodidad. La gabardina ligera no restringe el movimiento, proporcionando comodidad incluso en una cocina caliente. Los bolsillos profundos permiten tener las herramientas a mano, y las correas ajustables garantizan un ajuste perfecto. Los bolsillos funcionales para peque\u00f1os objetos esenciales y la personalizaci\u00f3n con un logotipo har\u00e1n que su marca sea a\u00fan m\u00e1s visible.   <\/p>\n","protected":false},"excerpt":{"rendered":"<p>Ropa de trabajo para un cocinero y trabajador de la cocina (pantal\u00f3n, t\u00fanica, delantal y gorro).<\/p>\n<p>Hecho de tela terricotton, que contiene 96% de algod\u00f3n y 4% de elastano.<\/p>\n<p>Cualquier ajuste en el dise\u00f1o y el tama\u00f1o y se puede negociar.<\/p>\n<p>Cantidad m\u00ednima de pedido 10 unidades.<\/p>\n","protected":false},"featured_media":18289,"comment_status":"open","ping_status":"closed","template":"","meta":{"_acf_changed":false},"brand":[1349],"product_cat":[1351],"product_tag":[],"class_list":{"0":"post-18652","1":"product","2":"type-product","3":"status-publish","4":"has-post-thumbnail","6":"brand-sarayan-es","7":"product_cat-ropa","9":"first","10":"instock","11":"shipping-taxable","12":"purchasable","13":"product-type-simple"},"acf":[],"_links":{"self":[{"href":"https:\/\/turkmenexporter.com\/es\/wp-json\/wp\/v2\/product\/18652","targetHints":{"allow":["GET"]}}],"collection":[{"href":"https:\/\/turkmenexporter.com\/es\/wp-json\/wp\/v2\/product"}],"about":[{"href":"https:\/\/turkmenexporter.com\/es\/wp-json\/wp\/v2\/types\/product"}],"replies":[{"embeddable":true,"href":"https:\/\/turkmenexporter.com\/es\/wp-json\/wp\/v2\/comments?post=18652"}],"version-history":[{"count":0,"href":"https:\/\/turkmenexporter.com\/es\/wp-json\/wp\/v2\/product\/18652\/revisions"}],"wp:featuredmedia":[{"embeddable":true,"href":"https:\/\/turkmenexporter.com\/es\/wp-json\/wp\/v2\/media\/18289"}],"wp:attachment":[{"href":"https:\/\/turkmenexporter.com\/es\/wp-json\/wp\/v2\/media?parent=18652"}],"wp:term":[{"taxonomy":"brand","embeddable":true,"href":"https:\/\/turkmenexporter.com\/es\/wp-json\/wp\/v2\/brand?post=18652"},{"taxonomy":"product_cat","embeddable":true,"href":"https:\/\/turkmenexporter.com\/es\/wp-json\/wp\/v2\/product_cat?post=18652"},{"taxonomy":"product_tag","embeddable":true,"href":"https:\/\/turkmenexporter.com\/es\/wp-json\/wp\/v2\/product_tag?post=18652"}],"curies":[{"name":"wp","href":"https:\/\/api.w.org\/{rel}","templated":true}]}}