{"id":18653,"date":"2025-07-18T16:43:11","date_gmt":"2025-07-18T11:43:11","guid":{"rendered":"https:\/\/turkmenexporter.com\/product\/mono-de-cocinero\/"},"modified":"2025-07-18T16:43:11","modified_gmt":"2025-07-18T11:43:11","slug":"mono-de-cocinero","status":"publish","type":"product","link":"https:\/\/turkmenexporter.com\/es\/producto\/mono-de-cocinero\/","title":{"rendered":"Mono de cocinero"},"content":{"rendered":"<p>La ropa de cocinero confeccionada en algod\u00f3n terricot combina durabilidad, transpirabilidad y resistencia a la suciedad, proporcionando comodidad en una cocina caliente.<\/p>\n<p>Los botones ocultos evitan que se introduzcan accidentalmente en los alimentos, aumentando la higiene y la seguridad.<\/p>\n<p>Los bolsillos del pantal\u00f3n y los pu\u00f1os gruesos hacen que la ropa sea m\u00e1s c\u00f3moda y funcional. Los bolsillos permiten tener a mano los peque\u00f1os objetos necesarios, y los pu\u00f1os protegen de la suciedad, los l\u00edquidos y el vapor caliente. <\/p>\n<p>El cuello alto protege el cuello del vapor caliente, las salpicaduras de aceite y la suciedad, manteniendo un aspecto cuidado y aumentando la comodidad durante el trabajo prolongado.<\/p>\n","protected":false},"excerpt":{"rendered":"<p>Ropa de trabajo para un cocinero y trabajador de la cocina (pantal\u00f3n, t\u00fanica, delantal y gorro).<\/p>\n<p>Hecho de tela terricotton, que contiene 96% algod\u00f3n y 4% elastano.<\/p>\n<p>Cualquier ajuste en el dise\u00f1o y el tama\u00f1o y se puede negociar.<\/p>\n<p>Cantidad m\u00ednima de pedido 10 unidades.<\/p>\n","protected":false},"featured_media":18307,"comment_status":"open","ping_status":"closed","template":"","meta":{"_acf_changed":false},"brand":[1349],"product_cat":[1351],"product_tag":[851],"class_list":{"0":"post-18653","1":"product","2":"type-product","3":"status-publish","4":"has-post-thumbnail","6":"brand-sarayan-es","7":"product_cat-ropa","8":"product_tag-front-product-es","10":"first","11":"instock","12":"shipping-taxable","13":"purchasable","14":"product-type-simple"},"acf":[],"_links":{"self":[{"href":"https:\/\/turkmenexporter.com\/es\/wp-json\/wp\/v2\/product\/18653","targetHints":{"allow":["GET"]}}],"collection":[{"href":"https:\/\/turkmenexporter.com\/es\/wp-json\/wp\/v2\/product"}],"about":[{"href":"https:\/\/turkmenexporter.com\/es\/wp-json\/wp\/v2\/types\/product"}],"replies":[{"embeddable":true,"href":"https:\/\/turkmenexporter.com\/es\/wp-json\/wp\/v2\/comments?post=18653"}],"version-history":[{"count":0,"href":"https:\/\/turkmenexporter.com\/es\/wp-json\/wp\/v2\/product\/18653\/revisions"}],"wp:featuredmedia":[{"embeddable":true,"href":"https:\/\/turkmenexporter.com\/es\/wp-json\/wp\/v2\/media\/18307"}],"wp:attachment":[{"href":"https:\/\/turkmenexporter.com\/es\/wp-json\/wp\/v2\/media?parent=18653"}],"wp:term":[{"taxonomy":"brand","embeddable":true,"href":"https:\/\/turkmenexporter.com\/es\/wp-json\/wp\/v2\/brand?post=18653"},{"taxonomy":"product_cat","embeddable":true,"href":"https:\/\/turkmenexporter.com\/es\/wp-json\/wp\/v2\/product_cat?post=18653"},{"taxonomy":"product_tag","embeddable":true,"href":"https:\/\/turkmenexporter.com\/es\/wp-json\/wp\/v2\/product_tag?post=18653"}],"curies":[{"name":"wp","href":"https:\/\/api.w.org\/{rel}","templated":true}]}}