{"id":18654,"date":"2025-07-18T16:43:11","date_gmt":"2025-07-18T11:43:11","guid":{"rendered":"https:\/\/turkmenexporter.com\/product\/mono-de-seguridad-sarayan\/"},"modified":"2025-07-18T16:43:11","modified_gmt":"2025-07-18T11:43:11","slug":"mono-de-seguridad-sarayan","status":"publish","type":"product","link":"https:\/\/turkmenexporter.com\/es\/producto\/mono-de-seguridad-sarayan\/","title":{"rendered":"Mono de seguridad Sarayan"},"content":{"rendered":"<p>El uniforme para los trabajadores de seguridad combina comodidad, practicidad y seguridad.<\/p>\n<p>La camisa de algod\u00f3n proporciona transpirabilidad y comodidad durante el uso a largo plazo, y los pantalones de gabardina son resistentes al desgaste y mantienen un aspecto cuidado.<\/p>\n<p>Los elementosreflectantes aumentan la visibilidad en la oscuridad, proporcionando seguridad adicional cuando se trabaja en condiciones de poca luz.<\/p>\n","protected":false},"excerpt":{"rendered":"<p>Mono de una pieza para guardia de seguridad.<\/p>\n<p>La camisa est\u00e1 hecha de popelina, que contiene 100% algod\u00f3n, y los pantalones est\u00e1n hechos de gabardina, que tambi\u00e9n contiene 100% algod\u00f3n.<\/p>\n<p>Cualquier adjusments en el dise\u00f1o y el tama\u00f1o y se puede negociar.<\/p>\n<p>Cantidad m\u00ednima de pedido 10 unidades.<\/p>\n","protected":false},"featured_media":18325,"comment_status":"open","ping_status":"closed","template":"","meta":{"_acf_changed":false},"brand":[1349],"product_cat":[1351],"product_tag":[],"class_list":{"0":"post-18654","1":"product","2":"type-product","3":"status-publish","4":"has-post-thumbnail","6":"brand-sarayan-es","7":"product_cat-ropa","9":"first","10":"instock","11":"shipping-taxable","12":"purchasable","13":"product-type-simple"},"acf":[],"_links":{"self":[{"href":"https:\/\/turkmenexporter.com\/es\/wp-json\/wp\/v2\/product\/18654","targetHints":{"allow":["GET"]}}],"collection":[{"href":"https:\/\/turkmenexporter.com\/es\/wp-json\/wp\/v2\/product"}],"about":[{"href":"https:\/\/turkmenexporter.com\/es\/wp-json\/wp\/v2\/types\/product"}],"replies":[{"embeddable":true,"href":"https:\/\/turkmenexporter.com\/es\/wp-json\/wp\/v2\/comments?post=18654"}],"version-history":[{"count":0,"href":"https:\/\/turkmenexporter.com\/es\/wp-json\/wp\/v2\/product\/18654\/revisions"}],"wp:featuredmedia":[{"embeddable":true,"href":"https:\/\/turkmenexporter.com\/es\/wp-json\/wp\/v2\/media\/18325"}],"wp:attachment":[{"href":"https:\/\/turkmenexporter.com\/es\/wp-json\/wp\/v2\/media?parent=18654"}],"wp:term":[{"taxonomy":"brand","embeddable":true,"href":"https:\/\/turkmenexporter.com\/es\/wp-json\/wp\/v2\/brand?post=18654"},{"taxonomy":"product_cat","embeddable":true,"href":"https:\/\/turkmenexporter.com\/es\/wp-json\/wp\/v2\/product_cat?post=18654"},{"taxonomy":"product_tag","embeddable":true,"href":"https:\/\/turkmenexporter.com\/es\/wp-json\/wp\/v2\/product_tag?post=18654"}],"curies":[{"name":"wp","href":"https:\/\/api.w.org\/{rel}","templated":true}]}}