{"id":18655,"date":"2025-07-18T16:43:10","date_gmt":"2025-07-18T11:43:10","guid":{"rendered":"https:\/\/turkmenexporter.com\/product\/mono-de-enfermera-de-tejido-elastico\/"},"modified":"2025-07-18T16:43:10","modified_gmt":"2025-07-18T11:43:10","slug":"mono-de-enfermera-de-tejido-elastico","status":"publish","type":"product","link":"https:\/\/turkmenexporter.com\/es\/producto\/mono-de-enfermera-de-tejido-elastico\/","title":{"rendered":"Mono de enfermera de tejido el\u00e1stico"},"content":{"rendered":"<p>Este tejido es similar al satori en apariencia y al tacto, pero gracias al elastano en su composici\u00f3n, sus caracter\u00edsticas cambian.<\/p>\n<p>Resistencia ala esterilizaci\u00f3n y al tratamiento &#8211; la ropa puede soportar lavados frecuentes a altas temperaturas, desinfecci\u00f3n y autoclave, lo que es importante para mantener los est\u00e1ndares sanitarios en los entornos sanitarios.<\/p>\n<p>Hipoalerg\u00e9nico y seguro &#8211; no causa irritaci\u00f3n de la piel ni reacciones al\u00e9rgicas, lo que es especialmente importante para el personal m\u00e9dico y los pacientes con piel sensible.<\/p>\n","protected":false},"excerpt":{"rendered":"<p>Ropa especial para personal m\u00e9dico (bata, pantal\u00f3n, gorro y chaqueta).<\/p>\n<p>Classic stretch, 59% algod\u00f3n \/ 39% poli\u00e9ster \/ 2% elastano.<\/p>\n<p>Cualquier ajuste en dise\u00f1o y talla y puede ser negociado.<\/p>\n<p>Cantidad m\u00ednima de pedido 10 unidades.<\/p>\n","protected":false},"featured_media":18253,"comment_status":"open","ping_status":"closed","template":"","meta":{"_acf_changed":false},"brand":[1349],"product_cat":[1351],"product_tag":[],"class_list":{"0":"post-18655","1":"product","2":"type-product","3":"status-publish","4":"has-post-thumbnail","6":"brand-sarayan-es","7":"product_cat-ropa","9":"first","10":"instock","11":"shipping-taxable","12":"purchasable","13":"product-type-simple"},"acf":[],"_links":{"self":[{"href":"https:\/\/turkmenexporter.com\/es\/wp-json\/wp\/v2\/product\/18655","targetHints":{"allow":["GET"]}}],"collection":[{"href":"https:\/\/turkmenexporter.com\/es\/wp-json\/wp\/v2\/product"}],"about":[{"href":"https:\/\/turkmenexporter.com\/es\/wp-json\/wp\/v2\/types\/product"}],"replies":[{"embeddable":true,"href":"https:\/\/turkmenexporter.com\/es\/wp-json\/wp\/v2\/comments?post=18655"}],"version-history":[{"count":0,"href":"https:\/\/turkmenexporter.com\/es\/wp-json\/wp\/v2\/product\/18655\/revisions"}],"wp:featuredmedia":[{"embeddable":true,"href":"https:\/\/turkmenexporter.com\/es\/wp-json\/wp\/v2\/media\/18253"}],"wp:attachment":[{"href":"https:\/\/turkmenexporter.com\/es\/wp-json\/wp\/v2\/media?parent=18655"}],"wp:term":[{"taxonomy":"brand","embeddable":true,"href":"https:\/\/turkmenexporter.com\/es\/wp-json\/wp\/v2\/brand?post=18655"},{"taxonomy":"product_cat","embeddable":true,"href":"https:\/\/turkmenexporter.com\/es\/wp-json\/wp\/v2\/product_cat?post=18655"},{"taxonomy":"product_tag","embeddable":true,"href":"https:\/\/turkmenexporter.com\/es\/wp-json\/wp\/v2\/product_tag?post=18655"}],"curies":[{"name":"wp","href":"https:\/\/api.w.org\/{rel}","templated":true}]}}