{"id":18658,"date":"2025-07-18T16:43:09","date_gmt":"2025-07-18T11:43:09","guid":{"rendered":"https:\/\/turkmenexporter.com\/product\/mono-de-enfermera-sarayan-para-hombre\/"},"modified":"2025-07-18T16:43:09","modified_gmt":"2025-07-18T11:43:09","slug":"mono-de-enfermera-sarayan-para-hombre","status":"publish","type":"product","link":"https:\/\/turkmenexporter.com\/es\/producto\/mono-de-enfermera-sarayan-para-hombre\/","title":{"rendered":"Mono de enfermera Sarayan para hombre"},"content":{"rendered":"<p>Proporciona una excelente protecci\u00f3n contra la suciedad, es f\u00e1cil de lavar sin perder sus cualidades: el brillo del color, la resistencia, la forma se conservan.<\/p>\n<p>Hipoalerg\u00e9nico y seguro &#8211; no causa irritaci\u00f3n de la piel ni reacciones al\u00e9rgicas, lo que es especialmente importante para el personal m\u00e9dico y los pacientes con piel sensible.<\/p>\n","protected":false},"excerpt":{"rendered":"<p>Ropa especial para personal m\u00e9dico (bata, pantal\u00f3n, gorro y chaqueta).<\/p>\n<p>Fabricado por TC &#8211; 65% tetr\u00f3n y el 35% restante es algod\u00f3n. <\/p>\n<p>Cualquier ajuste en el dise\u00f1o y el tama\u00f1o y se puede negociar.<\/p>\n<p>Cantidad m\u00ednima de pedido 10 unidades.<\/p>\n","protected":false},"featured_media":18235,"comment_status":"open","ping_status":"closed","template":"","meta":{"_acf_changed":false},"brand":[1349],"product_cat":[1351],"product_tag":[],"class_list":{"0":"post-18658","1":"product","2":"type-product","3":"status-publish","4":"has-post-thumbnail","6":"brand-sarayan-es","7":"product_cat-ropa","9":"first","10":"instock","11":"shipping-taxable","12":"purchasable","13":"product-type-simple"},"acf":[],"_links":{"self":[{"href":"https:\/\/turkmenexporter.com\/es\/wp-json\/wp\/v2\/product\/18658","targetHints":{"allow":["GET"]}}],"collection":[{"href":"https:\/\/turkmenexporter.com\/es\/wp-json\/wp\/v2\/product"}],"about":[{"href":"https:\/\/turkmenexporter.com\/es\/wp-json\/wp\/v2\/types\/product"}],"replies":[{"embeddable":true,"href":"https:\/\/turkmenexporter.com\/es\/wp-json\/wp\/v2\/comments?post=18658"}],"version-history":[{"count":0,"href":"https:\/\/turkmenexporter.com\/es\/wp-json\/wp\/v2\/product\/18658\/revisions"}],"wp:featuredmedia":[{"embeddable":true,"href":"https:\/\/turkmenexporter.com\/es\/wp-json\/wp\/v2\/media\/18235"}],"wp:attachment":[{"href":"https:\/\/turkmenexporter.com\/es\/wp-json\/wp\/v2\/media?parent=18658"}],"wp:term":[{"taxonomy":"brand","embeddable":true,"href":"https:\/\/turkmenexporter.com\/es\/wp-json\/wp\/v2\/brand?post=18658"},{"taxonomy":"product_cat","embeddable":true,"href":"https:\/\/turkmenexporter.com\/es\/wp-json\/wp\/v2\/product_cat?post=18658"},{"taxonomy":"product_tag","embeddable":true,"href":"https:\/\/turkmenexporter.com\/es\/wp-json\/wp\/v2\/product_tag?post=18658"}],"curies":[{"name":"wp","href":"https:\/\/api.w.org\/{rel}","templated":true}]}}