{"id":18907,"date":"2025-07-30T12:32:00","date_gmt":"2025-07-30T07:32:00","guid":{"rendered":"https:\/\/turkmenexporter.com\/product\/caqui-rojo-brillante\/"},"modified":"2025-07-30T17:09:42","modified_gmt":"2025-07-30T12:09:42","slug":"caqui-rojo-brillante","status":"publish","type":"product","link":"https:\/\/turkmenexporter.com\/es\/producto\/caqui-rojo-brillante\/","title":{"rendered":"Caqui \u00abRojo Brillante\u00bb"},"content":{"rendered":"<p><strong>Origen: <\/strong>Kaka etrap, Ahal velayat, Turkmenist\u00e1n. 50 hect\u00e1reas de huertos soleados en suelos limosos bien drenados con riego de precisi\u00f3n. <\/p>\n<p><strong>Pulpa: <\/strong>Firme, de color naranja brillante, sin semillas, gelatinosa cuando est\u00e1 completamente madura.<\/p>\n<p><strong>Perfil de sabor: <\/strong>Dulce y delicado con notas de miel y albaricoque; baja acidez; excelente fruta de postre<\/p>\n<p><strong>Periodo de cosecha: <\/strong>De mediados de octubre a principios de noviembre. Disponible hasta marzo con almacenamiento <\/p>\n<p><span class=\"fadeinm1hgl8\"><b><span lang=\"EN-US\">Condiciones de entrega:<\/span><\/b><\/span><span lang=\"EN-US\"> <span class=\"fadeinm1hgl8\">EXW (Ashgabat), FOB (Puerto de Turkmenbashi), CIF, DDP (para importadores seleccionados).<\/span><\/span><\/p>\n","protected":false},"excerpt":{"rendered":"<p>Caquis frescos de alta calidad<\/p>\n<p>BRIX Nivel: 15 Bx<\/p>\n<p>Embalaje: cajas standart de 4 kg<\/p>\n","protected":false},"featured_media":18863,"comment_status":"open","ping_status":"closed","template":"","meta":{"_acf_changed":false},"brand":[1397],"product_cat":[1399],"product_tag":[],"class_list":{"0":"post-18907","1":"product","2":"type-product","3":"status-publish","4":"has-post-thumbnail","6":"brand-miwe-es","7":"product_cat-frutas","9":"first","10":"instock","11":"shipping-taxable","12":"purchasable","13":"product-type-simple"},"acf":[],"_links":{"self":[{"href":"https:\/\/turkmenexporter.com\/es\/wp-json\/wp\/v2\/product\/18907","targetHints":{"allow":["GET"]}}],"collection":[{"href":"https:\/\/turkmenexporter.com\/es\/wp-json\/wp\/v2\/product"}],"about":[{"href":"https:\/\/turkmenexporter.com\/es\/wp-json\/wp\/v2\/types\/product"}],"replies":[{"embeddable":true,"href":"https:\/\/turkmenexporter.com\/es\/wp-json\/wp\/v2\/comments?post=18907"}],"version-history":[{"count":1,"href":"https:\/\/turkmenexporter.com\/es\/wp-json\/wp\/v2\/product\/18907\/revisions"}],"predecessor-version":[{"id":18949,"href":"https:\/\/turkmenexporter.com\/es\/wp-json\/wp\/v2\/product\/18907\/revisions\/18949"}],"wp:featuredmedia":[{"embeddable":true,"href":"https:\/\/turkmenexporter.com\/es\/wp-json\/wp\/v2\/media\/18863"}],"wp:attachment":[{"href":"https:\/\/turkmenexporter.com\/es\/wp-json\/wp\/v2\/media?parent=18907"}],"wp:term":[{"taxonomy":"brand","embeddable":true,"href":"https:\/\/turkmenexporter.com\/es\/wp-json\/wp\/v2\/brand?post=18907"},{"taxonomy":"product_cat","embeddable":true,"href":"https:\/\/turkmenexporter.com\/es\/wp-json\/wp\/v2\/product_cat?post=18907"},{"taxonomy":"product_tag","embeddable":true,"href":"https:\/\/turkmenexporter.com\/es\/wp-json\/wp\/v2\/product_tag?post=18907"}],"curies":[{"name":"wp","href":"https:\/\/api.w.org\/{rel}","templated":true}]}}