{"id":18908,"date":"2025-07-30T12:26:52","date_gmt":"2025-07-30T07:26:52","guid":{"rendered":"https:\/\/turkmenexporter.com\/product\/lapins-de-cerezas-dulces\/"},"modified":"2025-07-30T17:09:42","modified_gmt":"2025-07-30T12:09:42","slug":"lapins-de-cerezas-dulces","status":"publish","type":"product","link":"https:\/\/turkmenexporter.com\/es\/producto\/lapins-de-cerezas-dulces\/","title":{"rendered":"\u00abLapins\u00bb de cerezas"},"content":{"rendered":"<p><strong>Origen: <\/strong>Kaka etrap, Ahal velayat, Turkmenist\u00e1n 165 hect\u00e1reas de huertos al pie de las monta\u00f1as con largas horas de luz solar y riego por goteo.<\/p>\n<p><strong>Carne: <\/strong>Carne firme, crujiente, de color rojo oscuro con bajo contenido en fibra.<\/p>\n<p><strong>Perfil de sabor: <\/strong>Sabor dulce y rico a cereza con baja acidez; alto contenido de az\u00facar y excelente calidad de consumo.<\/p>\n<p><strong>Periodo de cosecha: <\/strong>De mediados a finales de junio. Disponible hasta principios de julio con almacenamiento en fr\u00edo <\/p>\n","protected":false},"excerpt":{"rendered":"<p>Cereza dulce de alta calidad<\/p>\n<p>BRIX Nivel: 16-20 Bx<\/p>\n<p>Embalaje: cajas est\u00e1ndar de 4 kg<\/p>\n","protected":false},"featured_media":18854,"comment_status":"open","ping_status":"closed","template":"","meta":{"_acf_changed":false},"brand":[1397],"product_cat":[1399],"product_tag":[],"class_list":{"0":"post-18908","1":"product","2":"type-product","3":"status-publish","4":"has-post-thumbnail","6":"brand-miwe-es","7":"product_cat-frutas","9":"first","10":"instock","11":"shipping-taxable","12":"purchasable","13":"product-type-simple"},"acf":[],"_links":{"self":[{"href":"https:\/\/turkmenexporter.com\/es\/wp-json\/wp\/v2\/product\/18908","targetHints":{"allow":["GET"]}}],"collection":[{"href":"https:\/\/turkmenexporter.com\/es\/wp-json\/wp\/v2\/product"}],"about":[{"href":"https:\/\/turkmenexporter.com\/es\/wp-json\/wp\/v2\/types\/product"}],"replies":[{"embeddable":true,"href":"https:\/\/turkmenexporter.com\/es\/wp-json\/wp\/v2\/comments?post=18908"}],"version-history":[{"count":1,"href":"https:\/\/turkmenexporter.com\/es\/wp-json\/wp\/v2\/product\/18908\/revisions"}],"predecessor-version":[{"id":18954,"href":"https:\/\/turkmenexporter.com\/es\/wp-json\/wp\/v2\/product\/18908\/revisions\/18954"}],"wp:featuredmedia":[{"embeddable":true,"href":"https:\/\/turkmenexporter.com\/es\/wp-json\/wp\/v2\/media\/18854"}],"wp:attachment":[{"href":"https:\/\/turkmenexporter.com\/es\/wp-json\/wp\/v2\/media?parent=18908"}],"wp:term":[{"taxonomy":"brand","embeddable":true,"href":"https:\/\/turkmenexporter.com\/es\/wp-json\/wp\/v2\/brand?post=18908"},{"taxonomy":"product_cat","embeddable":true,"href":"https:\/\/turkmenexporter.com\/es\/wp-json\/wp\/v2\/product_cat?post=18908"},{"taxonomy":"product_tag","embeddable":true,"href":"https:\/\/turkmenexporter.com\/es\/wp-json\/wp\/v2\/product_tag?post=18908"}],"curies":[{"name":"wp","href":"https:\/\/api.w.org\/{rel}","templated":true}]}}