{"id":18910,"date":"2025-07-30T12:08:36","date_gmt":"2025-07-30T07:08:36","guid":{"rendered":"https:\/\/turkmenexporter.com\/product\/melocoton-glohaven\/"},"modified":"2025-07-30T17:09:43","modified_gmt":"2025-07-30T12:09:43","slug":"melocoton-glohaven","status":"publish","type":"product","link":"https:\/\/turkmenexporter.com\/es\/producto\/melocoton-glohaven\/","title":{"rendered":"Melocot\u00f3n \u00abGlohaven\u00bb"},"content":{"rendered":"<p style=\"margin: 0cm\"><span class=\"fadeinm1hgl8\"><b><span lang=\"EN-US\">Origen: <\/span><\/b><span lang=\"EN-US\">Kaka etrap, Ahal velayat, Turkmenist\u00e1n. 205 hect\u00e1reas de huertos de regad\u00edo en clima continental c\u00e1lido con excelente luz solar.  <\/span><\/span><\/p>\n<p style=\"margin: 0cm\"><span class=\"fadeinm1hgl8\"><b><span lang=\"EN-US\">Pulpa: <\/span><\/b><span lang=\"EN-US\">Firme, amarilla, freestone (el hueso se separa f\u00e1cilmente), jugosa con un m\u00ednimo de fibra.<\/span><\/span><\/p>\n<p style=\"margin: 0cm\"><span class=\"fadeinm1hgl8\"><span lang=\"EN-US\"><b>Perfil desabor: <\/b>Rico, dulce con suave acidez, arom\u00e1tico &#8211; ideal para mercado fresco y procesado<\/span><\/span><\/p>\n<p style=\"margin: 0cm\"><strong>Periodo de cosecha: <\/strong>De mediados de julio a principios de agosto. Disponible hasta septiembre. <\/p>\n<p style=\"margin: 0cm\">Condiciones <strong>de entrega <\/strong>: EXW (Ashgabat), FOB (Puerto de Turkmenbashi), CIF, DDP (mercados selectos)<\/p>\n","protected":false},"excerpt":{"rendered":"<p>Melocotones frescos de alta calidad<\/p>\n<p>BRIX Nivel: 17 Bx<\/p>\n<p>Embalaje: cajas standart de 4 kg<\/p>\n","protected":false},"featured_media":18830,"comment_status":"open","ping_status":"closed","template":"","meta":{"_acf_changed":false},"brand":[1397],"product_cat":[1399],"product_tag":[],"class_list":{"0":"post-18910","1":"product","2":"type-product","3":"status-publish","4":"has-post-thumbnail","6":"brand-miwe-es","7":"product_cat-frutas","9":"first","10":"instock","11":"shipping-taxable","12":"purchasable","13":"product-type-simple"},"acf":[],"_links":{"self":[{"href":"https:\/\/turkmenexporter.com\/es\/wp-json\/wp\/v2\/product\/18910","targetHints":{"allow":["GET"]}}],"collection":[{"href":"https:\/\/turkmenexporter.com\/es\/wp-json\/wp\/v2\/product"}],"about":[{"href":"https:\/\/turkmenexporter.com\/es\/wp-json\/wp\/v2\/types\/product"}],"replies":[{"embeddable":true,"href":"https:\/\/turkmenexporter.com\/es\/wp-json\/wp\/v2\/comments?post=18910"}],"version-history":[{"count":1,"href":"https:\/\/turkmenexporter.com\/es\/wp-json\/wp\/v2\/product\/18910\/revisions"}],"predecessor-version":[{"id":18964,"href":"https:\/\/turkmenexporter.com\/es\/wp-json\/wp\/v2\/product\/18910\/revisions\/18964"}],"wp:featuredmedia":[{"embeddable":true,"href":"https:\/\/turkmenexporter.com\/es\/wp-json\/wp\/v2\/media\/18830"}],"wp:attachment":[{"href":"https:\/\/turkmenexporter.com\/es\/wp-json\/wp\/v2\/media?parent=18910"}],"wp:term":[{"taxonomy":"brand","embeddable":true,"href":"https:\/\/turkmenexporter.com\/es\/wp-json\/wp\/v2\/brand?post=18910"},{"taxonomy":"product_cat","embeddable":true,"href":"https:\/\/turkmenexporter.com\/es\/wp-json\/wp\/v2\/product_cat?post=18910"},{"taxonomy":"product_tag","embeddable":true,"href":"https:\/\/turkmenexporter.com\/es\/wp-json\/wp\/v2\/product_tag?post=18910"}],"curies":[{"name":"wp","href":"https:\/\/api.w.org\/{rel}","templated":true}]}}