{"id":18914,"date":"2025-07-29T15:35:21","date_gmt":"2025-07-29T10:35:21","guid":{"rendered":"https:\/\/turkmenexporter.com\/product\/platano-grand-nain\/"},"modified":"2025-07-30T17:09:44","modified_gmt":"2025-07-30T12:09:44","slug":"platano-grand-nain","status":"publish","type":"product","link":"https:\/\/turkmenexporter.com\/es\/producto\/platano-grand-nain\/","title":{"rendered":"Pl\u00e1tano \u00abGrand Nain\u00bb"},"content":{"rendered":"<p><strong>Origen:<\/strong> Kaka etrap, Ahal velayat, Turkmenist\u00e1n 110 hect\u00e1reas de invernadero tecnol\u00f3gicamente avanzado ( microclima controlado<\/p>\n<p><strong>Variedades:<\/strong> Grand Nain (Musa acuminata, subgrupo Cavendish ) &#8211; mismo est\u00e1ndar comercial que Chiquita<\/p>\n<p><strong> Periodo decosecha<\/strong>: Todo el a\u00f1o (producci\u00f3n de ciclo continuo)<\/p>\n<p><strong> Cosechaesperada ( <\/strong>en toneladas): 14.500<\/p>\n<p><strong>Condiciones deentrega:<\/strong> EXW (Ashgabat), FOB (Puerto de Turkmenbashi), CIF, DDP (disponible para mercados selectos ).<\/p>\n","protected":false},"excerpt":{"rendered":"<p><strong>Pl\u00e1tanos de gran calidad<\/strong><\/p>\n<ul>\n<li>Longitud: 20-23 cm<\/li>\n<li>Peso por dedo: 150-180 g<\/li>\n<li>Manos por racimo: 6-8<\/li>\n<li>Racimos por caja: 5-7<\/li>\n<\/ul>\n<p><strong>Carne<\/strong>: Blancacremosa, densa y firme<\/p>\n<p><strong>Sabor<\/strong>: Rico, dulce, arom\u00e1tico y de excelente textura<\/p>\n","protected":false},"featured_media":18800,"comment_status":"open","ping_status":"closed","template":"","meta":{"_acf_changed":false},"brand":[1397],"product_cat":[1399],"product_tag":[851],"class_list":{"0":"post-18914","1":"product","2":"type-product","3":"status-publish","4":"has-post-thumbnail","6":"brand-miwe-es","7":"product_cat-frutas","8":"product_tag-front-product-es","10":"first","11":"instock","12":"shipping-taxable","13":"purchasable","14":"product-type-simple"},"acf":[],"_links":{"self":[{"href":"https:\/\/turkmenexporter.com\/es\/wp-json\/wp\/v2\/product\/18914","targetHints":{"allow":["GET"]}}],"collection":[{"href":"https:\/\/turkmenexporter.com\/es\/wp-json\/wp\/v2\/product"}],"about":[{"href":"https:\/\/turkmenexporter.com\/es\/wp-json\/wp\/v2\/types\/product"}],"replies":[{"embeddable":true,"href":"https:\/\/turkmenexporter.com\/es\/wp-json\/wp\/v2\/comments?post=18914"}],"version-history":[{"count":1,"href":"https:\/\/turkmenexporter.com\/es\/wp-json\/wp\/v2\/product\/18914\/revisions"}],"predecessor-version":[{"id":18969,"href":"https:\/\/turkmenexporter.com\/es\/wp-json\/wp\/v2\/product\/18914\/revisions\/18969"}],"wp:featuredmedia":[{"embeddable":true,"href":"https:\/\/turkmenexporter.com\/es\/wp-json\/wp\/v2\/media\/18800"}],"wp:attachment":[{"href":"https:\/\/turkmenexporter.com\/es\/wp-json\/wp\/v2\/media?parent=18914"}],"wp:term":[{"taxonomy":"brand","embeddable":true,"href":"https:\/\/turkmenexporter.com\/es\/wp-json\/wp\/v2\/brand?post=18914"},{"taxonomy":"product_cat","embeddable":true,"href":"https:\/\/turkmenexporter.com\/es\/wp-json\/wp\/v2\/product_cat?post=18914"},{"taxonomy":"product_tag","embeddable":true,"href":"https:\/\/turkmenexporter.com\/es\/wp-json\/wp\/v2\/product_tag?post=18914"}],"curies":[{"name":"wp","href":"https:\/\/api.w.org\/{rel}","templated":true}]}}