{"id":18915,"date":"2025-07-29T15:10:14","date_gmt":"2025-07-29T10:10:14","guid":{"rendered":"https:\/\/turkmenexporter.com\/product\/pera-asiatica-chojuro\/"},"modified":"2025-07-30T17:09:45","modified_gmt":"2025-07-30T12:09:45","slug":"pera-asiatica-chojuro","status":"publish","type":"product","link":"https:\/\/turkmenexporter.com\/es\/producto\/pera-asiatica-chojuro\/","title":{"rendered":"Pera asi\u00e1tica \u00abChojuro\u00bb"},"content":{"rendered":"<ul>\n<li><strong>Origen: <\/strong>Kaka etrap, Ahal velayat, Turkmenist\u00e1n. 25 hect\u00e1reas de suelos bien drenados y muy expuestos al sol, ideales para el cultivo de pera asi\u00e1tica. <\/li>\n<li><strong>Perfil desabor: <\/strong>Suavemente dulce con notas de caramelo y miel floral ; baja acidez; muy refrescante<\/li>\n<li><strong>Tama\u00f1o del fruto \/ Peso:<\/strong><br \/>\n&#8211; Di\u00e1metro-1: 70-85 mm, peso medio 180-230 g<br \/>\n&#8211; Di\u00e1metro-2: 65-80 mm, peso medio 170-210 g<br \/>\n&#8211; Di\u00e1metro-3: 60-75 mm, peso medio 160-200 g<\/li>\n<li><strong>Periodo de cosecha: <\/strong>De mediados de agosto a principios de septiembre. Disponible fresca hasta noviembre; fruta almacenada en fr\u00edo disponible hasta enero. <\/li>\n<\/ul>\n","protected":false},"excerpt":{"rendered":"<p><strong>Envasado:<\/strong> Cajas tel esc\u00f3picas de 19 kg<\/p>\n<p><span class=\"fadeinm1hgl8\"><span lang=\"EN-US\"><b>Carne: <\/b>Firme, crujiente, blanca, jugosa con bajo contenido en fibra<\/span><\/span><\/p>\n<p><strong>Nivel BRIX:<\/strong> 10-16 Bx<\/p>\n","protected":false},"featured_media":18771,"comment_status":"open","ping_status":"closed","template":"","meta":{"_acf_changed":false},"brand":[1397],"product_cat":[1399],"product_tag":[],"class_list":{"0":"post-18915","1":"product","2":"type-product","3":"status-publish","4":"has-post-thumbnail","6":"brand-miwe-es","7":"product_cat-frutas","9":"first","10":"instock","11":"shipping-taxable","12":"purchasable","13":"product-type-simple"},"acf":[],"_links":{"self":[{"href":"https:\/\/turkmenexporter.com\/es\/wp-json\/wp\/v2\/product\/18915","targetHints":{"allow":["GET"]}}],"collection":[{"href":"https:\/\/turkmenexporter.com\/es\/wp-json\/wp\/v2\/product"}],"about":[{"href":"https:\/\/turkmenexporter.com\/es\/wp-json\/wp\/v2\/types\/product"}],"replies":[{"embeddable":true,"href":"https:\/\/turkmenexporter.com\/es\/wp-json\/wp\/v2\/comments?post=18915"}],"version-history":[{"count":1,"href":"https:\/\/turkmenexporter.com\/es\/wp-json\/wp\/v2\/product\/18915\/revisions"}],"predecessor-version":[{"id":18974,"href":"https:\/\/turkmenexporter.com\/es\/wp-json\/wp\/v2\/product\/18915\/revisions\/18974"}],"wp:featuredmedia":[{"embeddable":true,"href":"https:\/\/turkmenexporter.com\/es\/wp-json\/wp\/v2\/media\/18771"}],"wp:attachment":[{"href":"https:\/\/turkmenexporter.com\/es\/wp-json\/wp\/v2\/media?parent=18915"}],"wp:term":[{"taxonomy":"brand","embeddable":true,"href":"https:\/\/turkmenexporter.com\/es\/wp-json\/wp\/v2\/brand?post=18915"},{"taxonomy":"product_cat","embeddable":true,"href":"https:\/\/turkmenexporter.com\/es\/wp-json\/wp\/v2\/product_cat?post=18915"},{"taxonomy":"product_tag","embeddable":true,"href":"https:\/\/turkmenexporter.com\/es\/wp-json\/wp\/v2\/product_tag?post=18915"}],"curies":[{"name":"wp","href":"https:\/\/api.w.org\/{rel}","templated":true}]}}