{"id":18917,"date":"2025-07-29T14:38:01","date_gmt":"2025-07-29T09:38:01","guid":{"rendered":"https:\/\/turkmenexporter.com\/product\/manzana-golden-delicious\/"},"modified":"2025-07-29T14:38:01","modified_gmt":"2025-07-29T09:38:01","slug":"manzana-golden-delicious","status":"publish","type":"product","link":"https:\/\/turkmenexporter.com\/es\/producto\/manzana-golden-delicious\/","title":{"rendered":"Manzana \u00abGolden Delicious"},"content":{"rendered":"<p style=\"margin: 0cm\"><span class=\"fadeinm1hgl8\"><span lang=\"EN-US\"><b>Perfil de sabor: <\/b>Suavemente dulce, arom\u00e1tico, baja acidez &#8211; ideal para consumo en fresco y procesado<\/span><\/span><\/p>\n<p style=\"margin: 0cm\"><strong>Periodo decosecha: <\/strong>De finales de septiembre a principios de octubre. Disponible hasta abril. <\/p>\n<p style=\"margin: 0cm\"><strong>Cosecha prevista (en toneladas): <\/strong>A petici\u00f3n \/ disponible para la temporada 2025<\/p>\n<p style=\"margin: 0cm\"><strong>Origen: <\/strong>Kaka etrap, Ahal velayat, Turkmenist\u00e1n. <strong>115<\/strong> hect\u00e1reas de huertos de regad\u00edo a gran altitud con una exposici\u00f3n \u00f3ptima al sol.<\/p>\n<p style=\"margin: 0cm\"><strong>Condiciones de entrega: <\/strong>EXW (regi\u00f3n de Ahal), FOB (puerto de Turkmenbashi), CIF, DDP (disponible para determinados mercados)<\/p>\n<p style=\"margin: 0cm\">\n","protected":false},"excerpt":{"rendered":"<p style=\"margin: 0cm\"><strong>Embalaje:<\/strong> cajas telesc\u00f3picas de 9 kg y 19 kg<\/p>\n<p style=\"margin: 0cm\"><span class=\"fadeinm1hgl8\"><span lang=\"EN-US\"><b>Carne: <\/b>De color blanco cremoso, grano fino, crujiente y jugosa.<\/span><\/span><\/p>\n<p style=\"margin: 0cm\"><span class=\"fadeinm1hgl8\"><span lang=\"EN-US\"><b>Nivel BRIX: <\/b>12\u00b0-17\u00b0Bx<\/span><\/span><\/p>\n","protected":false},"featured_media":18753,"comment_status":"open","ping_status":"closed","template":"","meta":{"_acf_changed":false},"brand":[1397],"product_cat":[1399],"product_tag":[],"class_list":{"0":"post-18917","1":"product","2":"type-product","3":"status-publish","4":"has-post-thumbnail","6":"brand-miwe-es","7":"product_cat-frutas","9":"first","10":"instock","11":"shipping-taxable","12":"purchasable","13":"product-type-simple"},"acf":[],"_links":{"self":[{"href":"https:\/\/turkmenexporter.com\/es\/wp-json\/wp\/v2\/product\/18917","targetHints":{"allow":["GET"]}}],"collection":[{"href":"https:\/\/turkmenexporter.com\/es\/wp-json\/wp\/v2\/product"}],"about":[{"href":"https:\/\/turkmenexporter.com\/es\/wp-json\/wp\/v2\/types\/product"}],"replies":[{"embeddable":true,"href":"https:\/\/turkmenexporter.com\/es\/wp-json\/wp\/v2\/comments?post=18917"}],"version-history":[{"count":0,"href":"https:\/\/turkmenexporter.com\/es\/wp-json\/wp\/v2\/product\/18917\/revisions"}],"wp:featuredmedia":[{"embeddable":true,"href":"https:\/\/turkmenexporter.com\/es\/wp-json\/wp\/v2\/media\/18753"}],"wp:attachment":[{"href":"https:\/\/turkmenexporter.com\/es\/wp-json\/wp\/v2\/media?parent=18917"}],"wp:term":[{"taxonomy":"brand","embeddable":true,"href":"https:\/\/turkmenexporter.com\/es\/wp-json\/wp\/v2\/brand?post=18917"},{"taxonomy":"product_cat","embeddable":true,"href":"https:\/\/turkmenexporter.com\/es\/wp-json\/wp\/v2\/product_cat?post=18917"},{"taxonomy":"product_tag","embeddable":true,"href":"https:\/\/turkmenexporter.com\/es\/wp-json\/wp\/v2\/product_tag?post=18917"}],"curies":[{"name":"wp","href":"https:\/\/api.w.org\/{rel}","templated":true}]}}