{"id":18918,"date":"2025-07-29T14:22:15","date_gmt":"2025-07-29T09:22:15","guid":{"rendered":"https:\/\/turkmenexporter.com\/product\/manzana-rozy-glow\/"},"modified":"2025-07-29T14:22:15","modified_gmt":"2025-07-29T09:22:15","slug":"manzana-rozy-glow","status":"publish","type":"product","link":"https:\/\/turkmenexporter.com\/es\/producto\/manzana-rozy-glow\/","title":{"rendered":"Manzana \u00abRosy Glow\u00bb"},"content":{"rendered":"<ul>\n<li><strong>Origen: <\/strong>Kaka etrap, Ahal velayat, Turkmenist\u00e1n. <strong>115<\/strong> hect\u00e1reas de huertos de regad\u00edo a gran altitud con una exposici\u00f3n \u00f3ptima al sol.<\/li>\n<li><strong> Cosechaprevista (en toneladas): <\/strong>3,500<\/li>\n<li><strong>Periodo de cosecha: <\/strong>De finales de octubre a principios de noviembre. La disponibilidad se prolonga hasta mayo en condiciones de almacenamiento adecuadas. <\/li>\n<li><strong>Condiciones de entrega: <\/strong>EXW (regi\u00f3n de Ahal), FOB (puerto de Turkmenbashi), CIF, DDP (disponible para determinados mercados)<\/li>\n<\/ul>\n","protected":false},"excerpt":{"rendered":"<p>Envasado: Cajas tel esc\u00f3picas de 9 kg y 19 kg<br \/>\nCarne: Crujiente, firme, blanca con un ligero matiz rosado cerca de la piel<br \/>\nNivel BRIX: 12.4\u00b0 Bx<\/p>\n","protected":false},"featured_media":18765,"comment_status":"open","ping_status":"closed","template":"","meta":{"_acf_changed":false},"brand":[1397],"product_cat":[1399],"product_tag":[],"class_list":{"0":"post-18918","1":"product","2":"type-product","3":"status-publish","4":"has-post-thumbnail","6":"brand-miwe-es","7":"product_cat-frutas","9":"first","10":"instock","11":"shipping-taxable","12":"purchasable","13":"product-type-simple"},"acf":[],"_links":{"self":[{"href":"https:\/\/turkmenexporter.com\/es\/wp-json\/wp\/v2\/product\/18918","targetHints":{"allow":["GET"]}}],"collection":[{"href":"https:\/\/turkmenexporter.com\/es\/wp-json\/wp\/v2\/product"}],"about":[{"href":"https:\/\/turkmenexporter.com\/es\/wp-json\/wp\/v2\/types\/product"}],"replies":[{"embeddable":true,"href":"https:\/\/turkmenexporter.com\/es\/wp-json\/wp\/v2\/comments?post=18918"}],"version-history":[{"count":0,"href":"https:\/\/turkmenexporter.com\/es\/wp-json\/wp\/v2\/product\/18918\/revisions"}],"wp:featuredmedia":[{"embeddable":true,"href":"https:\/\/turkmenexporter.com\/es\/wp-json\/wp\/v2\/media\/18765"}],"wp:attachment":[{"href":"https:\/\/turkmenexporter.com\/es\/wp-json\/wp\/v2\/media?parent=18918"}],"wp:term":[{"taxonomy":"brand","embeddable":true,"href":"https:\/\/turkmenexporter.com\/es\/wp-json\/wp\/v2\/brand?post=18918"},{"taxonomy":"product_cat","embeddable":true,"href":"https:\/\/turkmenexporter.com\/es\/wp-json\/wp\/v2\/product_cat?post=18918"},{"taxonomy":"product_tag","embeddable":true,"href":"https:\/\/turkmenexporter.com\/es\/wp-json\/wp\/v2\/product_tag?post=18918"}],"curies":[{"name":"wp","href":"https:\/\/api.w.org\/{rel}","templated":true}]}}