{"id":19449,"date":"2025-08-19T17:45:08","date_gmt":"2025-08-19T12:45:08","guid":{"rendered":"https:\/\/turkmenexporter.com\/product\/7-chynar-bebida-carbonatada-con-sabor-a-limon-15-l\/"},"modified":"2025-08-19T17:45:08","modified_gmt":"2025-08-19T12:45:08","slug":"7-chynar-bebida-carbonatada-con-sabor-a-limon-15-l","status":"publish","type":"product","link":"https:\/\/turkmenexporter.com\/es\/producto\/7-chynar-bebida-carbonatada-con-sabor-a-limon-15-l\/","title":{"rendered":"7 Chynar bebida carbonatada con sabor a lim\u00f3n 1,5 L"},"content":{"rendered":"<p>Ingredientes: Agua potable purificada, az\u00facar, gas carb\u00f3nico para bebidas di\u00f3xido de carbono E290, regulador de la acidez \u00e1cido c\u00edtrico E330, id\u00e9ntico sabor natural \u00abagracejo-lima\u00bb, conservante benzoato de sodio E211, antioxidante \u00e1cido asc\u00f3rbico E300.<\/p>\n<p>Valor nutritivo por 100 sm^3 de producto:<br \/>\n&#8211; hidratos de carbono 10,4 g,<br \/>\n&#8211; valor energ\u00e9tico 41 kcal,<\/p>\n<p>Condiciones de almacenamiento: conservar a una temperatura no inferior a 4\u00b0C ni superior a 25\u00b0C<\/p>\n<p>Producto certificado. OGM libre. Estante vida 180 d\u00edas. <\/p>\n","protected":false},"excerpt":{"rendered":"<p>7 Chynar bebida carbonatada sabor lim\u00f3n 1,5 L<br \/>\n6 botellas en un bloque.<br \/>\n76 bloques en un pal\u00e9.<\/p>\n","protected":false},"featured_media":18995,"comment_status":"open","ping_status":"closed","template":"","meta":{"_acf_changed":false},"brand":[1322],"product_cat":[628],"product_tag":[],"class_list":{"0":"post-19449","1":"product","2":"type-product","3":"status-publish","4":"has-post-thumbnail","6":"brand-gosha-chynar-es","7":"product_cat-bebidas","9":"first","10":"instock","11":"shipping-taxable","12":"purchasable","13":"product-type-simple"},"acf":[],"_links":{"self":[{"href":"https:\/\/turkmenexporter.com\/es\/wp-json\/wp\/v2\/product\/19449","targetHints":{"allow":["GET"]}}],"collection":[{"href":"https:\/\/turkmenexporter.com\/es\/wp-json\/wp\/v2\/product"}],"about":[{"href":"https:\/\/turkmenexporter.com\/es\/wp-json\/wp\/v2\/types\/product"}],"replies":[{"embeddable":true,"href":"https:\/\/turkmenexporter.com\/es\/wp-json\/wp\/v2\/comments?post=19449"}],"version-history":[{"count":0,"href":"https:\/\/turkmenexporter.com\/es\/wp-json\/wp\/v2\/product\/19449\/revisions"}],"wp:featuredmedia":[{"embeddable":true,"href":"https:\/\/turkmenexporter.com\/es\/wp-json\/wp\/v2\/media\/18995"}],"wp:attachment":[{"href":"https:\/\/turkmenexporter.com\/es\/wp-json\/wp\/v2\/media?parent=19449"}],"wp:term":[{"taxonomy":"brand","embeddable":true,"href":"https:\/\/turkmenexporter.com\/es\/wp-json\/wp\/v2\/brand?post=19449"},{"taxonomy":"product_cat","embeddable":true,"href":"https:\/\/turkmenexporter.com\/es\/wp-json\/wp\/v2\/product_cat?post=19449"},{"taxonomy":"product_tag","embeddable":true,"href":"https:\/\/turkmenexporter.com\/es\/wp-json\/wp\/v2\/product_tag?post=19449"}],"curies":[{"name":"wp","href":"https:\/\/api.w.org\/{rel}","templated":true}]}}