{"id":19462,"date":"2025-08-19T17:45:09","date_gmt":"2025-08-19T12:45:09","guid":{"rendered":"https:\/\/turkmenexporter.com\/product\/gosha-chynar-mojito-bebida-gaseosa-sin-alcohol\/"},"modified":"2025-08-19T17:45:09","modified_gmt":"2025-08-19T12:45:09","slug":"gosha-chynar-mojito-bebida-gaseosa-sin-alcohol","status":"publish","type":"product","link":"https:\/\/turkmenexporter.com\/es\/producto\/gosha-chynar-mojito-bebida-gaseosa-sin-alcohol\/","title":{"rendered":"Gosha Chynar Mojito bebida carbonatada sin alcohol"},"content":{"rendered":"<p>Ingredientes: Agua potable purificada, az\u00facar, gas carb\u00f3nico para bebidas di\u00f3xido de carbono E290, regulador de la acidez \u00e1cido c\u00edtrico E330, aroma id\u00e9ntico al natural \u00abLima-lim\u00f3n\u00bb, mezcla de edulcorantes: aspartamo E951, ciclamato s\u00f3dico E952, sacarina E954, aroma id\u00e9ntico al natural \u00abMenta\u00bb, conservante benzoato s\u00f3dico E211.<\/p>\n<p>Valor nutritivo por 100 sm^3 de producto:<br \/>\n&#8211; hidratos de carbono no disponibles,<br \/>\n&#8211; valor energ\u00e9tico 0,5 kcal,<\/p>\n<p>Condiciones de almacenamiento: conservar a una temperatura no inferior a 4\u00b0C ni superior a 25\u00b0C<\/p>\n<p>Producto certificado. OGM libre. Estante vida 180 d\u00edas. <\/p>\n","protected":false},"excerpt":{"rendered":"<p>Gosha Chynar bebida carbonatada mojito 0,5 L<br \/>\n12 botellas en un bloque.<br \/>\n108 bloques en un pal\u00e9.<\/p>\n","protected":false},"featured_media":19241,"comment_status":"open","ping_status":"closed","template":"","meta":{"_acf_changed":false},"brand":[1322],"product_cat":[628],"product_tag":[],"class_list":{"0":"post-19462","1":"product","2":"type-product","3":"status-publish","4":"has-post-thumbnail","6":"brand-gosha-chynar-es","7":"product_cat-bebidas","9":"first","10":"instock","11":"shipping-taxable","12":"purchasable","13":"product-type-simple"},"acf":[],"_links":{"self":[{"href":"https:\/\/turkmenexporter.com\/es\/wp-json\/wp\/v2\/product\/19462","targetHints":{"allow":["GET"]}}],"collection":[{"href":"https:\/\/turkmenexporter.com\/es\/wp-json\/wp\/v2\/product"}],"about":[{"href":"https:\/\/turkmenexporter.com\/es\/wp-json\/wp\/v2\/types\/product"}],"replies":[{"embeddable":true,"href":"https:\/\/turkmenexporter.com\/es\/wp-json\/wp\/v2\/comments?post=19462"}],"version-history":[{"count":0,"href":"https:\/\/turkmenexporter.com\/es\/wp-json\/wp\/v2\/product\/19462\/revisions"}],"wp:featuredmedia":[{"embeddable":true,"href":"https:\/\/turkmenexporter.com\/es\/wp-json\/wp\/v2\/media\/19241"}],"wp:attachment":[{"href":"https:\/\/turkmenexporter.com\/es\/wp-json\/wp\/v2\/media?parent=19462"}],"wp:term":[{"taxonomy":"brand","embeddable":true,"href":"https:\/\/turkmenexporter.com\/es\/wp-json\/wp\/v2\/brand?post=19462"},{"taxonomy":"product_cat","embeddable":true,"href":"https:\/\/turkmenexporter.com\/es\/wp-json\/wp\/v2\/product_cat?post=19462"},{"taxonomy":"product_tag","embeddable":true,"href":"https:\/\/turkmenexporter.com\/es\/wp-json\/wp\/v2\/product_tag?post=19462"}],"curies":[{"name":"wp","href":"https:\/\/api.w.org\/{rel}","templated":true}]}}