{"id":19466,"date":"2025-08-19T17:45:09","date_gmt":"2025-08-19T12:45:09","guid":{"rendered":"https:\/\/turkmenexporter.com\/product\/7-chynar-terragon-bebida-carbonatada-sin-alcohol\/"},"modified":"2025-08-19T17:45:09","modified_gmt":"2025-08-19T12:45:09","slug":"7-chynar-terragon-bebida-carbonatada-sin-alcohol","status":"publish","type":"product","link":"https:\/\/turkmenexporter.com\/es\/producto\/7-chynar-terragon-bebida-carbonatada-sin-alcohol\/","title":{"rendered":"7 Chynar Terragon bebida carbonatada sin alcohol"},"content":{"rendered":"<p>Ingredientes: Agua potable purificada, az\u00facar, gas carb\u00f3nico para bebidas di\u00f3xido de carbono E290, regulador de la acidez \u00e1cido c\u00edtrico E330, id\u00e9ntico sabor natural \u00abTerragon\u00bb, conservante benzoato de sodio E211<\/p>\n<p>Valor nutritivo por 100 sm^3 de producto:<br \/>\n&#8211; hidratos de carbono 10,4,<br \/>\n&#8211; valor energ\u00e9tico 40 kcal,<\/p>\n<p>Condiciones de almacenamiento: conservar a una temperatura no inferior a 4\u00b0C ni superior a 25\u00b0C<\/p>\n<p>Producto certificado. OGM libre. Estante vida 180 d\u00edas. <\/p>\n","protected":false},"excerpt":{"rendered":"<p>Gosha Chynar terragon bebida carbonatada 0,5 L<br \/>\n12 botellas en un bloque.<br \/>\n108 bloques en un pal\u00e9.<\/p>\n","protected":false},"featured_media":19235,"comment_status":"open","ping_status":"closed","template":"","meta":{"_acf_changed":false},"brand":[1322],"product_cat":[628],"product_tag":[],"class_list":{"0":"post-19466","1":"product","2":"type-product","3":"status-publish","4":"has-post-thumbnail","6":"brand-gosha-chynar-es","7":"product_cat-bebidas","9":"first","10":"instock","11":"shipping-taxable","12":"purchasable","13":"product-type-simple"},"acf":[],"_links":{"self":[{"href":"https:\/\/turkmenexporter.com\/es\/wp-json\/wp\/v2\/product\/19466","targetHints":{"allow":["GET"]}}],"collection":[{"href":"https:\/\/turkmenexporter.com\/es\/wp-json\/wp\/v2\/product"}],"about":[{"href":"https:\/\/turkmenexporter.com\/es\/wp-json\/wp\/v2\/types\/product"}],"replies":[{"embeddable":true,"href":"https:\/\/turkmenexporter.com\/es\/wp-json\/wp\/v2\/comments?post=19466"}],"version-history":[{"count":0,"href":"https:\/\/turkmenexporter.com\/es\/wp-json\/wp\/v2\/product\/19466\/revisions"}],"wp:featuredmedia":[{"embeddable":true,"href":"https:\/\/turkmenexporter.com\/es\/wp-json\/wp\/v2\/media\/19235"}],"wp:attachment":[{"href":"https:\/\/turkmenexporter.com\/es\/wp-json\/wp\/v2\/media?parent=19466"}],"wp:term":[{"taxonomy":"brand","embeddable":true,"href":"https:\/\/turkmenexporter.com\/es\/wp-json\/wp\/v2\/brand?post=19466"},{"taxonomy":"product_cat","embeddable":true,"href":"https:\/\/turkmenexporter.com\/es\/wp-json\/wp\/v2\/product_cat?post=19466"},{"taxonomy":"product_tag","embeddable":true,"href":"https:\/\/turkmenexporter.com\/es\/wp-json\/wp\/v2\/product_tag?post=19466"}],"curies":[{"name":"wp","href":"https:\/\/api.w.org\/{rel}","templated":true}]}}