{"id":19468,"date":"2025-08-19T17:45:07","date_gmt":"2025-08-19T12:45:07","guid":{"rendered":"https:\/\/turkmenexporter.com\/product\/7-bebida-carbonatada-no-alcoholica-con-sabor-a-naranja-chinar-1-l\/"},"modified":"2025-08-19T17:45:07","modified_gmt":"2025-08-19T12:45:07","slug":"7-bebida-carbonatada-no-alcoholica-con-sabor-a-naranja-chinar-1-l","status":"publish","type":"product","link":"https:\/\/turkmenexporter.com\/es\/producto\/7-bebida-carbonatada-no-alcoholica-con-sabor-a-naranja-chinar-1-l\/","title":{"rendered":"Bebida gaseosa sin alcohol con sabor a naranja 1 L"},"content":{"rendered":"<p>Ingredientes: Agua potable purificada, az\u00facar, gas carb\u00f3nico para bebidas di\u00f3xido de carbono E290, regulador de la acidez \u00e1cido c\u00edtrico E330, aroma id\u00e9ntico natural \u00abtipo naranja\u00bb, aditivo alimentario sitrato s\u00f3dico 3-sustituido E331, aroma id\u00e9ntico natural \u00abenmascaramiento multisentido\u00bb, conservante benzoato s\u00f3dico E211, antioxidante \u00e1cido asc\u00f3rbico E300.<\/p>\n<p>Valor nutritivo por 100 sm^3 de producto:<br \/>\n&#8211; hidratos de carbono 12,3 g,<br \/>\n&#8211; valor energ\u00e9tico 50 kcal,<\/p>\n<p>Condiciones de almacenamiento: conservar a una temperatura no inferior a 4\u00b0C ni superior a 25\u00b0C<\/p>\n<p>Producto certificado. OGM libre. Estante vida 180 d\u00edas. <\/p>\n","protected":false},"excerpt":{"rendered":"<p>7 Chynar naranja saborizado con gas bebida 1 L<br \/>\n12 botellas en un bloque.<br \/>\n60 bloques en un pal\u00e9.<\/p>\n","protected":false},"featured_media":19013,"comment_status":"open","ping_status":"closed","template":"","meta":{"_acf_changed":false},"brand":[1322],"product_cat":[628],"product_tag":[],"class_list":{"0":"post-19468","1":"product","2":"type-product","3":"status-publish","4":"has-post-thumbnail","6":"brand-gosha-chynar-es","7":"product_cat-bebidas","9":"first","10":"instock","11":"shipping-taxable","12":"purchasable","13":"product-type-simple"},"acf":[],"_links":{"self":[{"href":"https:\/\/turkmenexporter.com\/es\/wp-json\/wp\/v2\/product\/19468","targetHints":{"allow":["GET"]}}],"collection":[{"href":"https:\/\/turkmenexporter.com\/es\/wp-json\/wp\/v2\/product"}],"about":[{"href":"https:\/\/turkmenexporter.com\/es\/wp-json\/wp\/v2\/types\/product"}],"replies":[{"embeddable":true,"href":"https:\/\/turkmenexporter.com\/es\/wp-json\/wp\/v2\/comments?post=19468"}],"version-history":[{"count":0,"href":"https:\/\/turkmenexporter.com\/es\/wp-json\/wp\/v2\/product\/19468\/revisions"}],"wp:featuredmedia":[{"embeddable":true,"href":"https:\/\/turkmenexporter.com\/es\/wp-json\/wp\/v2\/media\/19013"}],"wp:attachment":[{"href":"https:\/\/turkmenexporter.com\/es\/wp-json\/wp\/v2\/media?parent=19468"}],"wp:term":[{"taxonomy":"brand","embeddable":true,"href":"https:\/\/turkmenexporter.com\/es\/wp-json\/wp\/v2\/brand?post=19468"},{"taxonomy":"product_cat","embeddable":true,"href":"https:\/\/turkmenexporter.com\/es\/wp-json\/wp\/v2\/product_cat?post=19468"},{"taxonomy":"product_tag","embeddable":true,"href":"https:\/\/turkmenexporter.com\/es\/wp-json\/wp\/v2\/product_tag?post=19468"}],"curies":[{"name":"wp","href":"https:\/\/api.w.org\/{rel}","templated":true}]}}