{"id":19923,"date":"2025-09-09T15:27:05","date_gmt":"2025-09-09T10:27:05","guid":{"rendered":"https:\/\/turkmenexporter.com\/product\/aceite-de-transmision-mecanica-geartec-multi-80w-90\/"},"modified":"2025-09-09T15:27:05","modified_gmt":"2025-09-09T10:27:05","slug":"aceite-de-transmision-mecanica-geartec-multi-80w-90","status":"publish","type":"product","link":"https:\/\/turkmenexporter.com\/es\/producto\/aceite-de-transmision-mecanica-geartec-multi-80w-90\/","title":{"rendered":"Aceite de transmisi\u00f3n mec\u00e1nica Geartec Multi 80W-90"},"content":{"rendered":"<p>Aceite de alta calidad para transmisiones mec\u00e1nicas de turismos y camiones. Fabricado con aceites minerales de alta calidad obtenidos a partir de petr\u00f3leo crudo y un paquete equilibrado de aditivos que garantiza un alto rendimiento en diversas condiciones clim\u00e1ticas. Posee altas propiedades antioxidantes y antiespumantes. Reduce la fricci\u00f3n y el desgaste bajo cargas elevadas.  <\/p>\n<p> &#8211; Viscosidad cinem\u00e1tica a 100 \u00b0C mm\u00b2\/s, entre 14 y 17<br \/>\n&#8211; \u00cdndice de viscosidad, no inferior a 95<br \/>\n&#8211; Punto de fluidez \u00b0C, no superior a -18<br \/>\n&#8211; Punto de inflamaci\u00f3n \u00b0C, no inferior a 220<\/p>\n","protected":false},"excerpt":{"rendered":"<p>Aceite de transmisi\u00f3n mec\u00e1nica<br \/>\nDisponible en bidones de 20 L y bidones de 208 L<\/p>\n","protected":false},"featured_media":19826,"comment_status":"open","ping_status":"closed","template":"","meta":{"_acf_changed":false},"brand":[1437],"product_cat":[1281],"product_tag":[],"class_list":{"0":"post-19923","1":"product","2":"type-product","3":"status-publish","4":"has-post-thumbnail","6":"brand-gm-oil-es","7":"product_cat-productos-de-automocion","9":"first","10":"instock","11":"shipping-taxable","12":"purchasable","13":"product-type-simple"},"acf":[],"_links":{"self":[{"href":"https:\/\/turkmenexporter.com\/es\/wp-json\/wp\/v2\/product\/19923","targetHints":{"allow":["GET"]}}],"collection":[{"href":"https:\/\/turkmenexporter.com\/es\/wp-json\/wp\/v2\/product"}],"about":[{"href":"https:\/\/turkmenexporter.com\/es\/wp-json\/wp\/v2\/types\/product"}],"replies":[{"embeddable":true,"href":"https:\/\/turkmenexporter.com\/es\/wp-json\/wp\/v2\/comments?post=19923"}],"version-history":[{"count":0,"href":"https:\/\/turkmenexporter.com\/es\/wp-json\/wp\/v2\/product\/19923\/revisions"}],"wp:featuredmedia":[{"embeddable":true,"href":"https:\/\/turkmenexporter.com\/es\/wp-json\/wp\/v2\/media\/19826"}],"wp:attachment":[{"href":"https:\/\/turkmenexporter.com\/es\/wp-json\/wp\/v2\/media?parent=19923"}],"wp:term":[{"taxonomy":"brand","embeddable":true,"href":"https:\/\/turkmenexporter.com\/es\/wp-json\/wp\/v2\/brand?post=19923"},{"taxonomy":"product_cat","embeddable":true,"href":"https:\/\/turkmenexporter.com\/es\/wp-json\/wp\/v2\/product_cat?post=19923"},{"taxonomy":"product_tag","embeddable":true,"href":"https:\/\/turkmenexporter.com\/es\/wp-json\/wp\/v2\/product_tag?post=19923"}],"curies":[{"name":"wp","href":"https:\/\/api.w.org\/{rel}","templated":true}]}}