{"id":19926,"date":"2025-09-09T15:27:03","date_gmt":"2025-09-09T10:27:03","guid":{"rendered":"https:\/\/turkmenexporter.com\/product\/aceite-de-transmision-automatica-atf-dxr-2\/"},"modified":"2025-09-09T15:27:03","modified_gmt":"2025-09-09T10:27:03","slug":"aceite-de-transmision-automatica-atf-dxr-2","status":"publish","type":"product","link":"https:\/\/turkmenexporter.com\/es\/producto\/aceite-de-transmision-automatica-atf-dxr-2\/","title":{"rendered":"Aceite de transmisi\u00f3n autom\u00e1tica ATF DXR 2"},"content":{"rendered":"<p>Aceite de alta calidad dise\u00f1ado para transmisiones autom\u00e1ticas. Se produce a partir de aceites base de alta calidad obtenidos a partir de petr\u00f3leo crudo y un paquete de aditivos desarrollado mediante tecnolog\u00edas avanzadas. Cumple con los requisitos operativos m\u00e1s exigentes. Protege eficazmente las piezas de la transmisi\u00f3n a altas velocidades y cargas.   <\/p>\n<p> &#8211; Viscosidad cinem\u00e1tica a 100 \u00b0C mm\u00b2\/s, entre 6,5 y 8,5<br \/>\n&#8211; \u00cdndice de viscosidad, no inferior a 160<br \/>\n&#8211; Punto de fluidez \u00b0C, no superior a -40<br \/>\n&#8211; Punto de inflamaci\u00f3n \u00b0C, no inferior a 190<\/p>\n","protected":false},"excerpt":{"rendered":"<p>Aceite para transmisi\u00f3n autom\u00e1tica<br \/>\nDisponible en bidones de 1 y 4 litros<br \/>\nCada caja contiene 4 bidones de 4 litros<br \/>\nCada pal\u00e9 tiene capacidad para 75 cajas de bidones de 4 litros<\/p>\n","protected":false},"featured_media":19814,"comment_status":"open","ping_status":"closed","template":"","meta":{"_acf_changed":false},"brand":[1437],"product_cat":[1281],"product_tag":[],"class_list":{"0":"post-19926","1":"product","2":"type-product","3":"status-publish","4":"has-post-thumbnail","6":"brand-gm-oil-es","7":"product_cat-productos-de-automocion","9":"first","10":"instock","11":"shipping-taxable","12":"purchasable","13":"product-type-simple"},"acf":[],"_links":{"self":[{"href":"https:\/\/turkmenexporter.com\/es\/wp-json\/wp\/v2\/product\/19926","targetHints":{"allow":["GET"]}}],"collection":[{"href":"https:\/\/turkmenexporter.com\/es\/wp-json\/wp\/v2\/product"}],"about":[{"href":"https:\/\/turkmenexporter.com\/es\/wp-json\/wp\/v2\/types\/product"}],"replies":[{"embeddable":true,"href":"https:\/\/turkmenexporter.com\/es\/wp-json\/wp\/v2\/comments?post=19926"}],"version-history":[{"count":0,"href":"https:\/\/turkmenexporter.com\/es\/wp-json\/wp\/v2\/product\/19926\/revisions"}],"wp:featuredmedia":[{"embeddable":true,"href":"https:\/\/turkmenexporter.com\/es\/wp-json\/wp\/v2\/media\/19814"}],"wp:attachment":[{"href":"https:\/\/turkmenexporter.com\/es\/wp-json\/wp\/v2\/media?parent=19926"}],"wp:term":[{"taxonomy":"brand","embeddable":true,"href":"https:\/\/turkmenexporter.com\/es\/wp-json\/wp\/v2\/brand?post=19926"},{"taxonomy":"product_cat","embeddable":true,"href":"https:\/\/turkmenexporter.com\/es\/wp-json\/wp\/v2\/product_cat?post=19926"},{"taxonomy":"product_tag","embeddable":true,"href":"https:\/\/turkmenexporter.com\/es\/wp-json\/wp\/v2\/product_tag?post=19926"}],"curies":[{"name":"wp","href":"https:\/\/api.w.org\/{rel}","templated":true}]}}