{"id":19927,"date":"2025-09-09T15:26:57","date_gmt":"2025-09-09T10:26:57","guid":{"rendered":"https:\/\/turkmenexporter.com\/product\/aceite-de-motor-sintetico-avanzado-5w-30\/"},"modified":"2025-09-09T15:26:57","modified_gmt":"2025-09-09T10:26:57","slug":"aceite-de-motor-sintetico-avanzado-5w-30","status":"publish","type":"product","link":"https:\/\/turkmenexporter.com\/es\/producto\/aceite-de-motor-sintetico-avanzado-5w-30\/","title":{"rendered":"Aceite de motor sint\u00e9tico avanzado 5W-30"},"content":{"rendered":"<p>Aceite totalmente sint\u00e9tico para todo tipo de clima, apto para motores de gasolina y di\u00e9sel. Fabricado con aceite base sint\u00e9tico de alta calidad y un paquete especial de aditivos que proporciona alta estabilidad t\u00e9rmica y qu\u00edmica. Posee propiedades anticorrosivas y una larga vida \u00fatil.  <\/p>\n<p> &#8211; Viscosidad cinem\u00e1tica a 100 \u00b0C mm\u00b2\/s, entre 9,3 y 12,6<br \/>\n&#8211; Viscosidad din\u00e1mica a -30 \u00b0C MPa s, no superior a 6600<br \/>\n&#8211; \u00cdndice de viscosidad, no inferior a 145<br \/>\n&#8211; Punto de fluidez \u00b0C, no superior a -35<br \/>\n&#8211; Punto de inflamaci\u00f3n \u00b0C, no inferior a 200<\/p>\n","protected":false},"excerpt":{"rendered":"<p>Aceite de motor sint\u00e9tico avanzado<br \/>\nDisponible en envases de 1, 4 y 5 litros<br \/>\nCada caja contiene 4 envases de 5 litros<br \/>\nCada pal\u00e9 tiene capacidad para 70 cajas de envases de 5 litros<\/p>\n","protected":false},"featured_media":19778,"comment_status":"open","ping_status":"closed","template":"","meta":{"_acf_changed":false},"brand":[1437],"product_cat":[1281],"product_tag":[],"class_list":{"0":"post-19927","1":"product","2":"type-product","3":"status-publish","4":"has-post-thumbnail","6":"brand-gm-oil-es","7":"product_cat-productos-de-automocion","9":"first","10":"instock","11":"shipping-taxable","12":"purchasable","13":"product-type-simple"},"acf":[],"_links":{"self":[{"href":"https:\/\/turkmenexporter.com\/es\/wp-json\/wp\/v2\/product\/19927","targetHints":{"allow":["GET"]}}],"collection":[{"href":"https:\/\/turkmenexporter.com\/es\/wp-json\/wp\/v2\/product"}],"about":[{"href":"https:\/\/turkmenexporter.com\/es\/wp-json\/wp\/v2\/types\/product"}],"replies":[{"embeddable":true,"href":"https:\/\/turkmenexporter.com\/es\/wp-json\/wp\/v2\/comments?post=19927"}],"version-history":[{"count":0,"href":"https:\/\/turkmenexporter.com\/es\/wp-json\/wp\/v2\/product\/19927\/revisions"}],"wp:featuredmedia":[{"embeddable":true,"href":"https:\/\/turkmenexporter.com\/es\/wp-json\/wp\/v2\/media\/19778"}],"wp:attachment":[{"href":"https:\/\/turkmenexporter.com\/es\/wp-json\/wp\/v2\/media?parent=19927"}],"wp:term":[{"taxonomy":"brand","embeddable":true,"href":"https:\/\/turkmenexporter.com\/es\/wp-json\/wp\/v2\/brand?post=19927"},{"taxonomy":"product_cat","embeddable":true,"href":"https:\/\/turkmenexporter.com\/es\/wp-json\/wp\/v2\/product_cat?post=19927"},{"taxonomy":"product_tag","embeddable":true,"href":"https:\/\/turkmenexporter.com\/es\/wp-json\/wp\/v2\/product_tag?post=19927"}],"curies":[{"name":"wp","href":"https:\/\/api.w.org\/{rel}","templated":true}]}}