{"id":19928,"date":"2025-09-09T15:27:03","date_gmt":"2025-09-09T10:27:03","guid":{"rendered":"https:\/\/turkmenexporter.com\/product\/aceite-mineral-para-motores-de-gasolina-y-diesel-sae-60\/"},"modified":"2025-09-09T15:27:03","modified_gmt":"2025-09-09T10:27:03","slug":"aceite-mineral-para-motores-de-gasolina-y-diesel-sae-60","status":"publish","type":"product","link":"https:\/\/turkmenexporter.com\/es\/producto\/aceite-mineral-para-motores-de-gasolina-y-diesel-sae-60\/","title":{"rendered":"Aceite mineral para motores de gasolina y di\u00e9sel SAE 60"},"content":{"rendered":"<p>Aceite mineral de verano para motores de gasolina y di\u00e9sel. Elaborado con aceites base de alta calidad obtenidos a partir de petr\u00f3leo crudo y paquetes de aditivos multifuncionales, garantiza un rendimiento excelente y una vida \u00fatil \u00f3ptima. Ofrece una excelente protecci\u00f3n antidesgaste para las piezas del motor que operan en condiciones severas. Previene la formaci\u00f3n de dep\u00f3sitos de carb\u00f3n y protege las piezas del motor de la corrosi\u00f3n.   <\/p>\n<p> &#8211; Viscosidad cinem\u00e1tica a 100 \u00b0C mm\u00b2\/s, entre 21,9 y 26,1<br \/>\n&#8211; Viscosidad din\u00e1mica a -25 \u00b0C MPa s, no superior a 6500<br \/>\n&#8211; \u00cdndice de viscosidad, no inferior a 90<br \/>\n&#8211; Punto de fluidez \u00b0C, no superior a -3<br \/>\n&#8211; Punto de inflamaci\u00f3n \u00b0C, no inferior a 250<\/p>\n","protected":false},"excerpt":{"rendered":"<p>Aceite mineral para motor<br \/>\nDisponible en bidones de 1 L, 4 L, 5 L y 20 L<br \/>\nCada caja contiene 4 bidones de 5 L<br \/>\nCada pal\u00e9 tiene capacidad para 70 cajas de bidones de 5 L<\/p>\n","protected":false},"featured_media":19802,"comment_status":"open","ping_status":"closed","template":"","meta":{"_acf_changed":false},"brand":[1437],"product_cat":[1281],"product_tag":[851],"class_list":{"0":"post-19928","1":"product","2":"type-product","3":"status-publish","4":"has-post-thumbnail","6":"brand-gm-oil-es","7":"product_cat-productos-de-automocion","8":"product_tag-front-product-es","10":"first","11":"instock","12":"shipping-taxable","13":"purchasable","14":"product-type-simple"},"acf":[],"_links":{"self":[{"href":"https:\/\/turkmenexporter.com\/es\/wp-json\/wp\/v2\/product\/19928","targetHints":{"allow":["GET"]}}],"collection":[{"href":"https:\/\/turkmenexporter.com\/es\/wp-json\/wp\/v2\/product"}],"about":[{"href":"https:\/\/turkmenexporter.com\/es\/wp-json\/wp\/v2\/types\/product"}],"replies":[{"embeddable":true,"href":"https:\/\/turkmenexporter.com\/es\/wp-json\/wp\/v2\/comments?post=19928"}],"version-history":[{"count":0,"href":"https:\/\/turkmenexporter.com\/es\/wp-json\/wp\/v2\/product\/19928\/revisions"}],"wp:featuredmedia":[{"embeddable":true,"href":"https:\/\/turkmenexporter.com\/es\/wp-json\/wp\/v2\/media\/19802"}],"wp:attachment":[{"href":"https:\/\/turkmenexporter.com\/es\/wp-json\/wp\/v2\/media?parent=19928"}],"wp:term":[{"taxonomy":"brand","embeddable":true,"href":"https:\/\/turkmenexporter.com\/es\/wp-json\/wp\/v2\/brand?post=19928"},{"taxonomy":"product_cat","embeddable":true,"href":"https:\/\/turkmenexporter.com\/es\/wp-json\/wp\/v2\/product_cat?post=19928"},{"taxonomy":"product_tag","embeddable":true,"href":"https:\/\/turkmenexporter.com\/es\/wp-json\/wp\/v2\/product_tag?post=19928"}],"curies":[{"name":"wp","href":"https:\/\/api.w.org\/{rel}","templated":true}]}}