{"id":19929,"date":"2025-09-09T15:27:00","date_gmt":"2025-09-09T10:27:00","guid":{"rendered":"https:\/\/turkmenexporter.com\/product\/aceite-de-motor-semisintetico-10w-40\/"},"modified":"2025-09-09T15:27:00","modified_gmt":"2025-09-09T10:27:00","slug":"aceite-de-motor-semisintetico-10w-40","status":"publish","type":"product","link":"https:\/\/turkmenexporter.com\/es\/producto\/aceite-de-motor-semisintetico-10w-40\/","title":{"rendered":"Aceite de motor semisint\u00e9tico 10W-40"},"content":{"rendered":"<p>Aceite de motor semisint\u00e9tico para todo tipo de clima, apto para motores de gasolina y di\u00e9sel. Elaborado con aceites base sint\u00e9ticos y minerales de alta calidad. Un paquete de aditivos de alta tecnolog\u00eda especialmente seleccionado proporciona ahorro de combustible y una protecci\u00f3n fiable de las piezas del motor contra el desgaste y la formaci\u00f3n de dep\u00f3sitos.  <\/p>\n<p> &#8211; Viscosidad cinem\u00e1tica a 100 \u00b0C mm\u00b2\/s, entre 12,5 y 16,3<br \/>\n&#8211; Viscosidad din\u00e1mica a -25 \u00b0C MPa s, no superior a 7000<br \/>\n&#8211; \u00cdndice de viscosidad, no inferior a 130<br \/>\n&#8211; Punto de fluidez \u00b0C, no superior a -30<br \/>\n&#8211; Punto de inflamaci\u00f3n \u00b0C, no inferior a 210<\/p>\n","protected":false},"excerpt":{"rendered":"<p>Aceite de motor semisint\u00e9tico<br \/>\nDisponible en bidones de 1 L, 4 L, 5 L y 20 L<br \/>\nCada caja contiene 4 bidones de 5 L<br \/>\nCada pal\u00e9 tiene capacidad para 70 cajas de bidones de 5 L<\/p>\n","protected":false},"featured_media":19808,"comment_status":"open","ping_status":"closed","template":"","meta":{"_acf_changed":false},"brand":[1437],"product_cat":[1281],"product_tag":[],"class_list":{"0":"post-19929","1":"product","2":"type-product","3":"status-publish","4":"has-post-thumbnail","6":"brand-gm-oil-es","7":"product_cat-productos-de-automocion","9":"first","10":"instock","11":"shipping-taxable","12":"purchasable","13":"product-type-simple"},"acf":[],"_links":{"self":[{"href":"https:\/\/turkmenexporter.com\/es\/wp-json\/wp\/v2\/product\/19929","targetHints":{"allow":["GET"]}}],"collection":[{"href":"https:\/\/turkmenexporter.com\/es\/wp-json\/wp\/v2\/product"}],"about":[{"href":"https:\/\/turkmenexporter.com\/es\/wp-json\/wp\/v2\/types\/product"}],"replies":[{"embeddable":true,"href":"https:\/\/turkmenexporter.com\/es\/wp-json\/wp\/v2\/comments?post=19929"}],"version-history":[{"count":0,"href":"https:\/\/turkmenexporter.com\/es\/wp-json\/wp\/v2\/product\/19929\/revisions"}],"wp:featuredmedia":[{"embeddable":true,"href":"https:\/\/turkmenexporter.com\/es\/wp-json\/wp\/v2\/media\/19808"}],"wp:attachment":[{"href":"https:\/\/turkmenexporter.com\/es\/wp-json\/wp\/v2\/media?parent=19929"}],"wp:term":[{"taxonomy":"brand","embeddable":true,"href":"https:\/\/turkmenexporter.com\/es\/wp-json\/wp\/v2\/brand?post=19929"},{"taxonomy":"product_cat","embeddable":true,"href":"https:\/\/turkmenexporter.com\/es\/wp-json\/wp\/v2\/product_cat?post=19929"},{"taxonomy":"product_tag","embeddable":true,"href":"https:\/\/turkmenexporter.com\/es\/wp-json\/wp\/v2\/product_tag?post=19929"}],"curies":[{"name":"wp","href":"https:\/\/api.w.org\/{rel}","templated":true}]}}