{"id":19931,"date":"2025-09-09T15:27:00","date_gmt":"2025-09-09T10:27:00","guid":{"rendered":"https:\/\/turkmenexporter.com\/product\/aceite-de-motor-lubricante-totalmente-sintetico-5w-40\/"},"modified":"2025-09-09T15:27:00","modified_gmt":"2025-09-09T10:27:00","slug":"aceite-de-motor-lubricante-totalmente-sintetico-5w-40","status":"publish","type":"product","link":"https:\/\/turkmenexporter.com\/es\/producto\/aceite-de-motor-lubricante-totalmente-sintetico-5w-40\/","title":{"rendered":"Aceite de motor lubricante totalmente sint\u00e9tico 5W-40"},"content":{"rendered":"<p>Aceite totalmente sint\u00e9tico para todo tipo de clima, apto para motores de gasolina y di\u00e9sel. Fabricado con componentes sint\u00e9ticos de alta calidad y un complejo de aditivos multifuncionales adaptados a ellos. Se caracteriza por su baja viscosidad y alta productividad. Ofrece una alta protecci\u00f3n contra el desgaste del motor, ahorro de combustible y una larga vida \u00fatil.  <\/p>\n<p> &#8211; Viscosidad cinem\u00e1tica a 100 \u00b0C mm\u00b2\/s, entre 12,5 y 16,3<br \/>\n&#8211; Viscosidad din\u00e1mica a -30 \u00b0C MPa s, no superior a 6600<br \/>\n&#8211; \u00cdndice de viscosidad, no inferior a 145<br \/>\n&#8211; Punto de fluidez \u00b0C, no superior a -35<br \/>\n&#8211; Punto de inflamaci\u00f3n \u00b0C, no inferior a 200<\/p>\n","protected":false},"excerpt":{"rendered":"<p>Aceite de motor totalmente sint\u00e9tico<br \/>\nDisponible en bidones de 1, 4 y 5 litros<br \/>\nCada caja contiene 4 bidones de 5 litros<br \/>\nCada pal\u00e9 tiene capacidad para 70 cajas de bidones de 5 litros<\/p>\n","protected":false},"featured_media":19784,"comment_status":"open","ping_status":"closed","template":"","meta":{"_acf_changed":false},"brand":[1437],"product_cat":[1281],"product_tag":[],"class_list":{"0":"post-19931","1":"product","2":"type-product","3":"status-publish","4":"has-post-thumbnail","6":"brand-gm-oil-es","7":"product_cat-productos-de-automocion","9":"first","10":"instock","11":"shipping-taxable","12":"purchasable","13":"product-type-simple"},"acf":[],"_links":{"self":[{"href":"https:\/\/turkmenexporter.com\/es\/wp-json\/wp\/v2\/product\/19931","targetHints":{"allow":["GET"]}}],"collection":[{"href":"https:\/\/turkmenexporter.com\/es\/wp-json\/wp\/v2\/product"}],"about":[{"href":"https:\/\/turkmenexporter.com\/es\/wp-json\/wp\/v2\/types\/product"}],"replies":[{"embeddable":true,"href":"https:\/\/turkmenexporter.com\/es\/wp-json\/wp\/v2\/comments?post=19931"}],"version-history":[{"count":0,"href":"https:\/\/turkmenexporter.com\/es\/wp-json\/wp\/v2\/product\/19931\/revisions"}],"wp:featuredmedia":[{"embeddable":true,"href":"https:\/\/turkmenexporter.com\/es\/wp-json\/wp\/v2\/media\/19784"}],"wp:attachment":[{"href":"https:\/\/turkmenexporter.com\/es\/wp-json\/wp\/v2\/media?parent=19931"}],"wp:term":[{"taxonomy":"brand","embeddable":true,"href":"https:\/\/turkmenexporter.com\/es\/wp-json\/wp\/v2\/brand?post=19931"},{"taxonomy":"product_cat","embeddable":true,"href":"https:\/\/turkmenexporter.com\/es\/wp-json\/wp\/v2\/product_cat?post=19931"},{"taxonomy":"product_tag","embeddable":true,"href":"https:\/\/turkmenexporter.com\/es\/wp-json\/wp\/v2\/product_tag?post=19931"}],"curies":[{"name":"wp","href":"https:\/\/api.w.org\/{rel}","templated":true}]}}