{"id":19932,"date":"2025-09-09T15:27:05","date_gmt":"2025-09-09T10:27:05","guid":{"rendered":"https:\/\/turkmenexporter.com\/product\/aceite-hidraulico-iso-vg-46-hm\/"},"modified":"2025-09-09T15:27:05","modified_gmt":"2025-09-09T10:27:05","slug":"aceite-hidraulico-iso-vg-46-hm","status":"publish","type":"product","link":"https:\/\/turkmenexporter.com\/es\/producto\/aceite-hidraulico-iso-vg-46-hm\/","title":{"rendered":"Aceite hidr\u00e1ulico ISO VG-46 HM"},"content":{"rendered":"<p>Aceite de alta calidad dise\u00f1ado para sistemas hidr\u00e1ulicos de autom\u00f3viles, maquinaria especial y equipos. Se produce a partir de aceites minerales de alta calidad obtenidos del petr\u00f3leo crudo. Tiene un alto potencial antioxidante y estabilidad t\u00e9rmica y qu\u00edmica. Protege las piezas del sistema hidr\u00e1ulico contra el desgaste y permite un funcionamiento continuo durante largos periodos de tiempo.   <\/p>\n<p> &#8211; Viscosidad cinem\u00e1tica a 100 \u00b0C mm\u00b2\/s, entre 41,4 y 50,6<br \/>\n&#8211; \u00cdndice de viscosidad, no inferior a 95<br \/>\n&#8211; Punto de fluidez \u00b0C, no superior a -15<br \/>\n&#8211; Punto de inflamaci\u00f3n \u00b0C, no inferior a 210<\/p>\n","protected":false},"excerpt":{"rendered":"<p>Aceite hidr\u00e1ulico GM OIL<br \/>\nDisponible en bidones de 20 litros y barriles de 208 litros.<\/p>\n","protected":false},"featured_media":19832,"comment_status":"open","ping_status":"closed","template":"","meta":{"_acf_changed":false},"brand":[1437],"product_cat":[1281],"product_tag":[],"class_list":{"0":"post-19932","1":"product","2":"type-product","3":"status-publish","4":"has-post-thumbnail","6":"brand-gm-oil-es","7":"product_cat-productos-de-automocion","9":"first","10":"instock","11":"shipping-taxable","12":"purchasable","13":"product-type-simple"},"acf":[],"_links":{"self":[{"href":"https:\/\/turkmenexporter.com\/es\/wp-json\/wp\/v2\/product\/19932","targetHints":{"allow":["GET"]}}],"collection":[{"href":"https:\/\/turkmenexporter.com\/es\/wp-json\/wp\/v2\/product"}],"about":[{"href":"https:\/\/turkmenexporter.com\/es\/wp-json\/wp\/v2\/types\/product"}],"replies":[{"embeddable":true,"href":"https:\/\/turkmenexporter.com\/es\/wp-json\/wp\/v2\/comments?post=19932"}],"version-history":[{"count":0,"href":"https:\/\/turkmenexporter.com\/es\/wp-json\/wp\/v2\/product\/19932\/revisions"}],"wp:featuredmedia":[{"embeddable":true,"href":"https:\/\/turkmenexporter.com\/es\/wp-json\/wp\/v2\/media\/19832"}],"wp:attachment":[{"href":"https:\/\/turkmenexporter.com\/es\/wp-json\/wp\/v2\/media?parent=19932"}],"wp:term":[{"taxonomy":"brand","embeddable":true,"href":"https:\/\/turkmenexporter.com\/es\/wp-json\/wp\/v2\/brand?post=19932"},{"taxonomy":"product_cat","embeddable":true,"href":"https:\/\/turkmenexporter.com\/es\/wp-json\/wp\/v2\/product_cat?post=19932"},{"taxonomy":"product_tag","embeddable":true,"href":"https:\/\/turkmenexporter.com\/es\/wp-json\/wp\/v2\/product_tag?post=19932"}],"curies":[{"name":"wp","href":"https:\/\/api.w.org\/{rel}","templated":true}]}}