{"id":19990,"date":"2025-11-27T11:16:21","date_gmt":"2025-11-27T06:16:21","guid":{"rendered":"https:\/\/turkmenexporter.com\/product\/nesil-cafe-liofilizado\/"},"modified":"2025-11-27T11:16:21","modified_gmt":"2025-11-27T06:16:21","slug":"nesil-cafe-liofilizado","status":"publish","type":"product","link":"https:\/\/turkmenexporter.com\/es\/producto\/nesil-cafe-liofilizado\/","title":{"rendered":"Caf\u00e9 Nesil Liofilizado"},"content":{"rendered":"<p>Caf\u00e9 liofilizado instant\u00e1neo natural. No GMO.<\/p>\n<p>Condiciones de almacenamiento: Almacenar en un recipiente herm\u00e9ticamente cerrado en un lugar fresco y seco.<\/p>\n<p>PESO NETO: 54 g. Certificado por T\u015e 01449067-02-2023. <\/p>\n","protected":false},"excerpt":{"rendered":"<p>Caf\u00e9 liofilizado instant\u00e1neo natural<\/p>\n<p>30 barritas por paquete.<\/p>\n<p>20 paquetes por caja.<\/p>\n<p>96 cajas por pal\u00e9.<\/p>\n<p>Peso del paquete: 54 g<\/p>\n","protected":false},"featured_media":19966,"comment_status":"open","ping_status":"closed","template":"","meta":{"_acf_changed":false},"brand":[1258],"product_cat":[732],"product_tag":[],"class_list":{"0":"post-19990","1":"product","2":"type-product","3":"status-publish","4":"has-post-thumbnail","6":"brand-nesil-coffee-es","7":"product_cat-cafe-es","9":"first","10":"instock","11":"shipping-taxable","12":"purchasable","13":"product-type-simple"},"acf":[],"_links":{"self":[{"href":"https:\/\/turkmenexporter.com\/es\/wp-json\/wp\/v2\/product\/19990","targetHints":{"allow":["GET"]}}],"collection":[{"href":"https:\/\/turkmenexporter.com\/es\/wp-json\/wp\/v2\/product"}],"about":[{"href":"https:\/\/turkmenexporter.com\/es\/wp-json\/wp\/v2\/types\/product"}],"replies":[{"embeddable":true,"href":"https:\/\/turkmenexporter.com\/es\/wp-json\/wp\/v2\/comments?post=19990"}],"version-history":[{"count":0,"href":"https:\/\/turkmenexporter.com\/es\/wp-json\/wp\/v2\/product\/19990\/revisions"}],"wp:featuredmedia":[{"embeddable":true,"href":"https:\/\/turkmenexporter.com\/es\/wp-json\/wp\/v2\/media\/19966"}],"wp:attachment":[{"href":"https:\/\/turkmenexporter.com\/es\/wp-json\/wp\/v2\/media?parent=19990"}],"wp:term":[{"taxonomy":"brand","embeddable":true,"href":"https:\/\/turkmenexporter.com\/es\/wp-json\/wp\/v2\/brand?post=19990"},{"taxonomy":"product_cat","embeddable":true,"href":"https:\/\/turkmenexporter.com\/es\/wp-json\/wp\/v2\/product_cat?post=19990"},{"taxonomy":"product_tag","embeddable":true,"href":"https:\/\/turkmenexporter.com\/es\/wp-json\/wp\/v2\/product_tag?post=19990"}],"curies":[{"name":"wp","href":"https:\/\/api.w.org\/{rel}","templated":true}]}}