{"id":20099,"date":"2026-01-12T16:47:26","date_gmt":"2026-01-12T11:47:26","guid":{"rendered":"https:\/\/turkmenexporter.com\/product\/automotive-lead-acid-battery-menzil-12v-75ah\/"},"modified":"2026-01-12T16:47:26","modified_gmt":"2026-01-12T11:47:26","slug":"automotive-lead-acid-battery-menzil-12v-75ah","status":"publish","type":"product","link":"https:\/\/turkmenexporter.com\/es\/producto\/automotive-lead-acid-battery-menzil-12v-75ah\/","title":{"rendered":"Bater\u00eda de plomo-\u00e1cido para autom\u00f3viles Menzil 12 V 75 Ah"},"content":{"rendered":"<p data-start=\"284\" data-end=\"593\">La <strong data-start=\"288\" data-end=\"326\">bater\u00eda para autom\u00f3viles Menzil 12V 75Ah<\/strong> es una bater\u00eda de arranque de plomo-\u00e1cido desarrollada para veh\u00edculos que requieren una mayor potencia de arranque y una mayor reserva de energ\u00eda. Este modelo es adecuado para turismos, veh\u00edculos comerciales ligeros y veh\u00edculos de transporte utilitario que operan en condiciones est\u00e1ndar y moderadamente exigentes. <\/p>\n<ul data-start=\"1511\" data-end=\"1811\">\n<li data-start=\"1511\" data-end=\"1578\">\n<p data-start=\"1513\" data-end=\"1578\"><strong data-start=\"1513\" data-end=\"1546\">M\u00ednimo Pedido Cantidad (MOQ):<\/strong> 1500 unidades (aprox. 25 toneladas)<\/p>\n<\/li>\n<li data-start=\"1579\" data-end=\"1638\">\n<p data-start=\"1581\" data-end=\"1638\"><strong data-start=\"1581\" data-end=\"1595\">Packaging:<\/strong> Wrapped in polyethylene film, palletized<\/p>\n<\/li>\n<li data-start=\"1639\" data-end=\"1677\"><strong data-start=\"1680\" data-end=\"1698\">Condiciones de pago:<\/strong> 100% pago por adelantado<\/li>\n<li data-start=\"1717\" data-end=\"1756\">\n<p data-start=\"1719\" data-end=\"1756\"><strong data-start=\"1719\" data-end=\"1741\">Pa\u00eds de origen:<\/strong> Turkmenist\u00e1n<\/p>\n<\/li>\n<\/ul>\n<p>El producto est\u00e1 preparado para exportaci\u00f3n a granel a5&gt; exportaci\u00f3n env\u00edos y optimizado para paletizado transporte. Producida en Turkmenist\u00e1n, la bater\u00eda est\u00e1 dise\u00f1ada para exportaci\u00f3n orientada al suministro, ofreciendo un rendimiento constante y especificaciones pr\u00e1cticas para a27&gt; distribuidores y compradores al por mayor. <\/p>\n","protected":false},"excerpt":{"rendered":"<p>Menzil 12 V 75 Ah plomo-\u00e1cido automotriz bater\u00eda para autom\u00f3viles y veh\u00edculos comerciales ligeros .<\/p>\n<ul>\n<li data-start=\"879\" data-end=\"907\">\n<p data-start=\"881\" data-end=\"907\"><strong data-start=\"881\" data-end=\"901\">Tensi\u00f3n nominal:<\/strong> 12 V<\/p>\n<\/li>\n<li data-start=\"908\" data-end=\"931\">\n<p data-start=\"910\" data-end=\"931\"><strong data-start=\"910\" data-end=\"923\">Capacidad:<\/strong> 75 Ah<\/p>\n<\/li>\n<li data-start=\"985\" data-end=\"1023\">\n<p data-start=\"987\" data-end=\"1023\"><strong data-start=\"987\" data-end=\"1002\">Dimensiones:<\/strong> 260 \u00d7 170 \u00d7 220 mm<\/p>\n<\/li>\n<li data-start=\"1024\" data-end=\"1053\">\n<p data-start=\"1026\" data-end=\"1053\"><strong data-start=\"1026\" data-end=\"1037\">Peso:<\/strong> aprox. 20 kg <\/p>\n<\/li>\n<\/ul>\n","protected":false},"featured_media":20040,"comment_status":"open","ping_status":"closed","template":"","meta":{"_acf_changed":false},"brand":[1459],"product_cat":[1281],"product_tag":[],"class_list":{"0":"post-20099","1":"product","2":"type-product","3":"status-publish","4":"has-post-thumbnail","6":"brand-hindiwar","7":"product_cat-productos-de-automocion","9":"first","10":"instock","11":"shipping-taxable","12":"purchasable","13":"product-type-simple"},"acf":[],"_links":{"self":[{"href":"https:\/\/turkmenexporter.com\/es\/wp-json\/wp\/v2\/product\/20099","targetHints":{"allow":["GET"]}}],"collection":[{"href":"https:\/\/turkmenexporter.com\/es\/wp-json\/wp\/v2\/product"}],"about":[{"href":"https:\/\/turkmenexporter.com\/es\/wp-json\/wp\/v2\/types\/product"}],"replies":[{"embeddable":true,"href":"https:\/\/turkmenexporter.com\/es\/wp-json\/wp\/v2\/comments?post=20099"}],"version-history":[{"count":0,"href":"https:\/\/turkmenexporter.com\/es\/wp-json\/wp\/v2\/product\/20099\/revisions"}],"wp:featuredmedia":[{"embeddable":true,"href":"https:\/\/turkmenexporter.com\/es\/wp-json\/wp\/v2\/media\/20040"}],"wp:attachment":[{"href":"https:\/\/turkmenexporter.com\/es\/wp-json\/wp\/v2\/media?parent=20099"}],"wp:term":[{"taxonomy":"brand","embeddable":true,"href":"https:\/\/turkmenexporter.com\/es\/wp-json\/wp\/v2\/brand?post=20099"},{"taxonomy":"product_cat","embeddable":true,"href":"https:\/\/turkmenexporter.com\/es\/wp-json\/wp\/v2\/product_cat?post=20099"},{"taxonomy":"product_tag","embeddable":true,"href":"https:\/\/turkmenexporter.com\/es\/wp-json\/wp\/v2\/product_tag?post=20099"}],"curies":[{"name":"wp","href":"https:\/\/api.w.org\/{rel}","templated":true}]}}