{"id":20101,"date":"2026-01-12T16:41:56","date_gmt":"2026-01-12T11:41:56","guid":{"rendered":"https:\/\/turkmenexporter.com\/product\/automotive-lead-acid-battery-menzil-12v-60ah\/"},"modified":"2026-01-12T16:41:56","modified_gmt":"2026-01-12T11:41:56","slug":"automotive-lead-acid-battery-menzil-12v-60ah","status":"publish","type":"product","link":"https:\/\/turkmenexporter.com\/es\/producto\/automotive-lead-acid-battery-menzil-12v-60ah\/","title":{"rendered":"Bater\u00eda de plomo-\u00e1cido para autom\u00f3viles Menzil 12 V 60 Ah"},"content":{"rendered":"<p data-start=\"297\" data-end=\"582\">La <strong data-start=\"301\" data-end=\"339\">bater\u00eda para autom\u00f3viles Menzil 12V 60Ah<\/strong> es una bater\u00eda de arranque de plomo-\u00e1cido dise\u00f1ada para veh\u00edculos de pasajeros y aplicaciones automovil\u00edsticas ligeras. Fabricada en Turkmenist\u00e1n, esta bater\u00eda es adecuada para un arranque estable del motor y un suministro de energ\u00eda fiable en condiciones de funcionamiento normales. <\/p>\n<ul data-start=\"1464\" data-end=\"1764\">\n<li data-start=\"1464\" data-end=\"1531\">\n<p data-start=\"1466\" data-end=\"1531\"><strong data-start=\"1466\" data-end=\"1499\">M\u00ednimo Pedido Cantidad (MOQ):<\/strong> 1500 unidades (aprox. 25 toneladas)<\/p>\n<\/li>\n<li data-start=\"1532\" data-end=\"1591\">\n<p data-start=\"1534\" data-end=\"1591\"><strong data-start=\"1534\" data-end=\"1548\">Packaging:<\/strong> Wrapped in polyethylene film, palletized<\/p>\n<\/li>\n<li data-start=\"1631\" data-end=\"1669\">\n<p data-start=\"1633\" data-end=\"1669\"><strong data-start=\"1633\" data-end=\"1651\">Condiciones de pago:<\/strong> 100% pago por adelantado<\/p>\n<\/li>\n<li data-start=\"1670\" data-end=\"1709\">\n<p data-start=\"1672\" data-end=\"1709\"><strong data-start=\"1672\" data-end=\"1694\">Pa\u00eds de origen:<\/strong> Turkmenist\u00e1n<\/p>\n<\/li>\n<\/ul>\n<p data-start=\"584\" data-end=\"762\">El producto est\u00e1 destinado tanto al mercado nacional como a los mercados de exportaci\u00f3n, y ofrece una combinaci\u00f3n equilibrada de rendimiento, durabilidad y rentabilidad para compradores y distribuidores B2B.<\/p>\n","protected":false},"excerpt":{"rendered":"<p data-start=\"809\" data-end=\"868\">Menzil 12 V 60 Ah plomo-\u00e1cido automotriz bater\u00eda para turismos y veh\u00edculos ligeros veh\u00edculos.<\/p>\n<ul>\n<li data-start=\"869\" data-end=\"897\">\n<p data-start=\"871\" data-end=\"897\"><strong data-start=\"871\" data-end=\"891\">Tensi\u00f3n nominal:<\/strong> 12 V<\/p>\n<\/li>\n<li data-start=\"898\" data-end=\"921\">\n<p data-start=\"900\" data-end=\"921\"><strong data-start=\"900\" data-end=\"913\">Capacidad:<\/strong> 60 Ah<\/p>\n<\/li>\n<li data-start=\"922\" data-end=\"974\"><strong data-start=\"977\" data-end=\"992\">Dimensiones:<\/strong> 230 \u00d7 170 \u00d7 200 mm<\/li>\n<li data-start=\"1014\" data-end=\"1043\">\n<p data-start=\"1016\" data-end=\"1043\"><strong data-start=\"1016\" data-end=\"1027\">Peso:<\/strong> aprox. 17 kg <\/p>\n<\/li>\n<\/ul>\n<div class=\"flex flex-col text-sm pb-25\">\n<article class=\"text-token-text-primary w-full focus:outline-none [--shadow-height:45px] has-data-writing-block:pointer-events-none has-data-writing-block:-mt-(--shadow-height) has-data-writing-block:pt-(--shadow-height) [&amp;:has([data-writing-block])&gt;*]:pointer-events-auto scroll-mt-[calc(var(--header-height)+min(200px,max(70px,20svh)))]\" dir=\"auto\" data-turn-id=\"49873057-7f6d-495e-afc5-646eaec33e23\" data-testid=\"conversation-turn-134\" data-scroll-anchor=\"true\" data-turn=\"assistant\">\n<div class=\"text-base my-auto mx-auto pb-10 [--thread-content-margin:--spacing(4)] @w-sm\/main:[--thread-content-margin:--spacing(6)] @w-lg\/main:[--thread-content-margin:--spacing(16)] px-(--thread-content-margin)\">\n<div class=\"[--thread-content-max-width:40rem] @w-lg\/main:[--thread-content-max-width:48rem] mx-auto max-w-(--thread-content-max-width) flex-1 group\/turn-messages focus-visible:outline-hidden relative flex w-full min-w-0 flex-col agent-turn\">\n<div class=\"flex max-w-full flex-col grow\">\n<div class=\"min-h-8 text-message relative flex w-full flex-col items-end gap-2 text-start break-words whitespace-normal [.text-message+&amp;]:mt-1\" dir=\"auto\" data-message-author-role=\"assistant\" data-message-id=\"de9bdc8b-7abf-4a79-93b0-d5030ff73aba\" data-message-model-slug=\"gpt-5-2\">\n<div class=\"flex w-full flex-col gap-1 empty:hidden first:pt-[1px]\">\n<div class=\"markdown prose dark:prose-invert w-full break-words dark markdown-new-styling\">\n<p data-start=\"0\" data-end=\"60\" data-is-last-node=\"\" data-is-only-node=\"\">El precio exacto debe confirmarse con el fabricante.<\/p>\n<\/div>\n<\/div>\n<\/div>\n<\/div>\n<\/div>\n<\/div>\n<\/article>\n<\/div>\n","protected":false},"featured_media":20017,"comment_status":"open","ping_status":"closed","template":"","meta":{"_acf_changed":false},"brand":[1459],"product_cat":[1281],"product_tag":[],"class_list":{"0":"post-20101","1":"product","2":"type-product","3":"status-publish","4":"has-post-thumbnail","6":"brand-hindiwar","7":"product_cat-productos-de-automocion","9":"first","10":"instock","11":"shipping-taxable","12":"purchasable","13":"product-type-simple"},"acf":[],"_links":{"self":[{"href":"https:\/\/turkmenexporter.com\/es\/wp-json\/wp\/v2\/product\/20101","targetHints":{"allow":["GET"]}}],"collection":[{"href":"https:\/\/turkmenexporter.com\/es\/wp-json\/wp\/v2\/product"}],"about":[{"href":"https:\/\/turkmenexporter.com\/es\/wp-json\/wp\/v2\/types\/product"}],"replies":[{"embeddable":true,"href":"https:\/\/turkmenexporter.com\/es\/wp-json\/wp\/v2\/comments?post=20101"}],"version-history":[{"count":0,"href":"https:\/\/turkmenexporter.com\/es\/wp-json\/wp\/v2\/product\/20101\/revisions"}],"wp:featuredmedia":[{"embeddable":true,"href":"https:\/\/turkmenexporter.com\/es\/wp-json\/wp\/v2\/media\/20017"}],"wp:attachment":[{"href":"https:\/\/turkmenexporter.com\/es\/wp-json\/wp\/v2\/media?parent=20101"}],"wp:term":[{"taxonomy":"brand","embeddable":true,"href":"https:\/\/turkmenexporter.com\/es\/wp-json\/wp\/v2\/brand?post=20101"},{"taxonomy":"product_cat","embeddable":true,"href":"https:\/\/turkmenexporter.com\/es\/wp-json\/wp\/v2\/product_cat?post=20101"},{"taxonomy":"product_tag","embeddable":true,"href":"https:\/\/turkmenexporter.com\/es\/wp-json\/wp\/v2\/product_tag?post=20101"}],"curies":[{"name":"wp","href":"https:\/\/api.w.org\/{rel}","templated":true}]}}