{"id":2332,"date":"2024-01-20T00:38:57","date_gmt":"2024-01-19T19:38:57","guid":{"rendered":"https:\/\/turkmenexporter.com\/product\/semillas-de-girasol-tostadas\/"},"modified":"2024-09-17T19:29:28","modified_gmt":"2024-09-17T14:29:28","slug":"semillas-de-girasol-tostadas","status":"publish","type":"product","link":"https:\/\/turkmenexporter.com\/es\/producto\/semillas-de-girasol-tostadas\/","title":{"rendered":"Semillas de girasol tostadas"},"content":{"rendered":"<p>Pipas de girasol tostadas sin sal. Ingredientes: pipas de girasol. Valor nutricional por 100 g de producto: prote\u00ednas 19,3 g, grasas 49,8 g, hidratos de carbono 24,1 g., valor energ\u00e9tico 622 kcal. Condiciones de conservaci\u00f3n: conservar a +20\u00baC y humedad relativa no superior al 70%. Caducidad: 10 meses. La fecha de fabricaci\u00f3n y la fecha de caducidad est\u00e1n indicadas en el envase. Conservar en lugar fresco y seco. Producto certificado.<\/p>\n<p>Volumen de la caja: 0,019 M3<br \/>\nPeso bruto de la caja: 1,7 kg<\/p>\n","protected":false},"excerpt":{"rendered":"<p>Pipas de girasol tostadas en paquetes de 30 g<br \/>\n40 paquetes por caja.<\/p>\n","protected":false},"featured_media":2680,"comment_status":"open","ping_status":"closed","template":"","meta":{"_acf_changed":false},"brand":[274],"product_cat":[258],"product_tag":[851],"class_list":{"0":"post-2332","1":"product","2":"type-product","3":"status-publish","4":"has-post-thumbnail","6":"brand-altyn-yunus-es","7":"product_cat-semillas-de-girasol","8":"product_tag-front-product-es","10":"first","11":"instock","12":"shipping-taxable","13":"purchasable","14":"product-type-simple"},"acf":[],"_links":{"self":[{"href":"https:\/\/turkmenexporter.com\/es\/wp-json\/wp\/v2\/product\/2332","targetHints":{"allow":["GET"]}}],"collection":[{"href":"https:\/\/turkmenexporter.com\/es\/wp-json\/wp\/v2\/product"}],"about":[{"href":"https:\/\/turkmenexporter.com\/es\/wp-json\/wp\/v2\/types\/product"}],"replies":[{"embeddable":true,"href":"https:\/\/turkmenexporter.com\/es\/wp-json\/wp\/v2\/comments?post=2332"}],"version-history":[{"count":2,"href":"https:\/\/turkmenexporter.com\/es\/wp-json\/wp\/v2\/product\/2332\/revisions"}],"predecessor-version":[{"id":3353,"href":"https:\/\/turkmenexporter.com\/es\/wp-json\/wp\/v2\/product\/2332\/revisions\/3353"}],"wp:featuredmedia":[{"embeddable":true,"href":"https:\/\/turkmenexporter.com\/es\/wp-json\/wp\/v2\/media\/2680"}],"wp:attachment":[{"href":"https:\/\/turkmenexporter.com\/es\/wp-json\/wp\/v2\/media?parent=2332"}],"wp:term":[{"taxonomy":"brand","embeddable":true,"href":"https:\/\/turkmenexporter.com\/es\/wp-json\/wp\/v2\/brand?post=2332"},{"taxonomy":"product_cat","embeddable":true,"href":"https:\/\/turkmenexporter.com\/es\/wp-json\/wp\/v2\/product_cat?post=2332"},{"taxonomy":"product_tag","embeddable":true,"href":"https:\/\/turkmenexporter.com\/es\/wp-json\/wp\/v2\/product_tag?post=2332"}],"curies":[{"name":"wp","href":"https:\/\/api.w.org\/{rel}","templated":true}]}}