{"id":3475,"date":"2024-02-08T06:38:44","date_gmt":"2024-02-08T01:38:44","guid":{"rendered":"https:\/\/turkmenexporter.com\/?post_type=product&#038;p=3475"},"modified":"2024-09-17T19:29:24","modified_gmt":"2024-09-17T14:29:24","slug":"semillas-de-calabaza-tostadas","status":"publish","type":"product","link":"https:\/\/turkmenexporter.com\/es\/producto\/semillas-de-calabaza-tostadas\/","title":{"rendered":"Semillas de calabaza tostadas"},"content":{"rendered":"<p>Pipas de calabaza tostadas sin sal. Ingredientes: pipas de calabaza. Valor nutricional por 100 g de producto: prote\u00ednas 29,0 g, grasas 13,1 g, hidratos de carbono 46,7 g., valor energ\u00e9tico 589 kcal. Condiciones de conservaci\u00f3n: conservar a +20\u00baC \u00b15\u00baC y humedad relativa no superior al 70%. La fecha de fabricaci\u00f3n y la fecha de caducidad est\u00e1n indicadas en el envase. Conservar en lugar fresco y seco. Producto certificado.<\/p>\n<ul>\n<li>Volumen de la caja: 0,019 M3<\/li>\n<li>Peso bruto de la caja: 1,7 kg<\/li>\n<li>Caducidad: 10 meses<\/li>\n<\/ul>\n","protected":false},"excerpt":{"rendered":"<p>Pipas de calabaza tostadas en paquetes de 30 g<br \/>\n40 paquetes en una caja<\/p>\n","protected":false},"featured_media":3481,"comment_status":"open","ping_status":"closed","template":"","meta":{"_acf_changed":false},"brand":[274],"product_cat":[285],"product_tag":[],"class_list":{"0":"post-3475","1":"product","2":"type-product","3":"status-publish","4":"has-post-thumbnail","6":"brand-altyn-yunus-es","7":"product_cat-semillas-de-calabaza","9":"first","10":"instock","11":"shipping-taxable","12":"purchasable","13":"product-type-simple"},"acf":[],"_links":{"self":[{"href":"https:\/\/turkmenexporter.com\/es\/wp-json\/wp\/v2\/product\/3475","targetHints":{"allow":["GET"]}}],"collection":[{"href":"https:\/\/turkmenexporter.com\/es\/wp-json\/wp\/v2\/product"}],"about":[{"href":"https:\/\/turkmenexporter.com\/es\/wp-json\/wp\/v2\/types\/product"}],"replies":[{"embeddable":true,"href":"https:\/\/turkmenexporter.com\/es\/wp-json\/wp\/v2\/comments?post=3475"}],"version-history":[{"count":2,"href":"https:\/\/turkmenexporter.com\/es\/wp-json\/wp\/v2\/product\/3475\/revisions"}],"predecessor-version":[{"id":3492,"href":"https:\/\/turkmenexporter.com\/es\/wp-json\/wp\/v2\/product\/3475\/revisions\/3492"}],"wp:featuredmedia":[{"embeddable":true,"href":"https:\/\/turkmenexporter.com\/es\/wp-json\/wp\/v2\/media\/3481"}],"wp:attachment":[{"href":"https:\/\/turkmenexporter.com\/es\/wp-json\/wp\/v2\/media?parent=3475"}],"wp:term":[{"taxonomy":"brand","embeddable":true,"href":"https:\/\/turkmenexporter.com\/es\/wp-json\/wp\/v2\/brand?post=3475"},{"taxonomy":"product_cat","embeddable":true,"href":"https:\/\/turkmenexporter.com\/es\/wp-json\/wp\/v2\/product_cat?post=3475"},{"taxonomy":"product_tag","embeddable":true,"href":"https:\/\/turkmenexporter.com\/es\/wp-json\/wp\/v2\/product_tag?post=3475"}],"curies":[{"name":"wp","href":"https:\/\/api.w.org\/{rel}","templated":true}]}}