{"id":3522,"date":"2024-02-08T07:30:06","date_gmt":"2024-02-08T02:30:06","guid":{"rendered":"https:\/\/turkmenexporter.com\/?post_type=product&#038;p=3522"},"modified":"2024-09-17T19:29:23","modified_gmt":"2024-09-17T14:29:23","slug":"semillas-de-maiz-tostadas-y-saladas","status":"publish","type":"product","link":"https:\/\/turkmenexporter.com\/es\/producto\/semillas-de-maiz-tostadas-y-saladas\/","title":{"rendered":"Semillas de ma\u00edz tostadas y saladas"},"content":{"rendered":"<p>Ma\u00edz salado. Ingredientes: ma\u00edz, aceite de girasol, sal alimentaria. Valor nutricional por 100 g de producto: prote\u00ednas 7,2 g, grasas 13,8 g, hidratos de carbono 67,0 g., valor energ\u00e9tico 421 kcal. Condiciones de conservaci\u00f3n: conservar a +20\u00baC +3\u00baC y humedad relativa no superior al 70%. La fecha de fabricaci\u00f3n y la fecha de caducidad est\u00e1n indicadas en el envase. Conservar en lugar fresco y seco. Producto certificado.<\/p>\n<ul>\n<li>Volumen de la caja: 0,019 M3<\/li>\n<li>Peso bruto de la caja: 1,3 kg<\/li>\n<li>Caducidad: 10 meses<\/li>\n<\/ul>\n","protected":false},"excerpt":{"rendered":"<p>Semillas de ma\u00edz tostadas y saladas en paquetes de 20 g<br \/>\n40 paquetes en una caja<\/p>\n","protected":false},"featured_media":3570,"comment_status":"open","ping_status":"closed","template":"","meta":{"_acf_changed":false},"brand":[274],"product_cat":[320],"product_tag":[851],"class_list":{"0":"post-3522","1":"product","2":"type-product","3":"status-publish","4":"has-post-thumbnail","6":"brand-altyn-yunus-es","7":"product_cat-maiz","8":"product_tag-front-product-es","10":"first","11":"instock","12":"shipping-taxable","13":"purchasable","14":"product-type-simple"},"acf":[],"_links":{"self":[{"href":"https:\/\/turkmenexporter.com\/es\/wp-json\/wp\/v2\/product\/3522","targetHints":{"allow":["GET"]}}],"collection":[{"href":"https:\/\/turkmenexporter.com\/es\/wp-json\/wp\/v2\/product"}],"about":[{"href":"https:\/\/turkmenexporter.com\/es\/wp-json\/wp\/v2\/types\/product"}],"replies":[{"embeddable":true,"href":"https:\/\/turkmenexporter.com\/es\/wp-json\/wp\/v2\/comments?post=3522"}],"version-history":[{"count":2,"href":"https:\/\/turkmenexporter.com\/es\/wp-json\/wp\/v2\/product\/3522\/revisions"}],"predecessor-version":[{"id":3575,"href":"https:\/\/turkmenexporter.com\/es\/wp-json\/wp\/v2\/product\/3522\/revisions\/3575"}],"wp:featuredmedia":[{"embeddable":true,"href":"https:\/\/turkmenexporter.com\/es\/wp-json\/wp\/v2\/media\/3570"}],"wp:attachment":[{"href":"https:\/\/turkmenexporter.com\/es\/wp-json\/wp\/v2\/media?parent=3522"}],"wp:term":[{"taxonomy":"brand","embeddable":true,"href":"https:\/\/turkmenexporter.com\/es\/wp-json\/wp\/v2\/brand?post=3522"},{"taxonomy":"product_cat","embeddable":true,"href":"https:\/\/turkmenexporter.com\/es\/wp-json\/wp\/v2\/product_cat?post=3522"},{"taxonomy":"product_tag","embeddable":true,"href":"https:\/\/turkmenexporter.com\/es\/wp-json\/wp\/v2\/product_tag?post=3522"}],"curies":[{"name":"wp","href":"https:\/\/api.w.org\/{rel}","templated":true}]}}