{"id":3604,"date":"2024-02-08T08:16:58","date_gmt":"2024-02-08T03:16:58","guid":{"rendered":"https:\/\/turkmenexporter.com\/?post_type=product&#038;p=3604"},"modified":"2024-09-17T19:29:22","modified_gmt":"2024-09-17T14:29:22","slug":"pistachos-salados-tostados","status":"publish","type":"product","link":"https:\/\/turkmenexporter.com\/es\/producto\/pistachos-salados-tostados\/","title":{"rendered":"Pistachos salados tostados"},"content":{"rendered":"<p>Pistachos tostados y salados. Ingredientes: pistachos, sal. Condiciones de almacenamiento: almacenar a una temperatura a partir de 20\u00baC y bajo humedad relativa del aire no superior al 70%. La fecha de fabricaci\u00f3n y la fecha de caducidad se indican en el envase. Keep in cool and dry place. Valor nutritivo por 100 g de producto: prote\u00ednas &#8211; 20 g, grasas &#8211; 50 g, hidratos de carbono &#8211; 7 g. Valor energ\u00e9tico &#8211; 558 kcal. Sin OGM. El producto est\u00e1 certificado.<\/p>\n<ul>\n<li>Volumen de la caja: 0,019 M3<\/li>\n<li>Peso bruto de la caja: 1,7 kg<\/li>\n<li>Caducidad: 10 meses<\/li>\n<\/ul>\n","protected":false},"excerpt":{"rendered":"<p>Pistachos salados tostados en paquetes de 35 g<br \/>\n40 paquetes en una caja<\/p>\n","protected":false},"featured_media":3616,"comment_status":"open","ping_status":"closed","template":"","meta":{"_acf_changed":false},"brand":[274],"product_cat":[322],"product_tag":[851],"class_list":{"0":"post-3604","1":"product","2":"type-product","3":"status-publish","4":"has-post-thumbnail","6":"brand-altyn-yunus-es","7":"product_cat-pistachos","8":"product_tag-front-product-es","10":"first","11":"instock","12":"shipping-taxable","13":"purchasable","14":"product-type-simple"},"acf":[],"_links":{"self":[{"href":"https:\/\/turkmenexporter.com\/es\/wp-json\/wp\/v2\/product\/3604","targetHints":{"allow":["GET"]}}],"collection":[{"href":"https:\/\/turkmenexporter.com\/es\/wp-json\/wp\/v2\/product"}],"about":[{"href":"https:\/\/turkmenexporter.com\/es\/wp-json\/wp\/v2\/types\/product"}],"replies":[{"embeddable":true,"href":"https:\/\/turkmenexporter.com\/es\/wp-json\/wp\/v2\/comments?post=3604"}],"version-history":[{"count":2,"href":"https:\/\/turkmenexporter.com\/es\/wp-json\/wp\/v2\/product\/3604\/revisions"}],"predecessor-version":[{"id":3625,"href":"https:\/\/turkmenexporter.com\/es\/wp-json\/wp\/v2\/product\/3604\/revisions\/3625"}],"wp:featuredmedia":[{"embeddable":true,"href":"https:\/\/turkmenexporter.com\/es\/wp-json\/wp\/v2\/media\/3616"}],"wp:attachment":[{"href":"https:\/\/turkmenexporter.com\/es\/wp-json\/wp\/v2\/media?parent=3604"}],"wp:term":[{"taxonomy":"brand","embeddable":true,"href":"https:\/\/turkmenexporter.com\/es\/wp-json\/wp\/v2\/brand?post=3604"},{"taxonomy":"product_cat","embeddable":true,"href":"https:\/\/turkmenexporter.com\/es\/wp-json\/wp\/v2\/product_cat?post=3604"},{"taxonomy":"product_tag","embeddable":true,"href":"https:\/\/turkmenexporter.com\/es\/wp-json\/wp\/v2\/product_tag?post=3604"}],"curies":[{"name":"wp","href":"https:\/\/api.w.org\/{rel}","templated":true}]}}