{"id":3656,"date":"2024-02-08T09:59:58","date_gmt":"2024-02-08T04:59:58","guid":{"rendered":"https:\/\/turkmenexporter.com\/?post_type=product&#038;p=3656"},"modified":"2024-09-17T19:29:21","modified_gmt":"2024-09-17T14:29:21","slug":"piruleta-sabor-sandia-con-chicle","status":"publish","type":"product","link":"https:\/\/turkmenexporter.com\/es\/producto\/piruleta-sabor-sandia-con-chicle\/","title":{"rendered":"Piruleta sabor sand\u00eda con chicle"},"content":{"rendered":"<p>\u00abMelek\u00bb piruleta sabor sand\u00eda con chicle. Ingredientes: Az\u00facar, jarabe de glucosa, aroma natural \u00abSand\u00eda\u00bb, \u00e1cido c\u00edtrico (E330), colorante alimentario natural (E160c), chicle con sabor a sand\u00eda. Valor nutritivo por 100 g de producto: hidratos de carbono &#8211; 93,3 g. Valor energ\u00e9tico &#8211; 392 kcal. La fecha de fabricaci\u00f3n y la fecha de caducidad se indican en el envase. Condiciones de almacenamiento: conservar a 18\u00b13\u00baC y humedad relativa m\u00e1xima del 75%. No GMO. Keep in cool and dry place. Producto certificado.<\/p>\n<ul>\n<li>Volumen de la caja: 0,044 M3<\/li>\n<li>Peso bruto de la caja: 15,5 kg<\/li>\n<li>Caducidad: 18 meses<\/li>\n<\/ul>\n","protected":false},"excerpt":{"rendered":"<p>Piruleta sabor sand\u00eda con chicle 12 g. 100 unidades por bloque.<br \/>\n12 bloques en una caja. El precio indicado es por 1 bloque.<\/p>\n","protected":false},"featured_media":3662,"comment_status":"open","ping_status":"closed","template":"","meta":{"_acf_changed":false},"brand":[274],"product_cat":[316],"product_tag":[],"class_list":{"0":"post-3656","1":"product","2":"type-product","3":"status-publish","4":"has-post-thumbnail","6":"brand-altyn-yunus-es","7":"product_cat-caramelos","9":"first","10":"instock","11":"shipping-taxable","12":"purchasable","13":"product-type-simple"},"acf":[],"_links":{"self":[{"href":"https:\/\/turkmenexporter.com\/es\/wp-json\/wp\/v2\/product\/3656","targetHints":{"allow":["GET"]}}],"collection":[{"href":"https:\/\/turkmenexporter.com\/es\/wp-json\/wp\/v2\/product"}],"about":[{"href":"https:\/\/turkmenexporter.com\/es\/wp-json\/wp\/v2\/types\/product"}],"replies":[{"embeddable":true,"href":"https:\/\/turkmenexporter.com\/es\/wp-json\/wp\/v2\/comments?post=3656"}],"version-history":[{"count":2,"href":"https:\/\/turkmenexporter.com\/es\/wp-json\/wp\/v2\/product\/3656\/revisions"}],"predecessor-version":[{"id":3673,"href":"https:\/\/turkmenexporter.com\/es\/wp-json\/wp\/v2\/product\/3656\/revisions\/3673"}],"wp:featuredmedia":[{"embeddable":true,"href":"https:\/\/turkmenexporter.com\/es\/wp-json\/wp\/v2\/media\/3662"}],"wp:attachment":[{"href":"https:\/\/turkmenexporter.com\/es\/wp-json\/wp\/v2\/media?parent=3656"}],"wp:term":[{"taxonomy":"brand","embeddable":true,"href":"https:\/\/turkmenexporter.com\/es\/wp-json\/wp\/v2\/brand?post=3656"},{"taxonomy":"product_cat","embeddable":true,"href":"https:\/\/turkmenexporter.com\/es\/wp-json\/wp\/v2\/product_cat?post=3656"},{"taxonomy":"product_tag","embeddable":true,"href":"https:\/\/turkmenexporter.com\/es\/wp-json\/wp\/v2\/product_tag?post=3656"}],"curies":[{"name":"wp","href":"https:\/\/api.w.org\/{rel}","templated":true}]}}