{"id":5606,"date":"2024-03-04T13:24:54","date_gmt":"2024-03-04T08:24:54","guid":{"rendered":"https:\/\/turkmenexporter.com\/product\/tower-barra-de-caramelo-de-chocolate-con-leche-y-turron\/"},"modified":"2024-09-17T19:29:14","modified_gmt":"2024-09-17T14:29:14","slug":"tower-barra-de-caramelo-de-chocolate-con-leche-y-turron","status":"publish","type":"product","link":"https:\/\/turkmenexporter.com\/es\/producto\/tower-barra-de-caramelo-de-chocolate-con-leche-y-turron\/","title":{"rendered":"TOWER barra de caramelo de chocolate con leche y turr\u00f3n"},"content":{"rendered":"<p>\u00abTower\u00bb barra de caramelo recubierta de chocolate con leche y turr\u00f3n. Ingredientes: Az\u00facar, jarabe de glucosa, leche entera en polvo, leche desnatada en polvo, grasa vegetal refinada desodorizada (aceite de girasol, aceite de palma), huevo en polvo seco, lecitina (E322), cacao en polvo, licor de chocolate, manteca de cacao, carbonato s\u00f3dico (E500), aromas naturales \u00abChocolate\u00bb, aromas naturales \u00abCaramelo\u00bb, sorbitol. Valor nutritivo por 100 g de producto: prote\u00ednas &#8211; 3,8 g, grasas &#8211; 16,0 g, hidratos de carbono &#8211; 72,0 g. Valor energ\u00e9tico &#8211; 445 kcal. La fecha de fabricaci\u00f3n y la fecha de caducidad se indican en el envase. Condiciones de almacenamiento: almacenar a una temperatura de +5\u00baC a +22\u00baC y humedad relativa del aire no superior al 70%. Nuestros productos no contienen grasa de cerdo. El producto est\u00e1 certificado. No contiene OMG.<\/p>\n<p>Volumen de la caja: 0,027 M3<\/p>\n<p>Peso bruto de la caja: 13,5 kg<\/p>\n<p>Caducidad: 18 meses<\/p>\n","protected":false},"excerpt":{"rendered":"<p>TOWER barrita de chocolate con leche y caramelo con turr\u00f3n 45 gr<\/p>\n<p>48 piezas en un bloque. 6 bloques en una caja.<\/p>\n","protected":false},"featured_media":4179,"comment_status":"open","ping_status":"closed","template":"","meta":{"_acf_changed":false},"brand":[274],"product_cat":[318],"product_tag":[],"class_list":{"0":"post-5606","1":"product","2":"type-product","3":"status-publish","4":"has-post-thumbnail","6":"brand-altyn-yunus-es","7":"product_cat-chocolate","9":"first","10":"instock","11":"shipping-taxable","12":"purchasable","13":"product-type-simple"},"acf":[],"_links":{"self":[{"href":"https:\/\/turkmenexporter.com\/es\/wp-json\/wp\/v2\/product\/5606","targetHints":{"allow":["GET"]}}],"collection":[{"href":"https:\/\/turkmenexporter.com\/es\/wp-json\/wp\/v2\/product"}],"about":[{"href":"https:\/\/turkmenexporter.com\/es\/wp-json\/wp\/v2\/types\/product"}],"replies":[{"embeddable":true,"href":"https:\/\/turkmenexporter.com\/es\/wp-json\/wp\/v2\/comments?post=5606"}],"version-history":[{"count":1,"href":"https:\/\/turkmenexporter.com\/es\/wp-json\/wp\/v2\/product\/5606\/revisions"}],"predecessor-version":[{"id":5643,"href":"https:\/\/turkmenexporter.com\/es\/wp-json\/wp\/v2\/product\/5606\/revisions\/5643"}],"wp:featuredmedia":[{"embeddable":true,"href":"https:\/\/turkmenexporter.com\/es\/wp-json\/wp\/v2\/media\/4179"}],"wp:attachment":[{"href":"https:\/\/turkmenexporter.com\/es\/wp-json\/wp\/v2\/media?parent=5606"}],"wp:term":[{"taxonomy":"brand","embeddable":true,"href":"https:\/\/turkmenexporter.com\/es\/wp-json\/wp\/v2\/brand?post=5606"},{"taxonomy":"product_cat","embeddable":true,"href":"https:\/\/turkmenexporter.com\/es\/wp-json\/wp\/v2\/product_cat?post=5606"},{"taxonomy":"product_tag","embeddable":true,"href":"https:\/\/turkmenexporter.com\/es\/wp-json\/wp\/v2\/product_tag?post=5606"}],"curies":[{"name":"wp","href":"https:\/\/api.w.org\/{rel}","templated":true}]}}