{"id":5609,"date":"2024-03-04T13:25:02","date_gmt":"2024-03-04T08:25:02","guid":{"rendered":"https:\/\/turkmenexporter.com\/product\/barrita-de-chocolate-game-on-con-multicereales\/"},"modified":"2024-09-17T19:29:11","modified_gmt":"2024-09-17T14:29:11","slug":"barrita-de-chocolate-game-on-con-multicereales","status":"publish","type":"product","link":"https:\/\/turkmenexporter.com\/es\/producto\/barrita-de-chocolate-game-on-con-multicereales\/","title":{"rendered":"Barrita de chocolate GAME ON con multicereales"},"content":{"rendered":"<p>Caramelos de chocolate multicereales \u00abGame On\u00bb. Ingredientes: copos de cereales (avena, trigo,ma\u00edz), az\u00facar en polvo, suced\u00e1neo de manteca de cacao de tipo l\u00e1urico, leche desnatada en polvo, cacao en polvo, lecitina emulgente (E322), aroma de chocolate. Valor nutritivo por 100 g de producto: prote\u00ednas &#8211; 7,5 g, grasas &#8211; 21,1 g, hidratos de carbono &#8211; 62,2 g. Valor energ\u00e9tico &#8211; 469 kcal. La fecha de fabricaci\u00f3n y la fecha de caducidad se indican en el envase. Condiciones de almacenamiento: conservar a 18\u00b13\u00baC y humedad relativa m\u00e1xima del 75%. No GMO. Conservar en lugar fresco y seco. Producto certificado.<\/p>\n<p>Volumen de la caja: 0,018 M3<\/p>\n<p>Peso bruto de la caja: 6,3 kg<\/p>\n<p>Caducidad: 18 meses<\/p>\n","protected":false},"excerpt":{"rendered":"<p>GAME ON barrita de chocolate con multicereales 20gr<\/p>\n<p>24 piezas en un bloque. 12 bloques en una caja.<\/p>\n","protected":false},"featured_media":4211,"comment_status":"open","ping_status":"closed","template":"","meta":{"_acf_changed":false},"brand":[274],"product_cat":[318],"product_tag":[851],"class_list":{"0":"post-5609","1":"product","2":"type-product","3":"status-publish","4":"has-post-thumbnail","6":"brand-altyn-yunus-es","7":"product_cat-chocolate","8":"product_tag-front-product-es","10":"first","11":"instock","12":"shipping-taxable","13":"purchasable","14":"product-type-simple"},"acf":[],"_links":{"self":[{"href":"https:\/\/turkmenexporter.com\/es\/wp-json\/wp\/v2\/product\/5609","targetHints":{"allow":["GET"]}}],"collection":[{"href":"https:\/\/turkmenexporter.com\/es\/wp-json\/wp\/v2\/product"}],"about":[{"href":"https:\/\/turkmenexporter.com\/es\/wp-json\/wp\/v2\/types\/product"}],"replies":[{"embeddable":true,"href":"https:\/\/turkmenexporter.com\/es\/wp-json\/wp\/v2\/comments?post=5609"}],"version-history":[{"count":1,"href":"https:\/\/turkmenexporter.com\/es\/wp-json\/wp\/v2\/product\/5609\/revisions"}],"predecessor-version":[{"id":5664,"href":"https:\/\/turkmenexporter.com\/es\/wp-json\/wp\/v2\/product\/5609\/revisions\/5664"}],"wp:featuredmedia":[{"embeddable":true,"href":"https:\/\/turkmenexporter.com\/es\/wp-json\/wp\/v2\/media\/4211"}],"wp:attachment":[{"href":"https:\/\/turkmenexporter.com\/es\/wp-json\/wp\/v2\/media?parent=5609"}],"wp:term":[{"taxonomy":"brand","embeddable":true,"href":"https:\/\/turkmenexporter.com\/es\/wp-json\/wp\/v2\/brand?post=5609"},{"taxonomy":"product_cat","embeddable":true,"href":"https:\/\/turkmenexporter.com\/es\/wp-json\/wp\/v2\/product_cat?post=5609"},{"taxonomy":"product_tag","embeddable":true,"href":"https:\/\/turkmenexporter.com\/es\/wp-json\/wp\/v2\/product_tag?post=5609"}],"curies":[{"name":"wp","href":"https:\/\/api.w.org\/{rel}","templated":true}]}}