{"id":5681,"date":"2024-03-09T19:35:55","date_gmt":"2024-03-09T14:35:55","guid":{"rendered":"https:\/\/turkmenexporter.com\/product\/barritas-de-chocolate-springa-con-cacahuetes-caramelo-y-turron\/"},"modified":"2024-09-17T19:29:08","modified_gmt":"2024-09-17T14:29:08","slug":"barritas-de-chocolate-springa-con-cacahuetes-caramelo-y-turron","status":"publish","type":"product","link":"https:\/\/turkmenexporter.com\/es\/producto\/barritas-de-chocolate-springa-con-cacahuetes-caramelo-y-turron\/","title":{"rendered":"Barritas de chocolate SPRINGA con cacahuetes, caramelo y turr\u00f3n"},"content":{"rendered":"<p>\u00abSpringa\u00bb barrita de caramelo recubierta de chocolate con leche, cacahuete y turr\u00f3n. Ingredientes: Az\u00facar, cacahuete, jarabe de glucosa, leche entera en polvo, leche desnatada en polvo, grasa vegetal refinada desodorizada (aceite de girasol, aceite de palma), huevo en polvo seco, lecitina (E322), cacao en polvo, licor de chocolate, manteca de cacao, carbonato s\u00f3dico (E500), aromas naturales \u00abChocolate\u00bb, aromas naturales \u00abCaramelo\u00bb, sorbitol. Valor nutritivo por 100 g de producto: prote\u00ednas &#8211; 7,6 g, grasas &#8211; 63,2 g, hidratos de carbono &#8211; 20,9 g. Valor energ\u00e9tico &#8211; 471 kcal. La fecha de fabricaci\u00f3n y la fecha de caducidad se indican en el envase. Condiciones de almacenamiento: almacenar a una temperatura de +5\u00baC a +22\u00baC y humedad relativa del aire no superior al 70%. Nuestros productos no contienen grasa de cerdo. El producto est\u00e1 certificado. No contiene OMG.<\/p>\n<p>Volumen de la caja: 0,028 M3<\/p>\n<p>Peso bruto de la caja: 13,5 kg<\/p>\n<p>Caducidad: 18 meses<\/p>\n","protected":false},"excerpt":{"rendered":"<p>Barritas de chocolate con cacahuetes, caramelo y turr\u00f3n 45 gr<\/p>\n<p>48 piezas en un bloque. 6 bloques en una caja.<\/p>\n","protected":false},"featured_media":4237,"comment_status":"open","ping_status":"closed","template":"","meta":{"_acf_changed":false},"brand":[274],"product_cat":[318],"product_tag":[851],"class_list":{"0":"post-5681","1":"product","2":"type-product","3":"status-publish","4":"has-post-thumbnail","6":"brand-altyn-yunus-es","7":"product_cat-chocolate","8":"product_tag-front-product-es","10":"first","11":"instock","12":"shipping-taxable","13":"purchasable","14":"product-type-simple"},"acf":[],"_links":{"self":[{"href":"https:\/\/turkmenexporter.com\/es\/wp-json\/wp\/v2\/product\/5681","targetHints":{"allow":["GET"]}}],"collection":[{"href":"https:\/\/turkmenexporter.com\/es\/wp-json\/wp\/v2\/product"}],"about":[{"href":"https:\/\/turkmenexporter.com\/es\/wp-json\/wp\/v2\/types\/product"}],"replies":[{"embeddable":true,"href":"https:\/\/turkmenexporter.com\/es\/wp-json\/wp\/v2\/comments?post=5681"}],"version-history":[{"count":1,"href":"https:\/\/turkmenexporter.com\/es\/wp-json\/wp\/v2\/product\/5681\/revisions"}],"predecessor-version":[{"id":10524,"href":"https:\/\/turkmenexporter.com\/es\/wp-json\/wp\/v2\/product\/5681\/revisions\/10524"}],"wp:featuredmedia":[{"embeddable":true,"href":"https:\/\/turkmenexporter.com\/es\/wp-json\/wp\/v2\/media\/4237"}],"wp:attachment":[{"href":"https:\/\/turkmenexporter.com\/es\/wp-json\/wp\/v2\/media?parent=5681"}],"wp:term":[{"taxonomy":"brand","embeddable":true,"href":"https:\/\/turkmenexporter.com\/es\/wp-json\/wp\/v2\/brand?post=5681"},{"taxonomy":"product_cat","embeddable":true,"href":"https:\/\/turkmenexporter.com\/es\/wp-json\/wp\/v2\/product_cat?post=5681"},{"taxonomy":"product_tag","embeddable":true,"href":"https:\/\/turkmenexporter.com\/es\/wp-json\/wp\/v2\/product_tag?post=5681"}],"curies":[{"name":"wp","href":"https:\/\/api.w.org\/{rel}","templated":true}]}}