{"id":5779,"date":"2024-03-09T19:35:55","date_gmt":"2024-03-09T14:35:55","guid":{"rendered":"https:\/\/turkmenexporter.com\/product\/ano-nuevo-springa-tower-chocolatinas\/"},"modified":"2024-09-17T19:29:08","modified_gmt":"2024-09-17T14:29:08","slug":"ano-nuevo-springa-tower-chocolatinas","status":"publish","type":"product","link":"https:\/\/turkmenexporter.com\/es\/producto\/ano-nuevo-springa-tower-chocolatinas\/","title":{"rendered":"A\u00f1o nuevo SPRINGA &amp; TOWER chocolatinas"},"content":{"rendered":"<p>Barrita de caramelo recubierta de chocolate con leche, cacahuete y turr\u00f3n. Ingredientes: Az\u00facar, cacahuete, jarabe de glucosa, leche entera en polvo, leche desnatada en polvo, aceite de girasol refinado desodorizado, aceite de palma, huevo en polvo seco, lecitina (E322), cacao en polvo, licor de chocolate, manteca de cacao, carbonato s\u00f3dico, (E500), aromas naturales \u00abChocolate\u00bb, \u00abCaramelo\u00bb, edulcorante sorbitol (E420). Valor nutritivo por 100 g de producto: prote\u00ednas &#8211; 7,6 g, grasas &#8211; 63,2 g, hidratos de carbono &#8211; 20,9 g. Valor energ\u00e9tico &#8211; 471 kcal. Barrita de caramelo recubierta de chocolate con leche y turr\u00f3n. Ingredientes: Az\u00facar, jarabe de glucosa, leche entera en polvo, leche desnatada en polvo, aceite de girasol refinado desodorizado, aceite de palma, huevo en polvo seco, lecitina (E322), cacao en polvo, licor de chocolate, manteca de cacao, sal, carbonato s\u00f3dico (E500), aromas naturales \u00abChocolate\u00bb, \u00abCaramelo\u00bb, edulcorante sorbitol (E420). Valor nutritivo por 100 g de producto: prote\u00ednas &#8211; 3,9 g, grasas &#8211; 16,0 g, hidratos de carbono &#8211; 72,0 g. Valor energ\u00e9tico &#8211; 445 kcal. La fecha de fabricaci\u00f3n y la fecha de caducidad se indican en el envase. Condiciones de almacenamiento: conservar a una temperatura de 18\u00b13\u00baC y una humedad relativa m\u00e1xima del 75%. Nuestros productos no contienen grasa de cerdo. El producto est\u00e1 certificado.Condiciones de almacenamiento: conservar a una temperatura de 18\u00b13\u00baC y una humedad relativa del aire no superior al 75%. No contiene OMG.<\/p>\n<p>Volumen de la caja: 0,023 M3<\/p>\n<p>Peso bruto de la caja: 3,3 kg<\/p>\n<p>Caducidad: 18 meses<\/p>\n","protected":false},"excerpt":{"rendered":"<p>Barritas de chocolate a\u00f1o nuevo 125 gr<\/p>\n<p>18 bloques en una caja.<\/p>\n","protected":false},"featured_media":4249,"comment_status":"open","ping_status":"closed","template":"","meta":{"_acf_changed":false},"brand":[274],"product_cat":[318],"product_tag":[],"class_list":{"0":"post-5779","1":"product","2":"type-product","3":"status-publish","4":"has-post-thumbnail","6":"brand-altyn-yunus-es","7":"product_cat-chocolate","9":"first","10":"instock","11":"shipping-taxable","12":"purchasable","13":"product-type-simple"},"acf":[],"_links":{"self":[{"href":"https:\/\/turkmenexporter.com\/es\/wp-json\/wp\/v2\/product\/5779","targetHints":{"allow":["GET"]}}],"collection":[{"href":"https:\/\/turkmenexporter.com\/es\/wp-json\/wp\/v2\/product"}],"about":[{"href":"https:\/\/turkmenexporter.com\/es\/wp-json\/wp\/v2\/types\/product"}],"replies":[{"embeddable":true,"href":"https:\/\/turkmenexporter.com\/es\/wp-json\/wp\/v2\/comments?post=5779"}],"version-history":[{"count":1,"href":"https:\/\/turkmenexporter.com\/es\/wp-json\/wp\/v2\/product\/5779\/revisions"}],"predecessor-version":[{"id":8232,"href":"https:\/\/turkmenexporter.com\/es\/wp-json\/wp\/v2\/product\/5779\/revisions\/8232"}],"wp:featuredmedia":[{"embeddable":true,"href":"https:\/\/turkmenexporter.com\/es\/wp-json\/wp\/v2\/media\/4249"}],"wp:attachment":[{"href":"https:\/\/turkmenexporter.com\/es\/wp-json\/wp\/v2\/media?parent=5779"}],"wp:term":[{"taxonomy":"brand","embeddable":true,"href":"https:\/\/turkmenexporter.com\/es\/wp-json\/wp\/v2\/brand?post=5779"},{"taxonomy":"product_cat","embeddable":true,"href":"https:\/\/turkmenexporter.com\/es\/wp-json\/wp\/v2\/product_cat?post=5779"},{"taxonomy":"product_tag","embeddable":true,"href":"https:\/\/turkmenexporter.com\/es\/wp-json\/wp\/v2\/product_tag?post=5779"}],"curies":[{"name":"wp","href":"https:\/\/api.w.org\/{rel}","templated":true}]}}