{"id":5780,"date":"2024-03-09T19:35:56","date_gmt":"2024-03-09T14:35:56","guid":{"rendered":"https:\/\/turkmenexporter.com\/product\/springa-mini-caramelos-de-chocolate-con-cacahuetes-y-caramelo\/"},"modified":"2024-09-17T19:29:07","modified_gmt":"2024-09-17T14:29:07","slug":"springa-mini-caramelos-de-chocolate-con-cacahuetes-y-caramelo","status":"publish","type":"product","link":"https:\/\/turkmenexporter.com\/es\/producto\/springa-mini-caramelos-de-chocolate-con-cacahuetes-y-caramelo\/","title":{"rendered":"SPRINGA MINI caramelos de chocolate con cacahuetes y caramelo"},"content":{"rendered":"<p>\u00abSpringa\u00bb barrita de caramelo recubierta de chocolate con leche y cacahuetes. Ingredientes: Az\u00facar, cacahuete, jarabe de glucosa, leche entera en polvo, leche desnatada en polvo, aceite de girasol refinado desodorizado, aceite de palma, huevo en polvo seco, lecitina (E322), cacao en polvo, licor de chocolate, manteca de cacao, carbonato s\u00f3dico, (E500), aromas naturales \u00abChocolate\u00bb, \u00abCaramelo\u00bb, edulcorante sorbitol (E420). Valor nutritivo por 100 g de producto: prote\u00ednas &#8211; 7,6 g, grasas &#8211; 63,2 g, hidratos de carbono &#8211; 20,9 g. Valor energ\u00e9tico &#8211; 471 kcal. La fecha de fabricaci\u00f3n y la fecha de caducidad se indican en el envase. Condiciones de almacenamiento: conservar a una temperatura de 18\u00b13\u00baC y una humedad relativa m\u00e1xima del 75%. Nuestros productos no contienen grasa de cerdo. El producto est\u00e1 certificado. No contiene OMG.<\/p>\n<p>Volumen de la caja: 0,024 M3<\/p>\n<p>Peso bruto de la caja: 5,6 kg<\/p>\n<p>Caducidad: 18 meses<\/p>\n","protected":false},"excerpt":{"rendered":"<p>Caramelos de chocolate con cacahuetes y caramelo 500 gr<\/p>\n<p>10 paquetes en una caja.<\/p>\n","protected":false},"featured_media":4399,"comment_status":"open","ping_status":"closed","template":"","meta":{"_acf_changed":false},"brand":[274],"product_cat":[318],"product_tag":[851],"class_list":{"0":"post-5780","1":"product","2":"type-product","3":"status-publish","4":"has-post-thumbnail","6":"brand-altyn-yunus-es","7":"product_cat-chocolate","8":"product_tag-front-product-es","10":"first","11":"instock","12":"shipping-taxable","13":"purchasable","14":"product-type-simple"},"acf":[],"_links":{"self":[{"href":"https:\/\/turkmenexporter.com\/es\/wp-json\/wp\/v2\/product\/5780","targetHints":{"allow":["GET"]}}],"collection":[{"href":"https:\/\/turkmenexporter.com\/es\/wp-json\/wp\/v2\/product"}],"about":[{"href":"https:\/\/turkmenexporter.com\/es\/wp-json\/wp\/v2\/types\/product"}],"replies":[{"embeddable":true,"href":"https:\/\/turkmenexporter.com\/es\/wp-json\/wp\/v2\/comments?post=5780"}],"version-history":[{"count":1,"href":"https:\/\/turkmenexporter.com\/es\/wp-json\/wp\/v2\/product\/5780\/revisions"}],"predecessor-version":[{"id":10516,"href":"https:\/\/turkmenexporter.com\/es\/wp-json\/wp\/v2\/product\/5780\/revisions\/10516"}],"wp:featuredmedia":[{"embeddable":true,"href":"https:\/\/turkmenexporter.com\/es\/wp-json\/wp\/v2\/media\/4399"}],"wp:attachment":[{"href":"https:\/\/turkmenexporter.com\/es\/wp-json\/wp\/v2\/media?parent=5780"}],"wp:term":[{"taxonomy":"brand","embeddable":true,"href":"https:\/\/turkmenexporter.com\/es\/wp-json\/wp\/v2\/brand?post=5780"},{"taxonomy":"product_cat","embeddable":true,"href":"https:\/\/turkmenexporter.com\/es\/wp-json\/wp\/v2\/product_cat?post=5780"},{"taxonomy":"product_tag","embeddable":true,"href":"https:\/\/turkmenexporter.com\/es\/wp-json\/wp\/v2\/product_tag?post=5780"}],"curies":[{"name":"wp","href":"https:\/\/api.w.org\/{rel}","templated":true}]}}