{"id":5782,"date":"2024-03-09T19:35:57","date_gmt":"2024-03-09T14:35:57","guid":{"rendered":"https:\/\/turkmenexporter.com\/product\/barrita-de-coco-broly-recubierta-de-chocolate-con-leche\/"},"modified":"2024-09-17T19:29:06","modified_gmt":"2024-09-17T14:29:06","slug":"barrita-de-coco-broly-recubierta-de-chocolate-con-leche","status":"publish","type":"product","link":"https:\/\/turkmenexporter.com\/es\/producto\/barrita-de-coco-broly-recubierta-de-chocolate-con-leche\/","title":{"rendered":"Barrita de coco BROLY recubierta de chocolate con leche"},"content":{"rendered":"<p>Barrita de coco \u00abBroly\u00bb recubierta de chocolate con leche. Ingredientes: copos de coco, aceite vegetal de palma, cacao en polvo, licor de chocolate, manteca de cacao, leche desnatada en polvo 1,5%, suero de leche, glucoze, sal tabie, emulgente lecitina E322, retardador de la humedad glicerina E422, conservante gliserol agente E202, goma xantana thiskener E415, flavorus \u00abCoco\u00bb, vanilin y \u00abChocolate\u00bb id\u00e9nticos a los naturales. Valor nutritivo por 100 g de producto: prote\u00ednas &#8211; 63 g, grasas &#8211; 31,9 g, hidratos de carbono &#8211; 57,5 g. Valor energ\u00e9tico &#8211; 542,3 kcal. La fecha de fabricaci\u00f3n y la fecha de caducidad se indican en el envase. Condiciones de almacenamiento: conservar a una temperatura de 18\u00b13\u00baC y una humedad relativa m\u00e1xima del 75%. Nuestros productos no contienen grasa de cerdo. El producto est\u00e1 certificado. No contiene OMG.<\/p>\n<p>Volumen de la caja: 0,018 M3<\/p>\n<p>Peso bruto de la caja: 9 kg<\/p>\n<p>Caducidad: 18 meses<\/p>\n","protected":false},"excerpt":{"rendered":"<p>Barrita de coco recubierta de chocolate con leche 30 gr<\/p>\n<p>24 piezas en un bloque. 12 bloques en una caja.<\/p>\n","protected":false},"featured_media":4261,"comment_status":"open","ping_status":"closed","template":"","meta":{"_acf_changed":false},"brand":[274],"product_cat":[318],"product_tag":[851],"class_list":{"0":"post-5782","1":"product","2":"type-product","3":"status-publish","4":"has-post-thumbnail","6":"brand-altyn-yunus-es","7":"product_cat-chocolate","8":"product_tag-front-product-es","10":"first","11":"instock","12":"shipping-taxable","13":"purchasable","14":"product-type-simple"},"acf":[],"_links":{"self":[{"href":"https:\/\/turkmenexporter.com\/es\/wp-json\/wp\/v2\/product\/5782","targetHints":{"allow":["GET"]}}],"collection":[{"href":"https:\/\/turkmenexporter.com\/es\/wp-json\/wp\/v2\/product"}],"about":[{"href":"https:\/\/turkmenexporter.com\/es\/wp-json\/wp\/v2\/types\/product"}],"replies":[{"embeddable":true,"href":"https:\/\/turkmenexporter.com\/es\/wp-json\/wp\/v2\/comments?post=5782"}],"version-history":[{"count":1,"href":"https:\/\/turkmenexporter.com\/es\/wp-json\/wp\/v2\/product\/5782\/revisions"}],"predecessor-version":[{"id":10509,"href":"https:\/\/turkmenexporter.com\/es\/wp-json\/wp\/v2\/product\/5782\/revisions\/10509"}],"wp:featuredmedia":[{"embeddable":true,"href":"https:\/\/turkmenexporter.com\/es\/wp-json\/wp\/v2\/media\/4261"}],"wp:attachment":[{"href":"https:\/\/turkmenexporter.com\/es\/wp-json\/wp\/v2\/media?parent=5782"}],"wp:term":[{"taxonomy":"brand","embeddable":true,"href":"https:\/\/turkmenexporter.com\/es\/wp-json\/wp\/v2\/brand?post=5782"},{"taxonomy":"product_cat","embeddable":true,"href":"https:\/\/turkmenexporter.com\/es\/wp-json\/wp\/v2\/product_cat?post=5782"},{"taxonomy":"product_tag","embeddable":true,"href":"https:\/\/turkmenexporter.com\/es\/wp-json\/wp\/v2\/product_tag?post=5782"}],"curies":[{"name":"wp","href":"https:\/\/api.w.org\/{rel}","templated":true}]}}