{"id":5785,"date":"2024-03-09T19:35:59","date_gmt":"2024-03-09T14:35:59","guid":{"rendered":"https:\/\/turkmenexporter.com\/product\/sunday-barra-de-caramelo-con-turron\/"},"modified":"2024-09-17T19:29:03","modified_gmt":"2024-09-17T14:29:03","slug":"sunday-barra-de-caramelo-con-turron","status":"publish","type":"product","link":"https:\/\/turkmenexporter.com\/es\/producto\/sunday-barra-de-caramelo-con-turron\/","title":{"rendered":"\u00abSUNDAY\u00bb barra de caramelo con turr\u00f3n"},"content":{"rendered":"<p>\u00abSunday\u00bb barra de caramelo recubierta de glaseado de confiter\u00eda con turr\u00f3n. Ingredientes: az\u00facar, jarabe de glucosa, leche entera en polvo, leche desnatada en polvo, grasa vegetal refinada desodorizada (aceite de girasol, aceite de palma), huevo en polvo, lecitina (E322), cacao en polvo, carbonato s\u00f3dico (E500), aromas naturales \u00abChocolate\u00bb, aromas naturales \u00abCaramelo\u00bb, sorbitol. Valor nutritivo por 100 g de producto: prote\u00ednas &#8211; 7,6 g, grasas &#8211; 20,9 g, hidratos de carbono &#8211; 63,2 g. Valor energ\u00e9tico &#8211; 471 kcal. La fecha de fabricaci\u00f3n y la fecha de caducidad se indican en el envase. Condiciones de almacenamiento: conservar a 18\u00b13\u00baC y humedad relativa m\u00e1xima del 75%. No GMO. Conservar en lugar fresco y seco. Producto certificado.<\/p>\n<p>Volumen de la caja: 0,011 M3<\/p>\n<p>Peso bruto de la caja: 3,5 kg <\/p>\n<p>Caducidad: 18 meses<\/p>\n","protected":false},"excerpt":{"rendered":"<p>Barrita de caramelo glaseada con turr\u00f3n 20 gr<\/p>\n<p>24 piezas en un bloque. 6 bloques en una caja.<\/p>\n","protected":false},"featured_media":4303,"comment_status":"open","ping_status":"closed","template":"","meta":{"_acf_changed":false},"brand":[274],"product_cat":[318],"product_tag":[],"class_list":{"0":"post-5785","1":"product","2":"type-product","3":"status-publish","4":"has-post-thumbnail","6":"brand-altyn-yunus-es","7":"product_cat-chocolate","9":"first","10":"instock","11":"shipping-taxable","12":"purchasable","13":"product-type-simple"},"acf":[],"_links":{"self":[{"href":"https:\/\/turkmenexporter.com\/es\/wp-json\/wp\/v2\/product\/5785","targetHints":{"allow":["GET"]}}],"collection":[{"href":"https:\/\/turkmenexporter.com\/es\/wp-json\/wp\/v2\/product"}],"about":[{"href":"https:\/\/turkmenexporter.com\/es\/wp-json\/wp\/v2\/types\/product"}],"replies":[{"embeddable":true,"href":"https:\/\/turkmenexporter.com\/es\/wp-json\/wp\/v2\/comments?post=5785"}],"version-history":[{"count":1,"href":"https:\/\/turkmenexporter.com\/es\/wp-json\/wp\/v2\/product\/5785\/revisions"}],"predecessor-version":[{"id":10491,"href":"https:\/\/turkmenexporter.com\/es\/wp-json\/wp\/v2\/product\/5785\/revisions\/10491"}],"wp:featuredmedia":[{"embeddable":true,"href":"https:\/\/turkmenexporter.com\/es\/wp-json\/wp\/v2\/media\/4303"}],"wp:attachment":[{"href":"https:\/\/turkmenexporter.com\/es\/wp-json\/wp\/v2\/media?parent=5785"}],"wp:term":[{"taxonomy":"brand","embeddable":true,"href":"https:\/\/turkmenexporter.com\/es\/wp-json\/wp\/v2\/brand?post=5785"},{"taxonomy":"product_cat","embeddable":true,"href":"https:\/\/turkmenexporter.com\/es\/wp-json\/wp\/v2\/product_cat?post=5785"},{"taxonomy":"product_tag","embeddable":true,"href":"https:\/\/turkmenexporter.com\/es\/wp-json\/wp\/v2\/product_tag?post=5785"}],"curies":[{"name":"wp","href":"https:\/\/api.w.org\/{rel}","templated":true}]}}