{"id":5786,"date":"2024-03-09T19:35:59","date_gmt":"2024-03-09T14:35:59","guid":{"rendered":"https:\/\/turkmenexporter.com\/product\/barrita-de-turron-de-chocolate-rast\/"},"modified":"2024-09-17T19:29:03","modified_gmt":"2024-09-17T14:29:03","slug":"barrita-de-turron-de-chocolate-rast","status":"publish","type":"product","link":"https:\/\/turkmenexporter.com\/es\/producto\/barrita-de-turron-de-chocolate-rast\/","title":{"rendered":"Barrita de turr\u00f3n de chocolate RAST"},"content":{"rendered":"<p>Barrita \u00abRast\u00bb de turr\u00f3n de chocolate glaseada con glaseado de confiter\u00eda. Ingredientes: az\u00facar en polvo, suced\u00e1neo de manteca de cacao, leche desnatada en polvo, cacao en polvo, glucosa, aceite de palma, fructosa, clara de huevo en polvo, emulgente lecitina de soja E322, aroma de vainilla id\u00e9ntico al natural, sal comestible. Valor nutritivo por 100 g de producto: prote\u00ednas &#8211; 7,6 g, grasas &#8211; 20,9 g, hidratos de carbono &#8211; 63,2 g. Valor energ\u00e9tico &#8211; 471 kcal. La fecha de fabricaci\u00f3n y la fecha de caducidad se indican en el envase. Condiciones de almacenamiento: conservar a 18\u00b13\u00baC y humedad relativa m\u00e1xima del 75%. No GMO. Conservar en lugar fresco y seco. Producto certificado.<\/p>\n<p>Volumen de la caja: 0,009 M3<\/p>\n<p>Peso bruto de la caja: 3,5 kg <\/p>\n<p>Caducidad: 18 meses<\/p>\n","protected":false},"excerpt":{"rendered":"<p>Barrita de turr\u00f3n de chocolate con glaseado de confiter\u00eda 20 gr<\/p>\n<p>24 piezas en un bloque. 6 bloques en una caja.<\/p>\n","protected":false},"featured_media":5113,"comment_status":"open","ping_status":"closed","template":"","meta":{"_acf_changed":false},"brand":[274],"product_cat":[318],"product_tag":[851],"class_list":{"0":"post-5786","1":"product","2":"type-product","3":"status-publish","4":"has-post-thumbnail","6":"brand-altyn-yunus-es","7":"product_cat-chocolate","8":"product_tag-front-product-es","10":"first","11":"instock","12":"shipping-taxable","13":"purchasable","14":"product-type-simple"},"acf":[],"_links":{"self":[{"href":"https:\/\/turkmenexporter.com\/es\/wp-json\/wp\/v2\/product\/5786","targetHints":{"allow":["GET"]}}],"collection":[{"href":"https:\/\/turkmenexporter.com\/es\/wp-json\/wp\/v2\/product"}],"about":[{"href":"https:\/\/turkmenexporter.com\/es\/wp-json\/wp\/v2\/types\/product"}],"replies":[{"embeddable":true,"href":"https:\/\/turkmenexporter.com\/es\/wp-json\/wp\/v2\/comments?post=5786"}],"version-history":[{"count":1,"href":"https:\/\/turkmenexporter.com\/es\/wp-json\/wp\/v2\/product\/5786\/revisions"}],"predecessor-version":[{"id":10490,"href":"https:\/\/turkmenexporter.com\/es\/wp-json\/wp\/v2\/product\/5786\/revisions\/10490"}],"wp:featuredmedia":[{"embeddable":true,"href":"https:\/\/turkmenexporter.com\/es\/wp-json\/wp\/v2\/media\/5113"}],"wp:attachment":[{"href":"https:\/\/turkmenexporter.com\/es\/wp-json\/wp\/v2\/media?parent=5786"}],"wp:term":[{"taxonomy":"brand","embeddable":true,"href":"https:\/\/turkmenexporter.com\/es\/wp-json\/wp\/v2\/brand?post=5786"},{"taxonomy":"product_cat","embeddable":true,"href":"https:\/\/turkmenexporter.com\/es\/wp-json\/wp\/v2\/product_cat?post=5786"},{"taxonomy":"product_tag","embeddable":true,"href":"https:\/\/turkmenexporter.com\/es\/wp-json\/wp\/v2\/product_tag?post=5786"}],"curies":[{"name":"wp","href":"https:\/\/api.w.org\/{rel}","templated":true}]}}